{"id":1436,"date":"2013-11-07T19:48:33","date_gmt":"2013-11-07T19:48:33","guid":{"rendered":"https:\/\/www.sportium.com.mx\/blog\/?page_id=1436"},"modified":"2023-03-24T13:43:54","modified_gmt":"2023-03-24T19:43:54","slug":"promociones-sportium","status":"publish","type":"page","link":"https:\/\/www.sportium.com.mx\/blog\/promociones-sportium\/","title":{"rendered":"Promociones"},"content":{"rendered":"\n<figure class=\"wp-block-gallery columns-0 is-cropped wp-block-gallery-1 is-layout-flex wp-block-gallery-is-layout-flex\"><ul class=\"blocks-gallery-grid\"><\/ul><\/figure>\n\n\n\n<p>En Sportium tenemos las mejores promociones. Ahorra y aprovecha las grandes promociones de Sportium para tu entrenamiento deportivo. Con Sportium obt\u00e9n los mejores descuentos en tu inscripci\u00f3n, anualidad y membres\u00edas. Conoce las diferentes promociones que el Club Deportivo de m\u00e1s alta calidad tiene para ti, ac\u00e9rcate y conoce todos los detalles. Inicia una vida m\u00e1s saludable, mejora tu rendimiento y cuida tu econom\u00eda con las diferentes promociones que Sportium tiene en el pago de inscripciones individuales, en pareja o familiares. Sportium cuenta con todo lo que necesitas, conoce nuestros planes de entrenamiento personalizado, participa en nuestras clases deportivas y consigue el cuerpo que siempre has so\u00f1ado.<\/p>\n\n\n<div class='_form_19'><\/div><script type='text\/javascript' src='https:\/\/sportium.activehosted.com\/f\/embed.php?static=0&id=19&69D0C47557969&nostyles=0&preview=0'><\/script>\n","protected":false},"excerpt":{"rendered":"<p>En Sportium tenemos las mejores promociones. Ahorra y aprovecha las grandes promociones de Sportium para tu entrenamiento deportivo. Con Sportium obt\u00e9n los mejores descuentos en tu inscripci\u00f3n, anualidad y membres\u00edas. Conoce las diferentes promociones que el Club Deportivo de m\u00e1s alta calidad tiene para ti, ac\u00e9rcate y conoce todos los detalles. Inicia una vida m\u00e1s<a class=\"moretag\" href=\"https:\/\/www.sportium.com.mx\/blog\/promociones-sportium\/\"><span class=\"screen-reader-text\">Leer m\u00e1s sobre Promociones<\/span>[&#8230;]<\/a><\/p>\n","protected":false},"author":11,"featured_media":0,"parent":0,"menu_order":0,"comment_status":"open","ping_status":"open","template":"","meta":{"om_disable_all_campaigns":false,"_monsterinsights_skip_tracking":false,"_monsterinsights_sitenote_active":false,"_monsterinsights_sitenote_note":"","_monsterinsights_sitenote_category":0,"jetpack_post_was_ever_published":false,"footnotes":""},"aioseo_notices":[],"jetpack_sharing_enabled":true,"jetpack_shortlink":"https:\/\/wp.me\/P44S03-na","jetpack-related-posts":[],"_links":{"self":[{"href":"https:\/\/www.sportium.com.mx\/blog\/wp-json\/wp\/v2\/pages\/1436"}],"collection":[{"href":"https:\/\/www.sportium.com.mx\/blog\/wp-json\/wp\/v2\/pages"}],"about":[{"href":"https:\/\/www.sportium.com.mx\/blog\/wp-json\/wp\/v2\/types\/page"}],"author":[{"embeddable":true,"href":"https:\/\/www.sportium.com.mx\/blog\/wp-json\/wp\/v2\/users\/11"}],"replies":[{"embeddable":true,"href":"https:\/\/www.sportium.com.mx\/blog\/wp-json\/wp\/v2\/comments?post=1436"}],"version-history":[{"count":9,"href":"https:\/\/www.sportium.com.mx\/blog\/wp-json\/wp\/v2\/pages\/1436\/revisions"}],"predecessor-version":[{"id":22122,"href":"https:\/\/www.sportium.com.mx\/blog\/wp-json\/wp\/v2\/pages\/1436\/revisions\/22122"}],"wp:attachment":[{"href":"https:\/\/www.sportium.com.mx\/blog\/wp-json\/wp\/v2\/media?parent=1436"}],"curies":[{"name":"wp","href":"https:\/\/api.w.org\/{rel}","templated":true}]}}