{"id":16484,"date":"2022-03-03T19:43:12","date_gmt":"2022-03-04T01:43:12","guid":{"rendered":"https:\/\/www.sportium.com.mx\/blog\/?page_id=16484"},"modified":"2022-03-07T18:12:17","modified_gmt":"2022-03-08T00:12:17","slug":"club-lindavista-sportium","status":"publish","type":"page","link":"https:\/\/www.sportium.com.mx\/blog\/club-lindavista-sportium\/","title":{"rendered":"Sportium Lindavista"},"content":{"rendered":"\n<p>Contamos con las mejores ubicaciones en la Ciudad de M\u00e9xico, <strong><span class=\"has-inline-color has-luminous-vivid-orange-color\">Sportium<\/span><\/strong> cuenta con once sucursales cerca de ti. No dejes pasar m\u00e1s tiempo y conoce tu club m\u00e1s cercano. Ubicado en la zona norte de la ciudad, nuestro club deportivo Lindavista, es la sucursal m\u00e1s nueva y reciente de la cadena, cuenta con las mejores instalaciones, equipamiento, clases y entrenadores en M\u00e9xico.<\/p>\n\n\n\n<p>Comienza hoy con tu programa de entrenamiento y logra el cuerpo que siempre has so\u00f1ado. Nuestro club deportivo Sportium Lindavista cuenta con alberca, regadera, equipamiento especializado y el mejor ambiente para que inicies tu rutina de entrenamientos. Conoce los horarios, clases y eventos que el club Lindavista tiene para ti.<\/p>\n\n\n\n<p>\u00a1No dejes pasar m\u00e1s tiempo, inscr\u00edbete HOY en <strong><span class=\"has-inline-color has-luminous-vivid-orange-color\">Sportium Lindavista<\/span><\/strong>!<\/p>\n\n\n<hr \/>\n<p><a href=\"https:\/\/i0.wp.com\/www.sportium.com.mx\/blog\/wp-content\/uploads\/LINDAVISTA-1-scaled.jpg?ssl=1\"><img data-recalc-dims=\"1\" loading=\"lazy\" decoding=\"async\" class=\"alignnone size-full wp-image-16532 aligncenter\" src=\"https:\/\/i0.wp.com\/www.sportium.com.mx\/blog\/wp-content\/uploads\/LINDAVISTA-1-scaled.jpg?resize=327%2C2560&#038;ssl=1\" alt=\"\" width=\"327\" height=\"2560\" \/><\/a><\/p>\n\n<div class='_form_19'><\/div><script type='text\/javascript' src='https:\/\/sportium.activehosted.com\/f\/embed.php?static=0&id=19&69EEF9E61869A&nostyles=0&preview=0'><\/script>\n","protected":false},"excerpt":{"rendered":"<p>Contamos con las mejores ubicaciones en la Ciudad de M\u00e9xico, Sportium cuenta con once sucursales cerca de ti. No dejes pasar m\u00e1s tiempo y conoce tu club m\u00e1s cercano. Ubicado en la zona norte de la ciudad, nuestro club deportivo Lindavista, es la sucursal m\u00e1s nueva y reciente de la cadena, cuenta con las mejores<a class=\"moretag\" href=\"https:\/\/www.sportium.com.mx\/blog\/club-lindavista-sportium\/\"><span class=\"screen-reader-text\">Leer m\u00e1s sobre Sportium Lindavista<\/span>[&#8230;]<\/a><\/p>\n","protected":false},"author":14,"featured_media":0,"parent":0,"menu_order":0,"comment_status":"closed","ping_status":"closed","template":"","meta":{"om_disable_all_campaigns":false,"_monsterinsights_skip_tracking":false,"_monsterinsights_sitenote_active":false,"_monsterinsights_sitenote_note":"","_monsterinsights_sitenote_category":0,"jetpack_post_was_ever_published":false,"footnotes":""},"aioseo_notices":[],"jetpack_sharing_enabled":true,"jetpack_shortlink":"https:\/\/wp.me\/P44S03-4hS","jetpack-related-posts":[],"_links":{"self":[{"href":"https:\/\/www.sportium.com.mx\/blog\/wp-json\/wp\/v2\/pages\/16484"}],"collection":[{"href":"https:\/\/www.sportium.com.mx\/blog\/wp-json\/wp\/v2\/pages"}],"about":[{"href":"https:\/\/www.sportium.com.mx\/blog\/wp-json\/wp\/v2\/types\/page"}],"author":[{"embeddable":true,"href":"https:\/\/www.sportium.com.mx\/blog\/wp-json\/wp\/v2\/users\/14"}],"replies":[{"embeddable":true,"href":"https:\/\/www.sportium.com.mx\/blog\/wp-json\/wp\/v2\/comments?post=16484"}],"version-history":[{"count":6,"href":"https:\/\/www.sportium.com.mx\/blog\/wp-json\/wp\/v2\/pages\/16484\/revisions"}],"predecessor-version":[{"id":23883,"href":"https:\/\/www.sportium.com.mx\/blog\/wp-json\/wp\/v2\/pages\/16484\/revisions\/23883"}],"wp:attachment":[{"href":"https:\/\/www.sportium.com.mx\/blog\/wp-json\/wp\/v2\/media?parent=16484"}],"curies":[{"name":"wp","href":"https:\/\/api.w.org\/{rel}","templated":true}]}}