{"id":1888,"date":"2017-03-21T18:32:40","date_gmt":"2017-03-21T18:32:40","guid":{"rendered":"https:\/\/www.sportium.com.mx\/blog\/?page_id=1888"},"modified":"2017-05-09T14:05:37","modified_gmt":"2017-05-09T14:05:37","slug":"eventos-sportium","status":"publish","type":"page","link":"https:\/\/www.sportium.com.mx\/blog\/eventos-sportium\/","title":{"rendered":"Eventos"},"content":{"rendered":"<p>Conoce los mejores eventos deportivos de tu Club Deportivo Sportium. Ent\u00e9rate de toda la informaci\u00f3n sobre los eventos en Sportium a trav\u00e9s del calendario de actividades y eventos pr\u00f3ximos a realizarse dentro de las instalaciones del gimnasio y al aire libre. El Calendario cuenta con toda la informaci\u00f3n necesaria para usuarios: cursos, talleres, clases exclusivas, competencias y mucho m\u00e1s. Sportium te ofrece una gran cantidad de eventos deportivos durante el a\u00f1o, conoce toda la informaci\u00f3n que necesitas sobre los horarios, entrenadores, fechas de inscripci\u00f3n y eventos exclusivos que se realizan dentro del Club. Para m\u00e1s informaci\u00f3n no olvides comunicarte con la organizaci\u00f3n deportiva de tu unidad. Acceso exclusivo a usuarios.<\/p>\n<p>&nbsp;<\/p>\n","protected":false},"excerpt":{"rendered":"<p>Conoce los mejores eventos deportivos de tu Club Deportivo Sportium. Ent\u00e9rate de toda la informaci\u00f3n sobre los eventos en Sportium a trav\u00e9s del calendario de actividades y eventos pr\u00f3ximos a realizarse dentro de las instalaciones del gimnasio y al aire libre. El Calendario cuenta con toda la informaci\u00f3n necesaria para usuarios: cursos, talleres, clases exclusivas,<a class=\"moretag\" href=\"https:\/\/www.sportium.com.mx\/blog\/eventos-sportium\/\"><span class=\"screen-reader-text\">Leer m\u00e1s sobre Eventos<\/span>[&#8230;]<\/a><\/p>\n","protected":false},"author":11,"featured_media":0,"parent":0,"menu_order":0,"comment_status":"closed","ping_status":"closed","template":"","meta":{"om_disable_all_campaigns":false,"_monsterinsights_skip_tracking":false,"_monsterinsights_sitenote_active":false,"_monsterinsights_sitenote_note":"","_monsterinsights_sitenote_category":0,"jetpack_post_was_ever_published":false,"footnotes":""},"aioseo_notices":[],"jetpack_sharing_enabled":true,"jetpack_shortlink":"https:\/\/wp.me\/P44S03-us","jetpack-related-posts":[],"_links":{"self":[{"href":"https:\/\/www.sportium.com.mx\/blog\/wp-json\/wp\/v2\/pages\/1888"}],"collection":[{"href":"https:\/\/www.sportium.com.mx\/blog\/wp-json\/wp\/v2\/pages"}],"about":[{"href":"https:\/\/www.sportium.com.mx\/blog\/wp-json\/wp\/v2\/types\/page"}],"author":[{"embeddable":true,"href":"https:\/\/www.sportium.com.mx\/blog\/wp-json\/wp\/v2\/users\/11"}],"replies":[{"embeddable":true,"href":"https:\/\/www.sportium.com.mx\/blog\/wp-json\/wp\/v2\/comments?post=1888"}],"version-history":[{"count":5,"href":"https:\/\/www.sportium.com.mx\/blog\/wp-json\/wp\/v2\/pages\/1888\/revisions"}],"predecessor-version":[{"id":2574,"href":"https:\/\/www.sportium.com.mx\/blog\/wp-json\/wp\/v2\/pages\/1888\/revisions\/2574"}],"wp:attachment":[{"href":"https:\/\/www.sportium.com.mx\/blog\/wp-json\/wp\/v2\/media?parent=1888"}],"curies":[{"name":"wp","href":"https:\/\/api.w.org\/{rel}","templated":true}]}}