{"id":1906,"date":"2017-03-22T00:24:16","date_gmt":"2017-03-22T00:24:16","guid":{"rendered":"https:\/\/www.sportium.com.mx\/blog\/?page_id=1906"},"modified":"2025-01-02T14:36:38","modified_gmt":"2025-01-02T20:36:38","slug":"action-kids-sportium","status":"publish","type":"page","link":"https:\/\/www.sportium.com.mx\/blog\/action-kids-sportium\/","title":{"rendered":"Action Kids"},"content":{"rendered":"<p><a href=\"https:\/\/sportium.com.mx\/servicios\/actionkids\"><strong><span style=\"color: #ff6600;\">Action Kids<\/span><\/strong><\/a> <span style=\"color: #000000;\">es un espacio que favorece el desarrollo integral de los m\u00e1s peque\u00f1os, contamos con un espacio para <\/span><span style=\"color: #000000;\">ni\u00f1os de<\/span><span style=\"color: #ff6600;\"><strong> 4 a 13 a\u00f1os<\/strong><\/span>, <span style=\"color: #000000;\">pueden hacer uso de las instalaciones y tienen acceso a las diferentes clases que impartimos como:<\/span><\/p>\n<ul>\n<li><span style=\"color: #000000;\">Squash<\/span><\/li>\n<li><span style=\"color: #000000;\">Parkour<\/span><\/li>\n<li><span style=\"color: #000000;\">Taekwondo<\/span><\/li>\n<li><span style=\"color: #000000;\">Danza a\u00e9rea<\/span><\/li>\n<li><span style=\"color: #000000;\">F\u00fatbol<\/span><\/li>\n<li><span style=\"color: #000000;\">Taller de arte y manualidades<\/span><\/li>\n<\/ul>\n<p><span style=\"color: #000000;\">\u00a1Y mucho m\u00e1s!<\/span><\/p>\n<h4><span style=\"color: #000000;\"><strong>HORARIOS<\/strong><\/span><\/h4>\n<p><span style=\"color: #000000;\">Los nuevos horarios de Action Kids son:<\/span><\/p>\n<p><span style=\"color: #000000;\"><strong>Lunes a viernes: 16:00 h a 20:00 h<\/strong><\/span><\/p>\n<p><span style=\"color: #000000;\"><strong>S\u00e1bados y d\u00edas festivos: 10:00 a 14:00 h<\/strong><\/span><\/p>\n<p><span style=\"color: #000000;\"><strong>Domingo: Cerrado<\/strong><\/span><\/p>\n<p><span style=\"color: #000000;\">El objetivo de <strong>Action Kids<\/strong> es mejorar el desempe\u00f1o f\u00edsico y mental de los ni\u00f1os con actividades que involucran su atenci\u00f3n, concentraci\u00f3n y memoria. Las actividades de <strong>Action Kids<\/strong> son dirigidas por un asesor profesional que ayudar\u00e1 a fomentar el deporte y los valores de los peque\u00f1os.<\/span><\/p>\n<p><span style=\"color: #000000;\"><strong>Action Kids<\/strong> trabaja con una gran variedad de din\u00e1micas divididas en 4 \u00e1reas de desarrollo:<\/span> <span style=\"color: #ff6600;\"><strong>Psicomotriz<\/strong><\/span>, <span style=\"color: #ff6600;\"><strong>Cognitivo<\/strong><\/span>, <span style=\"color: #ff6600;\"><strong style=\"color: #ff6600;\">Art\u00edstico<\/strong>, <\/span><span style=\"color: #ff6600;\"><strong>Creativo y Social.<\/strong><\/span> <span style=\"color: #000000;\">Incluyendo servicio de tareas.<\/span><\/p>\n<p><span style=\"color: #000000;\"><strong>Action Kids<\/strong> tiene varias actividades, cursos y programas que no solo benefician a los ni\u00f1os, sino tambi\u00e9n a los padres, adem\u00e1s tenemos eventos especiales donde podr\u00e1n divertirse y pasar horas de sana convivencia, como:<\/span><\/p>\n<ul>\n<li><span style=\"color: #ff6600;\"><strong>Divertiviernes;<\/strong><\/span> <span style=\"color: #000000;\">cada \u00faltimo viernes del mes se tiene una agenda completa para que desde las<strong> 10:00 am<\/strong> hasta las <strong>2:00 pm<\/strong>, se pueda traer a los ni\u00f1os mientras los adultos siguen con su d\u00eda normal.<\/span><\/li>\n<li><span style=\"color: #ff6600;\"><strong>Kids Camp;<\/strong><\/span> <span style=\"color: #000000;\">nuestro curso de verano que se realiza en las vacaciones de julio y agosto, en los cuales tambi\u00e9n incluimos salidas a parques tem\u00e1ticos.<\/span><\/li>\n<li><span style=\"color: #ff6600;\"><strong>Swimming Academy;<\/strong><\/span> <span style=\"color: #000000;\">nuestro programa de nataci\u00f3n en donde los peques pueden aprender y\/o mejorar sus t\u00e9cnicas de nado, adem\u00e1s de realizar evaluaciones y poder participar en competencias.<\/span><\/li>\n<li><strong><span style=\"color: #ff6600;\">D\u00edas festivos;<\/span> <\/strong><span style=\"color: #000000;\">como d\u00eda del ni\u00f1o, superclases, convivencias, celebraciones navide\u00f1as, concursos de disfraces, entre otros.<\/span><\/li>\n<\/ul>\n<p><span style=\"color: #000000;\"><strong>*Los menores de edad deben ser acompa\u00f1ados del padre o tutor en todo momento*.<\/strong><\/span><\/p>\n<hr \/>\n<hr \/>\n<p style=\"text-align: center;\"><div class='_form_19'><\/div><script type='text\/javascript' src='https:\/\/sportium.activehosted.com\/f\/embed.php?static=0&id=19&69E2514AAE4C3&nostyles=0&preview=0'><\/script><\/p>\n","protected":false},"excerpt":{"rendered":"<p>Action Kids es un espacio que favorece el desarrollo integral de los m\u00e1s peque\u00f1os, contamos con un espacio para ni\u00f1os de 4 a 13 a\u00f1os, pueden hacer uso de las instalaciones y tienen acceso a las diferentes clases que impartimos como: Squash Parkour Taekwondo Danza a\u00e9rea F\u00fatbol Taller de arte y manualidades \u00a1Y mucho m\u00e1s!<a class=\"moretag\" href=\"https:\/\/www.sportium.com.mx\/blog\/action-kids-sportium\/\"><span class=\"screen-reader-text\">Leer m\u00e1s sobre Action Kids<\/span>[&#8230;]<\/a><\/p>\n","protected":false},"author":11,"featured_media":0,"parent":0,"menu_order":0,"comment_status":"closed","ping_status":"closed","template":"","meta":{"om_disable_all_campaigns":false,"_monsterinsights_skip_tracking":false,"_monsterinsights_sitenote_active":false,"_monsterinsights_sitenote_note":"","_monsterinsights_sitenote_category":0,"jetpack_post_was_ever_published":false,"footnotes":""},"aioseo_notices":[],"jetpack_sharing_enabled":true,"jetpack_shortlink":"https:\/\/wp.me\/P44S03-uK","jetpack-related-posts":[],"_links":{"self":[{"href":"https:\/\/www.sportium.com.mx\/blog\/wp-json\/wp\/v2\/pages\/1906"}],"collection":[{"href":"https:\/\/www.sportium.com.mx\/blog\/wp-json\/wp\/v2\/pages"}],"about":[{"href":"https:\/\/www.sportium.com.mx\/blog\/wp-json\/wp\/v2\/types\/page"}],"author":[{"embeddable":true,"href":"https:\/\/www.sportium.com.mx\/blog\/wp-json\/wp\/v2\/users\/11"}],"replies":[{"embeddable":true,"href":"https:\/\/www.sportium.com.mx\/blog\/wp-json\/wp\/v2\/comments?post=1906"}],"version-history":[{"count":17,"href":"https:\/\/www.sportium.com.mx\/blog\/wp-json\/wp\/v2\/pages\/1906\/revisions"}],"predecessor-version":[{"id":28530,"href":"https:\/\/www.sportium.com.mx\/blog\/wp-json\/wp\/v2\/pages\/1906\/revisions\/28530"}],"wp:attachment":[{"href":"https:\/\/www.sportium.com.mx\/blog\/wp-json\/wp\/v2\/media?parent=1906"}],"curies":[{"name":"wp","href":"https:\/\/api.w.org\/{rel}","templated":true}]}}