{"id":1938,"date":"2017-03-24T16:50:15","date_gmt":"2017-03-24T16:50:15","guid":{"rendered":"https:\/\/www.sportium.com.mx\/blog\/?page_id=1938"},"modified":"2017-04-02T04:54:11","modified_gmt":"2017-04-02T04:54:11","slug":"entre-mas-mejor","status":"publish","type":"page","link":"https:\/\/www.sportium.com.mx\/blog\/entre-mas-mejor\/","title":{"rendered":"Suma Y Gana"},"content":{"rendered":"<p>\u00a1Suma y Gana con Sportium!<\/p>\n<p>Cada persona que agregues a tu inscripci\u00f3n, te regala 20% de descuento en tu mensualidad hasta por un a\u00f1o.*<\/p>\n<p>Revisa aqu\u00ed los t\u00e9rminos y condiciones de la promoci\u00f3n:<\/p>\n<p>Deber\u00e1s realizar el registro de todas las personas agregadas a tu inscripci\u00f3n, incluyendo a tus agregados vigentes. Si requieres dar de baja a alguno(s) de los integrantes, se perder\u00e1 el beneficio del descuento otorgado por esa persona sin posibilidad de recuperar el descuento por el alta posterior de un nuevo integrante.<br \/>\n\u2022 Descuento aplicable solo en forma de pago direccionado<br \/>\n\u2022 Descuento aplicable solo en el mantenimiento correspondiente al titular de la inscripci\u00f3n<br \/>\n\u2022 Se mantendr\u00e1 el descuento durante los meses que la inscripci\u00f3n conserve el mismo n\u00famero de integrantes activos y al corriente al momento de obtener la promoci\u00f3n<br \/>\n\u2022 Descuento aplicable hasta por 12 meses, fecha fin del beneficio adquirido a trav\u00e9s de esta promoci\u00f3n 31 de Marzo 2018.<br \/>\n\u2022 Los integrantes que se agreguen no podr\u00e1n provenir de otra inscripci\u00f3n activa.<br \/>\n\u2022 Los integrantes que se agreguen a la inscripci\u00f3n no deber\u00e1n haber estado registrados en Sportium al menos en los \u00faltimos 2 meses.<br \/>\n\u2022 M\u00e1ximo 5 integrantes por inscripci\u00f3n teniendo como l\u00edmite el 100% de descuento sobre la cuota correspondiente al titular de una inscripci\u00f3n.<br \/>\n\u2022 No acumulable con otras promociones<br \/>\n\u2022 Fecha fin del beneficio 31 de Marzo 2018.<\/p>\n<p>Si eres usuario con modo de pago anual, ac\u00e9rcate a recepci\u00f3n de tu club para conocer las promociones especiales que tenemos para ti<\/p>\n","protected":false},"excerpt":{"rendered":"<p>\u00a1Suma y Gana con Sportium! Cada persona que agregues a tu inscripci\u00f3n, te regala 20% de descuento en tu mensualidad hasta por un a\u00f1o.* Revisa aqu\u00ed los t\u00e9rminos y condiciones de la promoci\u00f3n: Deber\u00e1s realizar el registro de todas las personas agregadas a tu inscripci\u00f3n, incluyendo a tus agregados vigentes. Si requieres dar de baja<a class=\"moretag\" href=\"https:\/\/www.sportium.com.mx\/blog\/entre-mas-mejor\/\"><span class=\"screen-reader-text\">Leer m\u00e1s sobre Suma Y Gana<\/span>[&#8230;]<\/a><\/p>\n","protected":false},"author":11,"featured_media":0,"parent":0,"menu_order":0,"comment_status":"closed","ping_status":"closed","template":"","meta":{"om_disable_all_campaigns":false,"_monsterinsights_skip_tracking":false,"_monsterinsights_sitenote_active":false,"_monsterinsights_sitenote_note":"","_monsterinsights_sitenote_category":0,"jetpack_post_was_ever_published":false,"footnotes":""},"aioseo_notices":[],"jetpack_sharing_enabled":true,"jetpack_shortlink":"https:\/\/wp.me\/P44S03-vg","jetpack-related-posts":[],"_links":{"self":[{"href":"https:\/\/www.sportium.com.mx\/blog\/wp-json\/wp\/v2\/pages\/1938"}],"collection":[{"href":"https:\/\/www.sportium.com.mx\/blog\/wp-json\/wp\/v2\/pages"}],"about":[{"href":"https:\/\/www.sportium.com.mx\/blog\/wp-json\/wp\/v2\/types\/page"}],"author":[{"embeddable":true,"href":"https:\/\/www.sportium.com.mx\/blog\/wp-json\/wp\/v2\/users\/11"}],"replies":[{"embeddable":true,"href":"https:\/\/www.sportium.com.mx\/blog\/wp-json\/wp\/v2\/comments?post=1938"}],"version-history":[{"count":6,"href":"https:\/\/www.sportium.com.mx\/blog\/wp-json\/wp\/v2\/pages\/1938\/revisions"}],"predecessor-version":[{"id":2184,"href":"https:\/\/www.sportium.com.mx\/blog\/wp-json\/wp\/v2\/pages\/1938\/revisions\/2184"}],"wp:attachment":[{"href":"https:\/\/www.sportium.com.mx\/blog\/wp-json\/wp\/v2\/media?parent=1938"}],"curies":[{"name":"wp","href":"https:\/\/api.w.org\/{rel}","templated":true}]}}