{"id":1949,"date":"2017-03-24T16:57:36","date_gmt":"2017-03-24T16:57:36","guid":{"rendered":"https:\/\/www.sportium.com.mx\/blog\/?page_id=1949"},"modified":"2017-04-02T05:10:28","modified_gmt":"2017-04-02T05:10:28","slug":"super-semana-santa-fiesta-acuatica","status":"publish","type":"page","link":"https:\/\/www.sportium.com.mx\/blog\/eventos-sportium\/super-semana-santa-fiesta-acuatica\/","title":{"rendered":"Super Semana Santa: Fiesta Acu\u00e1tica"},"content":{"rendered":"<p><strong>Del 10 \u2013 21 de abril\u00a0<\/strong><\/p>\n<p>Aqua\u00a0Party :<\/p>\n<p>Una semana viviendo bajo el agua, sol, fiesta de espuma y mucho m\u00e1s.<\/p>\n<p>Pool Party :<\/p>\n<p>El 14 de abril habr\u00e1 juegos bajo el agua, acrobacias y premios.<\/p>\n<p>Circus Acrob\u00e1tico :<\/p>\n<p>Una semana de vivir intensas actividades en las alturas; muro, parkour y alberca extrema.<\/p>\n<p>Horario regular: 9:00 \u2013 14:00<\/p>\n<p>Horario extendido: 9:00 \u2013 17:00<\/p>\n<p>Invitados: ni\u00f1os y ni\u00f1as de 4 a 14 a\u00f1os.<\/p>\n<p>Costo por semana horario regular: $800MX<\/p>\n<p>Costo por semana horario extendido: $1,000MX<\/p>\n<p>Costo por curso completo (dos semanas): $1,500<\/p>\n<p>Vestimenta: pants o ropa deportiva para los lunes, mi\u00e9rcoles y viernes: traje de ba\u00f1o de una sola pieza, gorra y goggles.<\/p>\n<p>Lunch: Cada participantes deber\u00e1 traer suficiente lunch y bebidas.<\/p>\n<p>Recuerda: Todas las pertenencias tendr\u00e1n que venir marcadas con el nombre.<\/p>\n<p>Se vienen a divertir, no hace falta traer celulares, tablets, juegos electr\u00f3nicos. Recomendamos que se queden en casa.<\/p>\n<p>Informes e inscripciones en: \u00a0Action Kids<\/p>\n","protected":false},"excerpt":{"rendered":"<p>Del 10 \u2013 21 de abril\u00a0 Aqua\u00a0Party : Una semana viviendo bajo el agua, sol, fiesta de espuma y mucho m\u00e1s. Pool Party : El 14 de abril habr\u00e1 juegos bajo el agua, acrobacias y premios. Circus Acrob\u00e1tico : Una semana de vivir intensas actividades en las alturas; muro, parkour y alberca extrema. Horario regular:<a class=\"moretag\" href=\"https:\/\/www.sportium.com.mx\/blog\/eventos-sportium\/super-semana-santa-fiesta-acuatica\/\"><span class=\"screen-reader-text\">Leer m\u00e1s sobre Super Semana Santa: Fiesta Acu\u00e1tica<\/span>[&#8230;]<\/a><\/p>\n","protected":false},"author":11,"featured_media":0,"parent":1888,"menu_order":0,"comment_status":"closed","ping_status":"closed","template":"","meta":{"om_disable_all_campaigns":false,"_monsterinsights_skip_tracking":false,"_monsterinsights_sitenote_active":false,"_monsterinsights_sitenote_note":"","_monsterinsights_sitenote_category":0,"jetpack_post_was_ever_published":false,"footnotes":""},"aioseo_notices":[],"jetpack_sharing_enabled":true,"jetpack_shortlink":"https:\/\/wp.me\/P44S03-vr","jetpack-related-posts":[],"_links":{"self":[{"href":"https:\/\/www.sportium.com.mx\/blog\/wp-json\/wp\/v2\/pages\/1949"}],"collection":[{"href":"https:\/\/www.sportium.com.mx\/blog\/wp-json\/wp\/v2\/pages"}],"about":[{"href":"https:\/\/www.sportium.com.mx\/blog\/wp-json\/wp\/v2\/types\/page"}],"author":[{"embeddable":true,"href":"https:\/\/www.sportium.com.mx\/blog\/wp-json\/wp\/v2\/users\/11"}],"replies":[{"embeddable":true,"href":"https:\/\/www.sportium.com.mx\/blog\/wp-json\/wp\/v2\/comments?post=1949"}],"version-history":[{"count":4,"href":"https:\/\/www.sportium.com.mx\/blog\/wp-json\/wp\/v2\/pages\/1949\/revisions"}],"predecessor-version":[{"id":2186,"href":"https:\/\/www.sportium.com.mx\/blog\/wp-json\/wp\/v2\/pages\/1949\/revisions\/2186"}],"up":[{"embeddable":true,"href":"https:\/\/www.sportium.com.mx\/blog\/wp-json\/wp\/v2\/pages\/1888"}],"wp:attachment":[{"href":"https:\/\/www.sportium.com.mx\/blog\/wp-json\/wp\/v2\/media?parent=1949"}],"curies":[{"name":"wp","href":"https:\/\/api.w.org\/{rel}","templated":true}]}}