{"id":1954,"date":"2017-03-24T17:01:47","date_gmt":"2017-03-24T17:01:47","guid":{"rendered":"https:\/\/www.sportium.com.mx\/blog\/?page_id=1954"},"modified":"2022-03-24T14:25:45","modified_gmt":"2022-03-24T20:25:45","slug":"divierti-viernes-sportium","status":"publish","type":"page","link":"https:\/\/www.sportium.com.mx\/blog\/action-kids-sportium\/divierti-viernes-sportium\/","title":{"rendered":"Divertiviernes"},"content":{"rendered":"<p>\u00a1El \u00faltimo viernes del mes est\u00e1 lleno de diversi\u00f3n! &nbsp;Trae a tus hijos al <span style=\"color: #ff6600;\"><strong>Divertiviernes<\/strong><\/span>&nbsp;de <strong>Sportium<\/strong> en donde, adem\u00e1s de la tranquilidad de saber que est\u00e1n con el personal mejor calificado, realizar\u00e1n actividades recreativas, deportivas, conocer\u00e1n nuevos amigos \u00a1y pasar\u00e1n un d\u00eda lleno de diversi\u00f3n!<\/p>\n<p><strong>*Excepto los meses de junio y julio, ya que Divertiviernes estar\u00e1 de vacaciones, pero nos veremos en agosto, justo cuando los ni\u00f1os regresen al ciclo escolar.*<\/strong><\/p>\n<p>Mientras tanto puedes llevar a tus hijos al <a href=\"https:\/\/www.sportium.com.mx\/blog\/kids-camp-sportium\/\">Kid&#8217;s Camp<\/a>, nuestro curso vacacional, donde pasar\u00e1n un verano lleno de diversi\u00f3n, convivencia y mucho deporte, con las diferentes actividades que tenemos preparados para ellos.<\/p>\n<hr>\n<p><a href=\"https:\/\/i0.wp.com\/www.sportium.com.mx\/blog\/wp-content\/uploads\/IMAGENES-PARA-BLOG1.jpg?ssl=1\"><img data-recalc-dims=\"1\" loading=\"lazy\" decoding=\"async\" class=\"alignnone size-full wp-image-16814\" src=\"https:\/\/i0.wp.com\/www.sportium.com.mx\/blog\/wp-content\/uploads\/IMAGENES-PARA-BLOG1.jpg?resize=730%2C410&#038;ssl=1\" alt=\"\" width=\"730\" height=\"410\" srcset=\"https:\/\/i0.wp.com\/www.sportium.com.mx\/blog\/wp-content\/uploads\/IMAGENES-PARA-BLOG1.jpg?w=1025&amp;ssl=1 1025w, https:\/\/i0.wp.com\/www.sportium.com.mx\/blog\/wp-content\/uploads\/IMAGENES-PARA-BLOG1.jpg?resize=300%2C169&amp;ssl=1 300w, https:\/\/i0.wp.com\/www.sportium.com.mx\/blog\/wp-content\/uploads\/IMAGENES-PARA-BLOG1.jpg?resize=768%2C432&amp;ssl=1 768w\" sizes=\"(max-width: 730px) 100vw, 730px\" \/><\/a><\/p>\n","protected":false},"excerpt":{"rendered":"<p>\u00a1El \u00faltimo viernes del mes est\u00e1 lleno de diversi\u00f3n! &nbsp;Trae a tus hijos al Divertiviernes&nbsp;de Sportium en donde, adem\u00e1s de la tranquilidad de saber que est\u00e1n con el personal mejor calificado, realizar\u00e1n actividades recreativas, deportivas, conocer\u00e1n nuevos amigos \u00a1y pasar\u00e1n un d\u00eda lleno de diversi\u00f3n! *Excepto los meses de junio y julio, ya que Divertiviernes<a class=\"moretag\" href=\"https:\/\/www.sportium.com.mx\/blog\/action-kids-sportium\/divierti-viernes-sportium\/\"><span class=\"screen-reader-text\">Leer m\u00e1s sobre Divertiviernes<\/span>[&#8230;]<\/a><\/p>\n","protected":false},"author":11,"featured_media":0,"parent":1906,"menu_order":0,"comment_status":"closed","ping_status":"closed","template":"","meta":{"om_disable_all_campaigns":false,"_monsterinsights_skip_tracking":false,"_monsterinsights_sitenote_active":false,"_monsterinsights_sitenote_note":"","_monsterinsights_sitenote_category":0,"jetpack_post_was_ever_published":false,"footnotes":""},"aioseo_notices":[],"jetpack_sharing_enabled":true,"jetpack_shortlink":"https:\/\/wp.me\/P44S03-vw","jetpack-related-posts":[],"_links":{"self":[{"href":"https:\/\/www.sportium.com.mx\/blog\/wp-json\/wp\/v2\/pages\/1954"}],"collection":[{"href":"https:\/\/www.sportium.com.mx\/blog\/wp-json\/wp\/v2\/pages"}],"about":[{"href":"https:\/\/www.sportium.com.mx\/blog\/wp-json\/wp\/v2\/types\/page"}],"author":[{"embeddable":true,"href":"https:\/\/www.sportium.com.mx\/blog\/wp-json\/wp\/v2\/users\/11"}],"replies":[{"embeddable":true,"href":"https:\/\/www.sportium.com.mx\/blog\/wp-json\/wp\/v2\/comments?post=1954"}],"version-history":[{"count":9,"href":"https:\/\/www.sportium.com.mx\/blog\/wp-json\/wp\/v2\/pages\/1954\/revisions"}],"predecessor-version":[{"id":16816,"href":"https:\/\/www.sportium.com.mx\/blog\/wp-json\/wp\/v2\/pages\/1954\/revisions\/16816"}],"up":[{"embeddable":true,"href":"https:\/\/www.sportium.com.mx\/blog\/wp-json\/wp\/v2\/pages\/1906"}],"wp:attachment":[{"href":"https:\/\/www.sportium.com.mx\/blog\/wp-json\/wp\/v2\/media?parent=1954"}],"curies":[{"name":"wp","href":"https:\/\/api.w.org\/{rel}","templated":true}]}}