{"id":1977,"date":"2024-01-30T18:59:00","date_gmt":"2024-01-31T00:59:00","guid":{"rendered":"https:\/\/www.sportium.com.mx\/blog\/?page_id=1977"},"modified":"2024-10-13T22:01:57","modified_gmt":"2024-10-14T04:01:57","slug":"programa-referidos-sportium","status":"publish","type":"page","link":"https:\/\/www.sportium.com.mx\/blog\/preguntas-frecuentes\/programa-referidos-sportium\/","title":{"rendered":"En Sportium \u00a1compartir bienestar te hace ganar!"},"content":{"rendered":"<h4 style=\"text-align: left;\"><strong>Nuestro Programa de Referidos \u00abSportiuman\u00eda\u00bb <\/strong><strong>es una oportunidad para promover salud, bienestar, deporte y diversi\u00f3n entre tu seres queridos, \u00a1aprovecha todo lo que <span style=\"color: #ff6600;\">Sportium<\/span> tiene para ti!\u00a0<\/strong><\/h4>\n<h1 style=\"text-align: center;\">\u00a1SPORTIUMAN\u00cdA EST\u00c1 DE REGRESO EN TU CLUB SPORTIUM!<\/h1>\n<p><a href=\"https:\/\/i0.wp.com\/www.sportium.com.mx\/blog\/wp-content\/uploads\/entrada_blog_club_deportivo_familiar_sportium5.jpg?ssl=1\"><img data-recalc-dims=\"1\" loading=\"lazy\" decoding=\"async\" class=\"alignnone size-full wp-image-27795\" src=\"https:\/\/i0.wp.com\/www.sportium.com.mx\/blog\/wp-content\/uploads\/entrada_blog_club_deportivo_familiar_sportium5.jpg?resize=730%2C410&#038;ssl=1\" alt=\"\" width=\"730\" height=\"410\" srcset=\"https:\/\/i0.wp.com\/www.sportium.com.mx\/blog\/wp-content\/uploads\/entrada_blog_club_deportivo_familiar_sportium5.jpg?w=1025&amp;ssl=1 1025w, https:\/\/i0.wp.com\/www.sportium.com.mx\/blog\/wp-content\/uploads\/entrada_blog_club_deportivo_familiar_sportium5.jpg?resize=300%2C169&amp;ssl=1 300w, https:\/\/i0.wp.com\/www.sportium.com.mx\/blog\/wp-content\/uploads\/entrada_blog_club_deportivo_familiar_sportium5.jpg?resize=768%2C432&amp;ssl=1 768w\" sizes=\"(max-width: 730px) 100vw, 730px\" \/><\/a><\/p>\n<p style=\"text-align: center;\">En esta edici\u00f3n de Sportiuman\u00eda, \u00a1te regalamos una maleta deportiva! Para que puedas venir a entrenar y guardes todas tus cosas, y empieces un estilo de vida m\u00e1s saludable. <span class=\"fe5nidar khvhiq1o r5qsrrlp i5tg98hk f9ovudaz przvwfww gx1rr48f gfz4du6o r7fjleex nz2484kf svot0ezm dcnh1tix sxl192xd t3g6t33p\"><span class=\"mpj7bzys xzlurrtv\">\ud83d\udcaa\ud83c\udffc<\/span><\/span><\/p>\n<h3 style=\"text-align: center;\">Puedes referir a tantas personas como lo desees a trav\u00e9s de este link:<\/h3>\n<h3 style=\"text-align: center;\"><a href=\"https:\/\/forms.gle\/U8K7xa7pMYq6c7Gm7\">https:\/\/forms.gle\/U8K7xa7pMYq6c7Gm7<\/a><\/h3>\n<h3 style=\"text-align: center;\">O bien, puedes acercarte a Front Desk de tu club Sportium de tu preferencia.<\/h3>\n<p style=\"text-align: center;\">Recuerda que entrenar en compa\u00f1\u00eda es positivo para incrementar la motivaci\u00f3n, adem\u00e1s puedes motivar y contagiar de bienestar a tus seres queridos, adem\u00e1s de ganar.<\/p>\n<h3 style=\"text-align: center;\">\u00a1TE ESPERAMOS!<\/h3>\n<h3 style=\"text-align: center;\">Ahora tus referidos, \u00a1te regalan una maleta!<\/h3>\n<h6 style=\"text-align: center;\"><span style=\"color: #ffffff;\"><a style=\"color: #ffffff;\" href=\"https:\/\/forms.gle\/nLw6ZJEuxNHokBv58\">\u00a1REFIERE A QUIEN T\u00da QUIERAS! HAZ CLICK AQU\u00cd.<\/a><\/span><\/h6>\n<hr \/>\n<p style=\"text-align: left;\"><strong><span style=\"color: #000000;\">*Consulta bases, t\u00e9rminos, condiciones y restricciones directamente en Front Desk del Club Sportium de tu preferencia. Consulta nuestras ubicaciones en:\u00a0<a style=\"color: #000000;\" href=\"https:\/\/www.sportium.com.mx\/clubes\">https:\/\/www.sportium.com.mx\/clubes*<\/a> <\/span><\/strong><\/p>\n","protected":false},"excerpt":{"rendered":"<p>Nuestro Programa de Referidos \u00abSportiuman\u00eda\u00bb es una oportunidad para promover salud, bienestar, deporte y diversi\u00f3n entre tu seres queridos, \u00a1aprovecha todo lo que Sportium tiene para ti!\u00a0 \u00a1SPORTIUMAN\u00cdA EST\u00c1 DE REGRESO EN TU CLUB SPORTIUM! En esta edici\u00f3n de Sportiuman\u00eda, \u00a1te regalamos una maleta deportiva! Para que puedas venir a entrenar y guardes todas tus<a class=\"moretag\" href=\"https:\/\/www.sportium.com.mx\/blog\/preguntas-frecuentes\/programa-referidos-sportium\/\"><span class=\"screen-reader-text\">Leer m\u00e1s sobre En Sportium \u00a1compartir bienestar te hace ganar!<\/span>[&#8230;]<\/a><\/p>\n","protected":false},"author":11,"featured_media":24636,"parent":1892,"menu_order":0,"comment_status":"open","ping_status":"closed","template":"","meta":{"om_disable_all_campaigns":false,"_monsterinsights_skip_tracking":false,"_monsterinsights_sitenote_active":false,"_monsterinsights_sitenote_note":"","_monsterinsights_sitenote_category":0,"jetpack_post_was_ever_published":false,"footnotes":""},"aioseo_notices":[],"jetpack_sharing_enabled":true,"jetpack_shortlink":"https:\/\/wp.me\/P44S03-vT","jetpack-related-posts":[],"_links":{"self":[{"href":"https:\/\/www.sportium.com.mx\/blog\/wp-json\/wp\/v2\/pages\/1977"}],"collection":[{"href":"https:\/\/www.sportium.com.mx\/blog\/wp-json\/wp\/v2\/pages"}],"about":[{"href":"https:\/\/www.sportium.com.mx\/blog\/wp-json\/wp\/v2\/types\/page"}],"author":[{"embeddable":true,"href":"https:\/\/www.sportium.com.mx\/blog\/wp-json\/wp\/v2\/users\/11"}],"replies":[{"embeddable":true,"href":"https:\/\/www.sportium.com.mx\/blog\/wp-json\/wp\/v2\/comments?post=1977"}],"version-history":[{"count":31,"href":"https:\/\/www.sportium.com.mx\/blog\/wp-json\/wp\/v2\/pages\/1977\/revisions"}],"predecessor-version":[{"id":27900,"href":"https:\/\/www.sportium.com.mx\/blog\/wp-json\/wp\/v2\/pages\/1977\/revisions\/27900"}],"up":[{"embeddable":true,"href":"https:\/\/www.sportium.com.mx\/blog\/wp-json\/wp\/v2\/pages\/1892"}],"wp:featuredmedia":[{"embeddable":true,"href":"https:\/\/www.sportium.com.mx\/blog\/wp-json\/wp\/v2\/media\/24636"}],"wp:attachment":[{"href":"https:\/\/www.sportium.com.mx\/blog\/wp-json\/wp\/v2\/media?parent=1977"}],"curies":[{"name":"wp","href":"https:\/\/api.w.org\/{rel}","templated":true}]}}