{"id":2324,"date":"2017-04-27T19:35:32","date_gmt":"2017-04-27T19:35:32","guid":{"rendered":"https:\/\/www.sportium.com.mx\/blog\/?page_id=2324"},"modified":"2024-06-26T13:09:36","modified_gmt":"2024-06-26T19:09:36","slug":"club-deportivo-sportium","status":"publish","type":"page","link":"https:\/\/www.sportium.com.mx\/blog\/club-deportivo-sportium\/","title":{"rendered":"Clubes"},"content":{"rendered":"<h3 style=\"text-align: center;\"><strong>\u00a1Bienvenido a Sportium!<\/strong><\/h3>\n<p style=\"text-align: center;\">Ahora s\u00ed, ha llegado el momento de iniciar un estilo de vida m\u00e1s saludable, de lograr las metas que te propusiste al iniciar el a\u00f1o o de retomar la pr\u00e1ctica de ese deporte que tanto te gusta.<\/p>\n<p style=\"text-align: center;\">Sportium es el Club Deportivo en el que puedes realizar las actividades que m\u00e1s disfrutas. Ya sea que lo hagas solo, con tu familia o hasta con tus compa\u00f1eros de trabajo, en Sportium podr\u00e1s encontrar incre\u00edble equipamiento y excelentes entrenadores deportivos, as\u00ed como una gran lista de actividades e instalaciones de excelente nivel.<\/p>\n<p style=\"text-align: center;\">Sportium es el mejor Club Deportivo para mantenerte en forma a la hora y en el d\u00eda que t\u00fa decidas. Puedes entrar a las clases que m\u00e1s te gusten o hacer uso del gimnasio, nadar en tu estilo favorito, organizar la reta de fut o basquet, o bien, relajarte un ratito en el sauna o el vapor mientras los peques la pasan bomba en Action Kids, nuestra \u00e1rea de ni\u00f1os.<\/p>\n<p style=\"text-align: center;\">\u00a1Aprovecha y comienza a disfrutar las ventajas de pertenecer a la gran familia Sportium!<\/p>\n\n\n<p><\/p>\n","protected":false},"excerpt":{"rendered":"<p>\u00a1Bienvenido a Sportium! Ahora s\u00ed, ha llegado el momento de iniciar un estilo de vida m\u00e1s saludable, de lograr las metas que te propusiste al iniciar el a\u00f1o o de retomar la pr\u00e1ctica de ese deporte que tanto te gusta. Sportium es el Club Deportivo en el que puedes realizar las actividades que m\u00e1s disfrutas.<a class=\"moretag\" href=\"https:\/\/www.sportium.com.mx\/blog\/club-deportivo-sportium\/\"><span class=\"screen-reader-text\">Leer m\u00e1s sobre Clubes<\/span>[&#8230;]<\/a><\/p>\n","protected":false},"author":11,"featured_media":0,"parent":0,"menu_order":0,"comment_status":"closed","ping_status":"closed","template":"","meta":{"om_disable_all_campaigns":false,"_monsterinsights_skip_tracking":false,"_monsterinsights_sitenote_active":false,"_monsterinsights_sitenote_note":"","_monsterinsights_sitenote_category":0,"jetpack_post_was_ever_published":false,"footnotes":""},"aioseo_notices":[],"jetpack_sharing_enabled":true,"jetpack_shortlink":"https:\/\/wp.me\/P44S03-Bu","jetpack-related-posts":[],"_links":{"self":[{"href":"https:\/\/www.sportium.com.mx\/blog\/wp-json\/wp\/v2\/pages\/2324"}],"collection":[{"href":"https:\/\/www.sportium.com.mx\/blog\/wp-json\/wp\/v2\/pages"}],"about":[{"href":"https:\/\/www.sportium.com.mx\/blog\/wp-json\/wp\/v2\/types\/page"}],"author":[{"embeddable":true,"href":"https:\/\/www.sportium.com.mx\/blog\/wp-json\/wp\/v2\/users\/11"}],"replies":[{"embeddable":true,"href":"https:\/\/www.sportium.com.mx\/blog\/wp-json\/wp\/v2\/comments?post=2324"}],"version-history":[{"count":5,"href":"https:\/\/www.sportium.com.mx\/blog\/wp-json\/wp\/v2\/pages\/2324\/revisions"}],"predecessor-version":[{"id":26282,"href":"https:\/\/www.sportium.com.mx\/blog\/wp-json\/wp\/v2\/pages\/2324\/revisions\/26282"}],"wp:attachment":[{"href":"https:\/\/www.sportium.com.mx\/blog\/wp-json\/wp\/v2\/media?parent=2324"}],"curies":[{"name":"wp","href":"https:\/\/api.w.org\/{rel}","templated":true}]}}