{"id":2330,"date":"2017-04-27T19:37:15","date_gmt":"2017-04-27T19:37:15","guid":{"rendered":"https:\/\/www.sportium.com.mx\/blog\/?page_id=2330"},"modified":"2023-11-08T17:36:14","modified_gmt":"2023-11-08T23:36:14","slug":"membresias","status":"publish","type":"page","link":"https:\/\/www.sportium.com.mx\/blog\/preguntas-frecuentes\/membresias\/","title":{"rendered":"\u00a1\u00danete a la Familia Sportium!"},"content":{"rendered":"\n<figure class=\"wp-block-image\"><img data-recalc-dims=\"1\" loading=\"lazy\" decoding=\"async\" width=\"730\" height=\"405\" src=\"https:\/\/i0.wp.com\/www.sportium.com.mx\/blog\/wp-content\/uploads\/Sportium.jpg?resize=730%2C405&#038;ssl=1\" alt=\"\" class=\"wp-image-9336\" srcset=\"https:\/\/i0.wp.com\/www.sportium.com.mx\/blog\/wp-content\/uploads\/Sportium.jpg?w=800&amp;ssl=1 800w, https:\/\/i0.wp.com\/www.sportium.com.mx\/blog\/wp-content\/uploads\/Sportium.jpg?resize=300%2C167&amp;ssl=1 300w, https:\/\/i0.wp.com\/www.sportium.com.mx\/blog\/wp-content\/uploads\/Sportium.jpg?resize=768%2C426&amp;ssl=1 768w\" sizes=\"(max-width: 730px) 100vw, 730px\" \/><\/figure>\n\n\n\n<p><\/p>\n\n\n\n<p class=\"has-medium-font-size\"><strong>\u00bfA\u00fan no formas parte de la Familia Sportium? <\/strong><\/p>\n\n\n\n<p>En Sportium tenemos 20 a\u00f1os ofreciendo a nuestros usuarios experiencias deportivas y recreativas para inspirarlos a mejorar su calidad de vida.<\/p>\n\n\n\n<p class=\"has-text-align-left\">Somos la cadena de clubes deportivos familiares m\u00e1s completos y contamos con diferentes tipos de inscripciones para que puedas elegir la que mejor se ajuste a tus necesidades:<\/p>\n\n\n\n<p class=\"has-text-align-left\"><a href=\"https:\/\/www.sportium.com.mx\/blog\/individual\/\"><strong>Individual<\/strong><\/a><\/p>\n\n\n\n<p class=\"has-text-align-left\"><strong><a href=\"https:\/\/www.sportium.com.mx\/blog\/inscripcion-grupal\/(abre en una nueva pesta\u00f1a)\" title=\"\">Grupal<\/a><\/strong><\/p>\n\n\n\n<p class=\"has-text-align-left\"><a href=\"https:\/\/www.sportium.com.mx\/blog\/fin-de-semana\/\"><strong>Fin de semana<\/strong><\/a><\/p>\n\n\n\n<p class=\"has-text-align-left\"><strong><a href=\"https:\/\/www.sportium.com.mx\/blog\/inscripcion-corporativa\/\" title=\"\">Corporativa\/Empresarial<\/a><\/strong><\/p>\n\n\n<p><a href=\"https:\/\/i0.wp.com\/www.sportium.com.mx\/blog\/wp-content\/uploads\/portada_blog_eventos_club_familiar_club_deportivo_sportium8.jpg?ssl=1\"><img data-recalc-dims=\"1\" loading=\"lazy\" decoding=\"async\" class=\"alignnone size-full wp-image-24220\" src=\"https:\/\/i0.wp.com\/www.sportium.com.mx\/blog\/wp-content\/uploads\/portada_blog_eventos_club_familiar_club_deportivo_sportium8.jpg?resize=706%2C331&#038;ssl=1\" alt=\"\" width=\"706\" height=\"331\" srcset=\"https:\/\/i0.wp.com\/www.sportium.com.mx\/blog\/wp-content\/uploads\/portada_blog_eventos_club_familiar_club_deportivo_sportium8.jpg?w=706&amp;ssl=1 706w, https:\/\/i0.wp.com\/www.sportium.com.mx\/blog\/wp-content\/uploads\/portada_blog_eventos_club_familiar_club_deportivo_sportium8.jpg?resize=300%2C141&amp;ssl=1 300w, https:\/\/i0.wp.com\/www.sportium.com.mx\/blog\/wp-content\/uploads\/portada_blog_eventos_club_familiar_club_deportivo_sportium8.jpg?resize=500%2C233&amp;ssl=1 500w\" sizes=\"(max-width: 706px) 100vw, 706px\" \/><\/a><\/p>\n\n\n<p class=\"has-text-align-left\">Con cualquiera de nuestras inscripciones puedes asistir a tu Club Sportium y disfrutar de m\u00faltiples experiencias deportivas como: Gimnasio, Bike, Box, Liga de Futbol, Squash, Padel, Nataci\u00f3n, Artes Marciales Mixtas, Aquaer\u00f3bics, Baile, Belly Dance, Body Balance, Body Combat, Body Pump, Parkour, Yoga, Zumba, Basquetbol, Core, Cross Training, Muro de Escalar, \u00a1y mucho m\u00e1s!*<\/p>\n\n\n\n<p class=\"has-text-align-left\">Adem\u00e1s, contamos con un espacio y actividades especiales para los peque\u00f1os del hogar. D\u00e9jalos que encuentren la verdadera diversi\u00f3n en Action Kids, el lugar ideal para que tus hijos se entretengan mientras t\u00fa entrenas.<\/p>\n\n\n\n<p class=\"has-text-align-left\">La decisi\u00f3n es tuya&#8230; empieza hoy a cambiar tu estilo de vida, <a href=\"https:\/\/www.sportium.com.mx\/inscripcion\/individual\" title=\"\">\u00a1y \u00fanete a la gran familia Sportium!<\/a><\/p>\n\n\n<div class=\"wp-block-image\">\n<figure class=\"aligncenter is-resized\"><img data-recalc-dims=\"1\" loading=\"lazy\" decoding=\"async\" width=\"316\" height=\"316\" src=\"https:\/\/i0.wp.com\/www.sportium.com.mx\/blog\/wp-content\/uploads\/firma2.jpg?resize=316%2C316&#038;ssl=1\" alt=\"\" class=\"wp-image-9346\" style=\"width:312px;height:312px\" srcset=\"https:\/\/i0.wp.com\/www.sportium.com.mx\/blog\/wp-content\/uploads\/firma2.jpg?w=316&amp;ssl=1 316w, https:\/\/i0.wp.com\/www.sportium.com.mx\/blog\/wp-content\/uploads\/firma2.jpg?resize=150%2C150&amp;ssl=1 150w, https:\/\/i0.wp.com\/www.sportium.com.mx\/blog\/wp-content\/uploads\/firma2.jpg?resize=300%2C300&amp;ssl=1 300w\" sizes=\"(max-width: 316px) 100vw, 316px\" \/><\/figure><\/div>\n\n\n<h3 class=\"wp-block-heading has-text-align-center\"><strong>Comun\u00edcate a la L\u00ednea Sportium 1000 &#8211; 2500<\/strong><\/h3>\n\n\n\n<p class=\"has-text-align-center\">O bien, llama y conoce las diferentes promociones que tenemos para ti directamente en el Club Sportium de tu preferencia:<\/p>\n\n\n\n<p class=\"has-text-align-center\"><strong>Coyoac\u00e1n | 4196 &#8211; 4193<\/strong><\/p>\n\n\n\n<p class=\"has-text-align-center\"><strong>San \u00c1ngel | 4196 &#8211; 4198<\/strong><\/p>\n\n\n\n<p class=\"has-text-align-center\"><strong>Desierto | 4196 &#8211; 4199<\/strong><\/p>\n\n\n\n<p class=\"has-text-align-center\"><strong>Arboledas | 2487 &#8211; 0157<\/strong><\/p>\n\n\n\n<p class=\"has-text-align-center\"><strong>Lomas Verdes | 5378 &#8211; 7303<\/strong><\/p>\n\n\n\n<p class=\"has-text-align-center\"><strong>Cuautitl\u00e1n | 5379 &#8211; 1971<\/strong><\/p>\n\n\n\n<p class=\"has-text-align-center\"><strong>Sat\u00e9lite | 1000 &#8211; 2420<\/strong><\/p>\n\n\n\n<p class=\"has-text-align-center\"><strong>Del Valle | 4125- 4500<\/strong><\/p>\n\n\n\n<p class=\"has-text-align-center\"><strong>Coapa | 1000 &#8211; 2515<\/strong><\/p>\n\n\n\n<p class=\"has-text-align-center\"><strong>Lindavista | 1000 &#8211; 2520<\/strong><\/p>\n\n\n\n<h5 class=\"wp-block-heading has-text-align-center\">Tambi\u00e9n puedes dejarnos tus datos <a href=\"https:\/\/www.sportium.com.mx\/blog\/pide-informes\/\">haciendo clic aqu\u00ed<\/a> y nos comunicaremos contigo.<\/h5>\n\n\n\n<p class=\"has-text-align-center\">*Nuestras clases, actividades e instalaciones pueden variar dependiendo del Club Sportium de tu preferencia.<\/p>\n\n\n\n<div class=\"wp-block-media-text is-stacked-on-mobile\"><figure class=\"wp-block-media-text__media\"><\/figure><div class=\"wp-block-media-text__content\">\n<p><\/p>\n<\/div><\/div>\n","protected":false},"excerpt":{"rendered":"<p>\u00bfA\u00fan no formas parte de la Familia Sportium? En Sportium tenemos 20 a\u00f1os ofreciendo a nuestros usuarios experiencias deportivas y recreativas para inspirarlos a mejorar su calidad de vida. Somos la cadena de clubes deportivos familiares m\u00e1s completos y contamos con diferentes tipos de inscripciones para que puedas elegir la que mejor se ajuste a<a class=\"moretag\" href=\"https:\/\/www.sportium.com.mx\/blog\/preguntas-frecuentes\/membresias\/\"><span class=\"screen-reader-text\">Leer m\u00e1s sobre \u00a1\u00danete a la Familia Sportium!<\/span>[&#8230;]<\/a><\/p>\n","protected":false},"author":11,"featured_media":9336,"parent":1892,"menu_order":2,"comment_status":"closed","ping_status":"closed","template":"","meta":{"om_disable_all_campaigns":false,"_monsterinsights_skip_tracking":false,"_monsterinsights_sitenote_active":false,"_monsterinsights_sitenote_note":"","_monsterinsights_sitenote_category":0,"jetpack_post_was_ever_published":false,"footnotes":""},"aioseo_notices":[],"jetpack_sharing_enabled":true,"jetpack_shortlink":"https:\/\/wp.me\/P44S03-BA","jetpack-related-posts":[],"_links":{"self":[{"href":"https:\/\/www.sportium.com.mx\/blog\/wp-json\/wp\/v2\/pages\/2330"}],"collection":[{"href":"https:\/\/www.sportium.com.mx\/blog\/wp-json\/wp\/v2\/pages"}],"about":[{"href":"https:\/\/www.sportium.com.mx\/blog\/wp-json\/wp\/v2\/types\/page"}],"author":[{"embeddable":true,"href":"https:\/\/www.sportium.com.mx\/blog\/wp-json\/wp\/v2\/users\/11"}],"replies":[{"embeddable":true,"href":"https:\/\/www.sportium.com.mx\/blog\/wp-json\/wp\/v2\/comments?post=2330"}],"version-history":[{"count":22,"href":"https:\/\/www.sportium.com.mx\/blog\/wp-json\/wp\/v2\/pages\/2330\/revisions"}],"predecessor-version":[{"id":24222,"href":"https:\/\/www.sportium.com.mx\/blog\/wp-json\/wp\/v2\/pages\/2330\/revisions\/24222"}],"up":[{"embeddable":true,"href":"https:\/\/www.sportium.com.mx\/blog\/wp-json\/wp\/v2\/pages\/1892"}],"wp:featuredmedia":[{"embeddable":true,"href":"https:\/\/www.sportium.com.mx\/blog\/wp-json\/wp\/v2\/media\/9336"}],"wp:attachment":[{"href":"https:\/\/www.sportium.com.mx\/blog\/wp-json\/wp\/v2\/media?parent=2330"}],"curies":[{"name":"wp","href":"https:\/\/api.w.org\/{rel}","templated":true}]}}