{"id":2332,"date":"2017-04-27T19:41:23","date_gmt":"2017-04-27T19:41:23","guid":{"rendered":"https:\/\/www.sportium.com.mx\/blog\/?page_id=2332"},"modified":"2024-05-20T15:03:26","modified_gmt":"2024-05-20T21:03:26","slug":"club-arboledas-sportium","status":"publish","type":"page","link":"https:\/\/www.sportium.com.mx\/blog\/club-arboledas-sportium\/","title":{"rendered":"Sportium Arboledas"},"content":{"rendered":"<p style=\"text-align: left;\">Contamos con las mejores ubicaciones en la Ciudad de M\u00e9xico, <span style=\"color: #ff6600;\"><strong>Sportium<\/strong><\/span> cuenta con diez sucursales cerca de ti. No dejes pasar m\u00e1s tiempo y conoce tu club m\u00e1s cercano. Ubicado en la zona norte, nuestro club deportivo <strong>Sportium Arboledas<\/strong> cuenta con las mejores instalaciones, equipamiento, clases, talleres y entrenadores en M\u00e9xico.<\/p>\n<p style=\"text-align: left;\">Comienza hoy con tu programa de entrenamiento y logra el cuerpo que siempre has so\u00f1ado. Nuestro club deportivo Sportium Arboledas cuenta con <strong>alberca, regadera, equipamiento especializado y el mejor ambiente para que inicies tu rutina de entrenamientos.<\/strong> Conoce los horarios, clases y eventos que el club Arboledas tiene para ti.<\/p>\n<p style=\"text-align: left;\">\u00a1No dejes pasar m\u00e1s tiempo, inscr\u00edbete HOY en <a href=\"https:\/\/www.sportium.com.mx\/clubes\/arboledas\"><span style=\"color: #ff6600;\"><strong>Sportium Arboledas<\/strong><\/span><\/a>!<\/p>\n<hr \/>\n<h1><a href=\"https:\/\/i0.wp.com\/www.sportium.com.mx\/blog\/wp-content\/uploads\/ARBOLEDAS-scaled.jpg?ssl=1\"><img data-recalc-dims=\"1\" loading=\"lazy\" decoding=\"async\" class=\"size-full wp-image-16493 aligncenter\" src=\"https:\/\/i0.wp.com\/www.sportium.com.mx\/blog\/wp-content\/uploads\/ARBOLEDAS-scaled.jpg?resize=335%2C2560&#038;ssl=1\" alt=\"\" width=\"335\" height=\"2560\" srcset=\"https:\/\/i0.wp.com\/www.sportium.com.mx\/blog\/wp-content\/uploads\/ARBOLEDAS-scaled.jpg?w=335&amp;ssl=1 335w, https:\/\/i0.wp.com\/www.sportium.com.mx\/blog\/wp-content\/uploads\/ARBOLEDAS-scaled.jpg?resize=134%2C1024&amp;ssl=1 134w, https:\/\/i0.wp.com\/www.sportium.com.mx\/blog\/wp-content\/uploads\/ARBOLEDAS-scaled.jpg?resize=201%2C1536&amp;ssl=1 201w, https:\/\/i0.wp.com\/www.sportium.com.mx\/blog\/wp-content\/uploads\/ARBOLEDAS-scaled.jpg?resize=268%2C2048&amp;ssl=1 268w\" sizes=\"(max-width: 335px) 100vw, 335px\" \/><\/a><\/h1>\n<div class='_form_19'><\/div><script type='text\/javascript' src='https:\/\/sportium.activehosted.com\/f\/embed.php?static=0&id=19&69F668D115C84&nostyles=0&preview=0'><\/script>\n","protected":false},"excerpt":{"rendered":"<p>Contamos con las mejores ubicaciones en la Ciudad de M\u00e9xico, Sportium cuenta con diez sucursales cerca de ti. No dejes pasar m\u00e1s tiempo y conoce tu club m\u00e1s cercano. Ubicado en la zona norte, nuestro club deportivo Sportium Arboledas cuenta con las mejores instalaciones, equipamiento, clases, talleres y entrenadores en M\u00e9xico. Comienza hoy con tu<a class=\"moretag\" href=\"https:\/\/www.sportium.com.mx\/blog\/club-arboledas-sportium\/\"><span class=\"screen-reader-text\">Leer m\u00e1s sobre Sportium Arboledas<\/span>[&#8230;]<\/a><\/p>\n","protected":false},"author":11,"featured_media":5893,"parent":0,"menu_order":0,"comment_status":"closed","ping_status":"closed","template":"","meta":{"om_disable_all_campaigns":false,"_monsterinsights_skip_tracking":false,"_monsterinsights_sitenote_active":false,"_monsterinsights_sitenote_note":"","_monsterinsights_sitenote_category":0,"jetpack_post_was_ever_published":false,"footnotes":""},"aioseo_notices":[],"jetpack_sharing_enabled":true,"jetpack_shortlink":"https:\/\/wp.me\/P44S03-BC","jetpack-related-posts":[],"_links":{"self":[{"href":"https:\/\/www.sportium.com.mx\/blog\/wp-json\/wp\/v2\/pages\/2332"}],"collection":[{"href":"https:\/\/www.sportium.com.mx\/blog\/wp-json\/wp\/v2\/pages"}],"about":[{"href":"https:\/\/www.sportium.com.mx\/blog\/wp-json\/wp\/v2\/types\/page"}],"author":[{"embeddable":true,"href":"https:\/\/www.sportium.com.mx\/blog\/wp-json\/wp\/v2\/users\/11"}],"replies":[{"embeddable":true,"href":"https:\/\/www.sportium.com.mx\/blog\/wp-json\/wp\/v2\/comments?post=2332"}],"version-history":[{"count":14,"href":"https:\/\/www.sportium.com.mx\/blog\/wp-json\/wp\/v2\/pages\/2332\/revisions"}],"predecessor-version":[{"id":25515,"href":"https:\/\/www.sportium.com.mx\/blog\/wp-json\/wp\/v2\/pages\/2332\/revisions\/25515"}],"wp:featuredmedia":[{"embeddable":true,"href":"https:\/\/www.sportium.com.mx\/blog\/wp-json\/wp\/v2\/media\/5893"}],"wp:attachment":[{"href":"https:\/\/www.sportium.com.mx\/blog\/wp-json\/wp\/v2\/media?parent=2332"}],"curies":[{"name":"wp","href":"https:\/\/api.w.org\/{rel}","templated":true}]}}