{"id":2337,"date":"2017-04-27T19:43:15","date_gmt":"2017-04-27T19:43:15","guid":{"rendered":"https:\/\/www.sportium.com.mx\/blog\/?page_id=2337"},"modified":"2022-03-04T13:03:23","modified_gmt":"2022-03-04T19:03:23","slug":"club-coyoacan-sportium","status":"publish","type":"page","link":"https:\/\/www.sportium.com.mx\/blog\/club-coyoacan-sportium\/","title":{"rendered":"Sportium Coyoac\u00e1n"},"content":{"rendered":"<p>Contamos con las mejores ubicaciones en la Ciudad de M\u00e9xico, <span style=\"color: #ff6600;\"><strong>Sportium<\/strong><\/span> cuenta con once sucursales cerca de ti. No dejes pasar m\u00e1s tiempo y conoce tu club m\u00e1s cercano. Ubicado en la zona sur de la ciudad, nuestro club deportivo Coyoac\u00e1n cuenta con las mejores instalaciones, equipamiento, clases y entrenadores en M\u00e9xico.<\/p>\n<p>Comienza hoy con tu programa de entrenamiento y logra el cuerpo que siempre has so\u00f1ado. Nuestro club deportivo Sportium Coyoac\u00e1n cuenta con alberca, regadera, equipamiento especializado y el mejor ambiente para que inicies tu rutina de entrenamientos. Conoce los horarios, clases y eventos que el club Coyoac\u00e1n tiene para ti.<\/p>\n<p>\u00a1No dejes pasar m\u00e1s tiempo, inscr\u00edbete HOY en <span style=\"color: #ff6600;\"><strong>Sportium Coyoac\u00e1n<\/strong><\/span>!<\/p>\n<hr \/>\n<p><a href=\"https:\/\/i0.wp.com\/www.sportium.com.mx\/blog\/wp-content\/uploads\/COYOACAN-scaled.jpg?ssl=1\"><img data-recalc-dims=\"1\" loading=\"lazy\" decoding=\"async\" class=\"size-full wp-image-16500 aligncenter\" src=\"https:\/\/i0.wp.com\/www.sportium.com.mx\/blog\/wp-content\/uploads\/COYOACAN-scaled.jpg?resize=335%2C2560&#038;ssl=1\" alt=\"\" width=\"335\" height=\"2560\" srcset=\"https:\/\/i0.wp.com\/www.sportium.com.mx\/blog\/wp-content\/uploads\/COYOACAN-scaled.jpg?w=335&amp;ssl=1 335w, https:\/\/i0.wp.com\/www.sportium.com.mx\/blog\/wp-content\/uploads\/COYOACAN-scaled.jpg?resize=134%2C1024&amp;ssl=1 134w, https:\/\/i0.wp.com\/www.sportium.com.mx\/blog\/wp-content\/uploads\/COYOACAN-scaled.jpg?resize=201%2C1536&amp;ssl=1 201w, https:\/\/i0.wp.com\/www.sportium.com.mx\/blog\/wp-content\/uploads\/COYOACAN-scaled.jpg?resize=268%2C2048&amp;ssl=1 268w\" sizes=\"(max-width: 335px) 100vw, 335px\" \/><\/a><\/p>\n<div class='_form_19'><\/div><script type='text\/javascript' src='https:\/\/sportium.activehosted.com\/f\/embed.php?static=0&id=19&69F52C848FD23&nostyles=0&preview=0'><\/script>\n","protected":false},"excerpt":{"rendered":"<p>Contamos con las mejores ubicaciones en la Ciudad de M\u00e9xico, Sportium cuenta con once sucursales cerca de ti. No dejes pasar m\u00e1s tiempo y conoce tu club m\u00e1s cercano. Ubicado en la zona sur de la ciudad, nuestro club deportivo Coyoac\u00e1n cuenta con las mejores instalaciones, equipamiento, clases y entrenadores en M\u00e9xico. Comienza hoy con<a class=\"moretag\" href=\"https:\/\/www.sportium.com.mx\/blog\/club-coyoacan-sportium\/\"><span class=\"screen-reader-text\">Leer m\u00e1s sobre Sportium Coyoac\u00e1n<\/span>[&#8230;]<\/a><\/p>\n","protected":false},"author":11,"featured_media":2952,"parent":0,"menu_order":0,"comment_status":"closed","ping_status":"closed","template":"","meta":{"om_disable_all_campaigns":false,"_monsterinsights_skip_tracking":false,"_monsterinsights_sitenote_active":false,"_monsterinsights_sitenote_note":"","_monsterinsights_sitenote_category":0,"jetpack_post_was_ever_published":false,"footnotes":""},"aioseo_notices":[],"jetpack_sharing_enabled":true,"jetpack_shortlink":"https:\/\/wp.me\/P44S03-BH","jetpack-related-posts":[],"_links":{"self":[{"href":"https:\/\/www.sportium.com.mx\/blog\/wp-json\/wp\/v2\/pages\/2337"}],"collection":[{"href":"https:\/\/www.sportium.com.mx\/blog\/wp-json\/wp\/v2\/pages"}],"about":[{"href":"https:\/\/www.sportium.com.mx\/blog\/wp-json\/wp\/v2\/types\/page"}],"author":[{"embeddable":true,"href":"https:\/\/www.sportium.com.mx\/blog\/wp-json\/wp\/v2\/users\/11"}],"replies":[{"embeddable":true,"href":"https:\/\/www.sportium.com.mx\/blog\/wp-json\/wp\/v2\/comments?post=2337"}],"version-history":[{"count":12,"href":"https:\/\/www.sportium.com.mx\/blog\/wp-json\/wp\/v2\/pages\/2337\/revisions"}],"predecessor-version":[{"id":16501,"href":"https:\/\/www.sportium.com.mx\/blog\/wp-json\/wp\/v2\/pages\/2337\/revisions\/16501"}],"wp:featuredmedia":[{"embeddable":true,"href":"https:\/\/www.sportium.com.mx\/blog\/wp-json\/wp\/v2\/media\/2952"}],"wp:attachment":[{"href":"https:\/\/www.sportium.com.mx\/blog\/wp-json\/wp\/v2\/media?parent=2337"}],"curies":[{"name":"wp","href":"https:\/\/api.w.org\/{rel}","templated":true}]}}