{"id":2341,"date":"2017-04-27T19:43:54","date_gmt":"2017-04-27T19:43:54","guid":{"rendered":"https:\/\/www.sportium.com.mx\/blog\/?page_id=2341"},"modified":"2022-03-04T16:59:30","modified_gmt":"2022-03-04T22:59:30","slug":"club-lomas-verdes-sportium","status":"publish","type":"page","link":"https:\/\/www.sportium.com.mx\/blog\/club-lomas-verdes-sportium\/","title":{"rendered":"Sportium Lomas Verdes"},"content":{"rendered":"<p>Contamos con las mejores ubicaciones en la Ciudad de M\u00e9xico, <span style=\"color: #ff6600;\"><strong>Sportium<\/strong><\/span> cuenta con once sucursales cerca de ti. No dejes pasar m\u00e1s tiempo y conoce tu club m\u00e1s cercano. Ubicado en la zona norte, nuestro club deportivo Lomas Verdes cuenta con las mejores instalaciones, equipamiento, clases y entrenadores en M\u00e9xico.<\/p>\n<p>Comienza hoy con tu programa de entrenamiento y logra el cuerpo que siempre has so\u00f1ado. Nuestro club deportivo Sportium Lomas Verdes cuenta con alberca, regadera, equipamiento especializado y el mejor ambiente para que inicies tu rutina de entrenamientos. Conoce los horarios, clases y eventos que el club Lomas Verdes tiene para ti.<\/p>\n<p>\u00a1No dejes pasar m\u00e1s tiempo, inscr\u00edbete HOY en <span style=\"color: #ff6600;\"><strong>Club Lomas Verdes<\/strong><\/span>!<\/p>\n<hr \/>\n<p style=\"text-align: center;\"><a href=\"https:\/\/i0.wp.com\/www.sportium.com.mx\/blog\/wp-content\/uploads\/LOMAS-VERDES-scaled.jpg?ssl=1\"><img data-recalc-dims=\"1\" loading=\"lazy\" decoding=\"async\" class=\"alignnone size-full wp-image-16519\" src=\"https:\/\/i0.wp.com\/www.sportium.com.mx\/blog\/wp-content\/uploads\/LOMAS-VERDES-scaled.jpg?resize=357%2C2560&#038;ssl=1\" alt=\"\" width=\"357\" height=\"2560\" srcset=\"https:\/\/i0.wp.com\/www.sportium.com.mx\/blog\/wp-content\/uploads\/LOMAS-VERDES-scaled.jpg?w=357&amp;ssl=1 357w, https:\/\/i0.wp.com\/www.sportium.com.mx\/blog\/wp-content\/uploads\/LOMAS-VERDES-scaled.jpg?resize=42%2C300&amp;ssl=1 42w, https:\/\/i0.wp.com\/www.sportium.com.mx\/blog\/wp-content\/uploads\/LOMAS-VERDES-scaled.jpg?resize=143%2C1024&amp;ssl=1 143w, https:\/\/i0.wp.com\/www.sportium.com.mx\/blog\/wp-content\/uploads\/LOMAS-VERDES-scaled.jpg?resize=214%2C1536&amp;ssl=1 214w\" sizes=\"(max-width: 357px) 100vw, 357px\" \/><\/a><\/p>\n<div class='_form_19'><\/div><script type='text\/javascript' src='https:\/\/sportium.activehosted.com\/f\/embed.php?static=0&id=19&69F3D01FC8F62&nostyles=0&preview=0'><\/script>\n","protected":false},"excerpt":{"rendered":"<p>Contamos con las mejores ubicaciones en la Ciudad de M\u00e9xico, Sportium cuenta con once sucursales cerca de ti. No dejes pasar m\u00e1s tiempo y conoce tu club m\u00e1s cercano. Ubicado en la zona norte, nuestro club deportivo Lomas Verdes cuenta con las mejores instalaciones, equipamiento, clases y entrenadores en M\u00e9xico. Comienza hoy con tu programa<a class=\"moretag\" href=\"https:\/\/www.sportium.com.mx\/blog\/club-lomas-verdes-sportium\/\"><span class=\"screen-reader-text\">Leer m\u00e1s sobre Sportium Lomas Verdes<\/span>[&#8230;]<\/a><\/p>\n","protected":false},"author":11,"featured_media":5895,"parent":0,"menu_order":0,"comment_status":"closed","ping_status":"closed","template":"","meta":{"om_disable_all_campaigns":false,"_monsterinsights_skip_tracking":false,"_monsterinsights_sitenote_active":false,"_monsterinsights_sitenote_note":"","_monsterinsights_sitenote_category":0,"jetpack_post_was_ever_published":false,"footnotes":""},"aioseo_notices":[],"jetpack_sharing_enabled":true,"jetpack_shortlink":"https:\/\/wp.me\/P44S03-BL","jetpack-related-posts":[],"_links":{"self":[{"href":"https:\/\/www.sportium.com.mx\/blog\/wp-json\/wp\/v2\/pages\/2341"}],"collection":[{"href":"https:\/\/www.sportium.com.mx\/blog\/wp-json\/wp\/v2\/pages"}],"about":[{"href":"https:\/\/www.sportium.com.mx\/blog\/wp-json\/wp\/v2\/types\/page"}],"author":[{"embeddable":true,"href":"https:\/\/www.sportium.com.mx\/blog\/wp-json\/wp\/v2\/users\/11"}],"replies":[{"embeddable":true,"href":"https:\/\/www.sportium.com.mx\/blog\/wp-json\/wp\/v2\/comments?post=2341"}],"version-history":[{"count":9,"href":"https:\/\/www.sportium.com.mx\/blog\/wp-json\/wp\/v2\/pages\/2341\/revisions"}],"predecessor-version":[{"id":16523,"href":"https:\/\/www.sportium.com.mx\/blog\/wp-json\/wp\/v2\/pages\/2341\/revisions\/16523"}],"wp:featuredmedia":[{"embeddable":true,"href":"https:\/\/www.sportium.com.mx\/blog\/wp-json\/wp\/v2\/media\/5895"}],"wp:attachment":[{"href":"https:\/\/www.sportium.com.mx\/blog\/wp-json\/wp\/v2\/media?parent=2341"}],"curies":[{"name":"wp","href":"https:\/\/api.w.org\/{rel}","templated":true}]}}