{"id":2345,"date":"2017-04-27T19:44:45","date_gmt":"2017-04-27T19:44:45","guid":{"rendered":"https:\/\/www.sportium.com.mx\/blog\/?page_id=2345"},"modified":"2024-05-20T13:23:38","modified_gmt":"2024-05-20T19:23:38","slug":"club-san-angel-sportium","status":"publish","type":"page","link":"https:\/\/www.sportium.com.mx\/blog\/club-san-angel-sportium\/","title":{"rendered":"Sportium San \u00c1ngel"},"content":{"rendered":"<p>Contamos con las mejores ubicaciones en la Ciudad de M\u00e9xico, <span style=\"color: #ff6600;\"><strong>Sportium<\/strong><\/span> cuenta con diez sucursales cerca de ti. No dejes pasar m\u00e1s tiempo y conoce tu club m\u00e1s cercano. Ubicado en la zona sur de la ciudad, nuestro club deportivo San \u00c1ngel cuenta con las mejores instalaciones, equipamiento, clases y entrenadores en M\u00e9xico.<\/p>\n<p>Comienza hoy con tu programa de entrenamiento y logra el cuerpo que siempre has so\u00f1ado. Nuestro club deportivo Sportium San \u00c1ngel cuenta con alberca, regadera, equipamiento especializado y el mejor ambiente para que inicies tu rutina de entrenamientos. Conoce los horarios, clases y eventos que el club San \u00c1ngel tiene para ti.<\/p>\n<p>\u00a1No dejes pasar m\u00e1s tiempo, inscr\u00edbete HOY en <a href=\"https:\/\/www.sportium.com.mx\/clubes\/sanangel\"><strong><span style=\"color: #ff6600;\">Club San \u00c1ngel<\/span><\/strong><\/a>!<\/p>\n<hr \/>\n<p style=\"text-align: center;\"><a href=\"https:\/\/i0.wp.com\/www.sportium.com.mx\/blog\/wp-content\/uploads\/SAN-ANGEL-scaled.jpg?ssl=1\"><img data-recalc-dims=\"1\" loading=\"lazy\" decoding=\"async\" class=\"alignnone size-full wp-image-16521\" src=\"https:\/\/i0.wp.com\/www.sportium.com.mx\/blog\/wp-content\/uploads\/SAN-ANGEL-scaled.jpg?resize=314%2C2560&#038;ssl=1\" alt=\"\" width=\"314\" height=\"2560\" \/><\/a><\/p>\n<div class='_form_19'><\/div><script type='text\/javascript' src='https:\/\/sportium.activehosted.com\/f\/embed.php?static=0&id=19&69F4C9CB1020A&nostyles=0&preview=0'><\/script>\n","protected":false},"excerpt":{"rendered":"<p>Contamos con las mejores ubicaciones en la Ciudad de M\u00e9xico, Sportium cuenta con diez sucursales cerca de ti. No dejes pasar m\u00e1s tiempo y conoce tu club m\u00e1s cercano. Ubicado en la zona sur de la ciudad, nuestro club deportivo San \u00c1ngel cuenta con las mejores instalaciones, equipamiento, clases y entrenadores en M\u00e9xico. Comienza hoy<a class=\"moretag\" href=\"https:\/\/www.sportium.com.mx\/blog\/club-san-angel-sportium\/\"><span class=\"screen-reader-text\">Leer m\u00e1s sobre Sportium San \u00c1ngel<\/span>[&#8230;]<\/a><\/p>\n","protected":false},"author":11,"featured_media":3056,"parent":0,"menu_order":0,"comment_status":"closed","ping_status":"closed","template":"","meta":{"om_disable_all_campaigns":false,"_monsterinsights_skip_tracking":false,"_monsterinsights_sitenote_active":false,"_monsterinsights_sitenote_note":"","_monsterinsights_sitenote_category":0,"jetpack_post_was_ever_published":false,"footnotes":""},"aioseo_notices":[],"jetpack_sharing_enabled":true,"jetpack_shortlink":"https:\/\/wp.me\/P44S03-BP","jetpack-related-posts":[],"_links":{"self":[{"href":"https:\/\/www.sportium.com.mx\/blog\/wp-json\/wp\/v2\/pages\/2345"}],"collection":[{"href":"https:\/\/www.sportium.com.mx\/blog\/wp-json\/wp\/v2\/pages"}],"about":[{"href":"https:\/\/www.sportium.com.mx\/blog\/wp-json\/wp\/v2\/types\/page"}],"author":[{"embeddable":true,"href":"https:\/\/www.sportium.com.mx\/blog\/wp-json\/wp\/v2\/users\/11"}],"replies":[{"embeddable":true,"href":"https:\/\/www.sportium.com.mx\/blog\/wp-json\/wp\/v2\/comments?post=2345"}],"version-history":[{"count":11,"href":"https:\/\/www.sportium.com.mx\/blog\/wp-json\/wp\/v2\/pages\/2345\/revisions"}],"predecessor-version":[{"id":25511,"href":"https:\/\/www.sportium.com.mx\/blog\/wp-json\/wp\/v2\/pages\/2345\/revisions\/25511"}],"wp:featuredmedia":[{"embeddable":true,"href":"https:\/\/www.sportium.com.mx\/blog\/wp-json\/wp\/v2\/media\/3056"}],"wp:attachment":[{"href":"https:\/\/www.sportium.com.mx\/blog\/wp-json\/wp\/v2\/media?parent=2345"}],"curies":[{"name":"wp","href":"https:\/\/api.w.org\/{rel}","templated":true}]}}