{"id":2349,"date":"2017-04-27T19:46:50","date_gmt":"2017-04-27T19:46:50","guid":{"rendered":"https:\/\/www.sportium.com.mx\/blog\/?page_id=2349"},"modified":"2023-11-08T16:40:31","modified_gmt":"2023-11-08T22:40:31","slug":"individual","status":"publish","type":"page","link":"https:\/\/www.sportium.com.mx\/blog\/individual\/","title":{"rendered":"Individual"},"content":{"rendered":"<p>La inscripci\u00f3n individual, es para las personas que disfrutan hacer sus actividades favoritas a su ritmo. Adem\u00e1s, si eres una persona que cuida de su apariencia y buscas ejercitarte a cualquier hora del d\u00eda, esta membres\u00eda es para ti. Te brindamos todos los servicios para que tengas el mejor entrenamiento:<\/p>\n<ul>\n<li><strong>Cl\u00ednicas<\/strong><\/li>\n<li><strong>Clases dirigidas<\/strong><\/li>\n<li><strong>Canchas<\/strong><\/li>\n<li><strong>Zona de cardio<\/strong><\/li>\n<li><strong>Peso integrado y libre<\/strong><\/li>\n<li><strong>Cross training<\/strong><\/li>\n<li><strong>Box<\/strong><\/li>\n<li><strong>Alberca<\/strong><\/li>\n<li><strong>Programas Especializados<\/strong><\/li>\n<li><strong>Valoraci\u00f3n F\u00edsica Inbody<\/strong><\/li>\n<\/ul>\n<p><a href=\"https:\/\/i0.wp.com\/www.sportium.com.mx\/blog\/wp-content\/uploads\/entrada_blog_eventos_club_familiar_club_deportivo_sportium7.jpg?ssl=1\"><img data-recalc-dims=\"1\" loading=\"lazy\" decoding=\"async\" class=\"alignnone size-full wp-image-24208\" src=\"https:\/\/i0.wp.com\/www.sportium.com.mx\/blog\/wp-content\/uploads\/entrada_blog_eventos_club_familiar_club_deportivo_sportium7.jpg?resize=730%2C410&#038;ssl=1\" alt=\"\" width=\"730\" height=\"410\" srcset=\"https:\/\/i0.wp.com\/www.sportium.com.mx\/blog\/wp-content\/uploads\/entrada_blog_eventos_club_familiar_club_deportivo_sportium7.jpg?w=1025&amp;ssl=1 1025w, https:\/\/i0.wp.com\/www.sportium.com.mx\/blog\/wp-content\/uploads\/entrada_blog_eventos_club_familiar_club_deportivo_sportium7.jpg?resize=300%2C169&amp;ssl=1 300w, https:\/\/i0.wp.com\/www.sportium.com.mx\/blog\/wp-content\/uploads\/entrada_blog_eventos_club_familiar_club_deportivo_sportium7.jpg?resize=768%2C432&amp;ssl=1 768w\" sizes=\"(max-width: 730px) 100vw, 730px\" \/><\/a><\/p>\n<p>*Obt\u00e9n tu inscripci\u00f3n Multiclub y ejerc\u00edtate en cualquiera de nuestros clubes con s\u00f3lo un pago de mantenimiento adicional.<\/p>\n<p>Cont\u00e1ctanos: \u00a055 1000 2500<\/p>\n<div class='_form_19'><\/div><script type='text\/javascript' src='https:\/\/sportium.activehosted.com\/f\/embed.php?static=0&id=19&69F7215B38DE9&nostyles=0&preview=0'><\/script>\n","protected":false},"excerpt":{"rendered":"<p>La inscripci\u00f3n individual, es para las personas que disfrutan hacer sus actividades favoritas a su ritmo. Adem\u00e1s, si eres una persona que cuida de su apariencia y buscas ejercitarte a cualquier hora del d\u00eda, esta membres\u00eda es para ti. Te brindamos todos los servicios para que tengas el mejor entrenamiento: Cl\u00ednicas Clases dirigidas Canchas Zona<a class=\"moretag\" href=\"https:\/\/www.sportium.com.mx\/blog\/individual\/\"><span class=\"screen-reader-text\">Leer m\u00e1s sobre Individual<\/span>[&#8230;]<\/a><\/p>\n","protected":false},"author":11,"featured_media":0,"parent":0,"menu_order":0,"comment_status":"closed","ping_status":"closed","template":"","meta":{"om_disable_all_campaigns":false,"_monsterinsights_skip_tracking":false,"_monsterinsights_sitenote_active":false,"_monsterinsights_sitenote_note":"","_monsterinsights_sitenote_category":0,"jetpack_post_was_ever_published":false,"footnotes":""},"aioseo_notices":[],"jetpack_sharing_enabled":true,"jetpack_shortlink":"https:\/\/wp.me\/P44S03-BT","jetpack-related-posts":[],"_links":{"self":[{"href":"https:\/\/www.sportium.com.mx\/blog\/wp-json\/wp\/v2\/pages\/2349"}],"collection":[{"href":"https:\/\/www.sportium.com.mx\/blog\/wp-json\/wp\/v2\/pages"}],"about":[{"href":"https:\/\/www.sportium.com.mx\/blog\/wp-json\/wp\/v2\/types\/page"}],"author":[{"embeddable":true,"href":"https:\/\/www.sportium.com.mx\/blog\/wp-json\/wp\/v2\/users\/11"}],"replies":[{"embeddable":true,"href":"https:\/\/www.sportium.com.mx\/blog\/wp-json\/wp\/v2\/comments?post=2349"}],"version-history":[{"count":9,"href":"https:\/\/www.sportium.com.mx\/blog\/wp-json\/wp\/v2\/pages\/2349\/revisions"}],"predecessor-version":[{"id":24209,"href":"https:\/\/www.sportium.com.mx\/blog\/wp-json\/wp\/v2\/pages\/2349\/revisions\/24209"}],"wp:attachment":[{"href":"https:\/\/www.sportium.com.mx\/blog\/wp-json\/wp\/v2\/media?parent=2349"}],"curies":[{"name":"wp","href":"https:\/\/api.w.org\/{rel}","templated":true}]}}