{"id":2351,"date":"2017-04-27T19:47:04","date_gmt":"2017-04-27T19:47:04","guid":{"rendered":"https:\/\/www.sportium.com.mx\/blog\/?page_id=2351"},"modified":"2021-08-20T00:21:28","modified_gmt":"2021-08-20T05:21:28","slug":"pareja","status":"publish","type":"page","link":"https:\/\/www.sportium.com.mx\/blog\/pareja\/","title":{"rendered":"Pareja"},"content":{"rendered":"<p>Adquiere esta membres\u00eda para ti y tu acompa\u00f1ante. Te brindamos todos los servicios para que tengas el mejor entrenamiento:<\/p>\n<ul>\n<li><strong>Cl\u00ednicas<\/strong><\/li>\n<li><strong>Clases dirigidas<\/strong><\/li>\n<li><strong>Canchas<\/strong><\/li>\n<li><strong>Zona de cardio<\/strong><\/li>\n<li><strong>Peso dirigido y libre<\/strong><\/li>\n<li><strong>Cross training<\/strong><\/li>\n<li><strong>Box<\/strong><\/li>\n<li><strong>Alberca<\/strong><\/li>\n<li><strong>Programas especializados<\/strong><\/li>\n<li><strong>Valoraci\u00f3n f\u00edsica inbody<\/strong><\/li>\n<li><strong>\u00c1rea de Action Kids (especializado en actividades para los m\u00e1s peque\u00f1os)<\/strong><\/li>\n<\/ul>\n<p>*Obtengan su inscripci\u00f3n Multiclub y ejerc\u00edtense en cualquiera de nuestros clubes con s\u00f3lo un pago de mantenimiento adicional.<\/p>\n<p>*membresia pareja: dos personas no necesariamente familiares o matrimonios.<\/p>\n<p>Cont\u00e1ctanos al:<\/p>\n<p>Tel\u00e9fono: 55 1000 2500<\/p>\n<div class='_form_19'><\/div><script type='text\/javascript' src='https:\/\/sportium.activehosted.com\/f\/embed.php?static=0&id=19&69EB98274A45E&nostyles=0&preview=0'><\/script>\n","protected":false},"excerpt":{"rendered":"<p>Adquiere esta membres\u00eda para ti y tu acompa\u00f1ante. Te brindamos todos los servicios para que tengas el mejor entrenamiento: Cl\u00ednicas Clases dirigidas Canchas Zona de cardio Peso dirigido y libre Cross training Box Alberca Programas especializados Valoraci\u00f3n f\u00edsica inbody \u00c1rea de Action Kids (especializado en actividades para los m\u00e1s peque\u00f1os) *Obtengan su inscripci\u00f3n Multiclub y<a class=\"moretag\" href=\"https:\/\/www.sportium.com.mx\/blog\/pareja\/\"><span class=\"screen-reader-text\">Leer m\u00e1s sobre Pareja<\/span>[&#8230;]<\/a><\/p>\n","protected":false},"author":11,"featured_media":0,"parent":0,"menu_order":0,"comment_status":"closed","ping_status":"closed","template":"","meta":{"om_disable_all_campaigns":false,"_monsterinsights_skip_tracking":false,"_monsterinsights_sitenote_active":false,"_monsterinsights_sitenote_note":"","_monsterinsights_sitenote_category":0,"jetpack_post_was_ever_published":false,"footnotes":""},"aioseo_notices":[],"jetpack_sharing_enabled":true,"jetpack_shortlink":"https:\/\/wp.me\/P44S03-BV","jetpack-related-posts":[],"_links":{"self":[{"href":"https:\/\/www.sportium.com.mx\/blog\/wp-json\/wp\/v2\/pages\/2351"}],"collection":[{"href":"https:\/\/www.sportium.com.mx\/blog\/wp-json\/wp\/v2\/pages"}],"about":[{"href":"https:\/\/www.sportium.com.mx\/blog\/wp-json\/wp\/v2\/types\/page"}],"author":[{"embeddable":true,"href":"https:\/\/www.sportium.com.mx\/blog\/wp-json\/wp\/v2\/users\/11"}],"replies":[{"embeddable":true,"href":"https:\/\/www.sportium.com.mx\/blog\/wp-json\/wp\/v2\/comments?post=2351"}],"version-history":[{"count":5,"href":"https:\/\/www.sportium.com.mx\/blog\/wp-json\/wp\/v2\/pages\/2351\/revisions"}],"predecessor-version":[{"id":15752,"href":"https:\/\/www.sportium.com.mx\/blog\/wp-json\/wp\/v2\/pages\/2351\/revisions\/15752"}],"wp:attachment":[{"href":"https:\/\/www.sportium.com.mx\/blog\/wp-json\/wp\/v2\/media?parent=2351"}],"curies":[{"name":"wp","href":"https:\/\/api.w.org\/{rel}","templated":true}]}}