{"id":2353,"date":"2017-04-27T19:47:23","date_gmt":"2017-04-27T19:47:23","guid":{"rendered":"https:\/\/www.sportium.com.mx\/blog\/?page_id=2353"},"modified":"2023-11-08T17:24:38","modified_gmt":"2023-11-08T23:24:38","slug":"inscripcion-grupal","status":"publish","type":"page","link":"https:\/\/www.sportium.com.mx\/blog\/inscripcion-grupal\/","title":{"rendered":"Inscripci\u00f3n Grupal"},"content":{"rendered":"<p class=\"r\">La <a href=\"https:\/\/www.sportium.com.mx\/inscripcion\/grupal\"><strong>inscripci\u00f3n grupal<\/strong><\/a>, (dos o m\u00e1s personas, est\u00e1 dise\u00f1ada para venir a entrenar con la familia, amigos o pareja), donde podr\u00e1n empezar a tener un estilo de vida mucho m\u00e1s saludable. En este tipo de inscripci\u00f3n, los miembros obtienen acceso a todas nuestras instalaciones, actividades, clases, y servicios para que se ejerciten en conjunto y de una manera divertida.\u00a0 Algunas de nuestras actividades son:<\/p>\n<ul>\n<li><strong>Gimnasio<\/strong><\/li>\n<li><strong>Nataci\u00f3n<\/strong><\/li>\n<li><strong>Box<\/strong><\/li>\n<li><strong>Yoga<\/strong><\/li>\n<li><strong>Cross Training<\/strong><\/li>\n<li><strong>Pilates<\/strong><\/li>\n<li><strong>Squash<\/strong><\/li>\n<li><strong>Parkour<\/strong><\/li>\n<li><strong>Body Systems<\/strong><\/li>\n<li><strong>Bike<\/strong><\/li>\n<\/ul>\n<p>Adem\u00e1s, a lo largo del a\u00f1o realizamos varios eventos deportivos y recreativos en todos los clubes Sportium, tanto para adultos como para los m\u00e1s peque\u00f1os de la casa, en donde incluimos din\u00e1micas, juegos, concursos, \u00a1y mucho m\u00e1s!<\/p>\n<p><a href=\"https:\/\/i0.wp.com\/www.sportium.com.mx\/blog\/wp-content\/uploads\/entrada_blog_eventos_club_familiar_club_deportivo_sportium8.jpg?ssl=1\"><img data-recalc-dims=\"1\" loading=\"lazy\" decoding=\"async\" class=\"alignnone size-full wp-image-24213\" src=\"https:\/\/i0.wp.com\/www.sportium.com.mx\/blog\/wp-content\/uploads\/entrada_blog_eventos_club_familiar_club_deportivo_sportium8.jpg?resize=730%2C410&#038;ssl=1\" alt=\"\" width=\"730\" height=\"410\" srcset=\"https:\/\/i0.wp.com\/www.sportium.com.mx\/blog\/wp-content\/uploads\/entrada_blog_eventos_club_familiar_club_deportivo_sportium8.jpg?w=1025&amp;ssl=1 1025w, https:\/\/i0.wp.com\/www.sportium.com.mx\/blog\/wp-content\/uploads\/entrada_blog_eventos_club_familiar_club_deportivo_sportium8.jpg?resize=300%2C169&amp;ssl=1 300w, https:\/\/i0.wp.com\/www.sportium.com.mx\/blog\/wp-content\/uploads\/entrada_blog_eventos_club_familiar_club_deportivo_sportium8.jpg?resize=768%2C432&amp;ssl=1 768w\" sizes=\"(max-width: 730px) 100vw, 730px\" \/><\/a><\/p>\n<p>As\u00ed que, ahora que ya conoces todo lo que incluye esta inscripci\u00f3n, te invitamos a elegir el tipo de membres\u00eda que m\u00e1s se ajuste a tus necesidades e inicia una vida totalmente saludable.<\/p>\n<p>Cont\u00e1ctanos al:<\/p>\n<p>Tel\u00e9fono: 55 1000 2500<\/p>\n<div class='_form_19'><\/div><script type='text\/javascript' src='https:\/\/sportium.activehosted.com\/f\/embed.php?static=0&id=19&6A03EF7536E94&nostyles=0&preview=0'><\/script>\n","protected":false},"excerpt":{"rendered":"<p>La inscripci\u00f3n grupal, (dos o m\u00e1s personas, est\u00e1 dise\u00f1ada para venir a entrenar con la familia, amigos o pareja), donde podr\u00e1n empezar a tener un estilo de vida mucho m\u00e1s saludable. En este tipo de inscripci\u00f3n, los miembros obtienen acceso a todas nuestras instalaciones, actividades, clases, y servicios para que se ejerciten en conjunto y<a class=\"moretag\" href=\"https:\/\/www.sportium.com.mx\/blog\/inscripcion-grupal\/\"><span class=\"screen-reader-text\">Leer m\u00e1s sobre Inscripci\u00f3n Grupal<\/span>[&#8230;]<\/a><\/p>\n","protected":false},"author":11,"featured_media":0,"parent":0,"menu_order":0,"comment_status":"closed","ping_status":"closed","template":"","meta":{"om_disable_all_campaigns":false,"_monsterinsights_skip_tracking":false,"_monsterinsights_sitenote_active":false,"_monsterinsights_sitenote_note":"","_monsterinsights_sitenote_category":0,"jetpack_post_was_ever_published":false,"footnotes":""},"aioseo_notices":[],"jetpack_sharing_enabled":true,"jetpack_shortlink":"https:\/\/wp.me\/P44S03-BX","jetpack-related-posts":[],"_links":{"self":[{"href":"https:\/\/www.sportium.com.mx\/blog\/wp-json\/wp\/v2\/pages\/2353"}],"collection":[{"href":"https:\/\/www.sportium.com.mx\/blog\/wp-json\/wp\/v2\/pages"}],"about":[{"href":"https:\/\/www.sportium.com.mx\/blog\/wp-json\/wp\/v2\/types\/page"}],"author":[{"embeddable":true,"href":"https:\/\/www.sportium.com.mx\/blog\/wp-json\/wp\/v2\/users\/11"}],"replies":[{"embeddable":true,"href":"https:\/\/www.sportium.com.mx\/blog\/wp-json\/wp\/v2\/comments?post=2353"}],"version-history":[{"count":10,"href":"https:\/\/www.sportium.com.mx\/blog\/wp-json\/wp\/v2\/pages\/2353\/revisions"}],"predecessor-version":[{"id":24214,"href":"https:\/\/www.sportium.com.mx\/blog\/wp-json\/wp\/v2\/pages\/2353\/revisions\/24214"}],"wp:attachment":[{"href":"https:\/\/www.sportium.com.mx\/blog\/wp-json\/wp\/v2\/media?parent=2353"}],"curies":[{"name":"wp","href":"https:\/\/api.w.org\/{rel}","templated":true}]}}