{"id":2628,"date":"2017-05-29T16:26:45","date_gmt":"2017-05-29T16:26:45","guid":{"rendered":"https:\/\/www.sportium.com.mx\/blog\/?page_id=2628"},"modified":"2017-05-29T16:26:45","modified_gmt":"2017-05-29T16:26:45","slug":"proceso-limpieza-la-alberca","status":"publish","type":"page","link":"https:\/\/www.sportium.com.mx\/blog\/preguntas-frecuentes\/proceso-limpieza-la-alberca\/","title":{"rendered":"\u00bfCu\u00e1l es el proceso de limpieza de la alberca?"},"content":{"rendered":"<p>El proceso de limpieza en las albercas de Sportium se divide en dos procesos: Filtraci\u00f3n y Desinfecci\u00f3n.<\/p>\n<p>Filtraci\u00f3n: como su nombre lo indica, filtra toda el agua de la piscina, en los clubes de San \u00c1ngel y Desierto de los Leones se utilizan dos tipos de filtros: arena y cartucho. Mientras que en los dem\u00e1s s\u00f3lo se utiliza el filtro de arena.<\/p>\n<p>Filtro de arena: estos filtros eliminan hasta diez micras de part\u00edculas.<\/p>\n<p>Cartucho: elimina las part\u00edculas de hasta 2 micras, todo esto para lograr una perfecta filtraci\u00f3n del agua y hacerla m\u00e1s cristalina.<\/p>\n<p>Desinfecci\u00f3n: en este proceso eliminamos bacterias y enfermedades utilizando tanto cloro como bromo.<\/p>\n","protected":false},"excerpt":{"rendered":"<p>El proceso de limpieza en las albercas de Sportium se divide en dos procesos: Filtraci\u00f3n y Desinfecci\u00f3n. Filtraci\u00f3n: como su nombre lo indica, filtra toda el agua de la piscina, en los clubes de San \u00c1ngel y Desierto de los Leones se utilizan dos tipos de filtros: arena y cartucho. Mientras que en los dem\u00e1s<a class=\"moretag\" href=\"https:\/\/www.sportium.com.mx\/blog\/preguntas-frecuentes\/proceso-limpieza-la-alberca\/\"><span class=\"screen-reader-text\">Leer m\u00e1s sobre \u00bfCu\u00e1l es el proceso de limpieza de la alberca?<\/span>[&#8230;]<\/a><\/p>\n","protected":false},"author":11,"featured_media":0,"parent":1892,"menu_order":0,"comment_status":"closed","ping_status":"closed","template":"","meta":{"om_disable_all_campaigns":false,"_monsterinsights_skip_tracking":false,"_monsterinsights_sitenote_active":false,"_monsterinsights_sitenote_note":"","_monsterinsights_sitenote_category":0,"jetpack_post_was_ever_published":false,"footnotes":""},"aioseo_notices":[],"jetpack_sharing_enabled":true,"jetpack_shortlink":"https:\/\/wp.me\/P44S03-Go","jetpack-related-posts":[],"_links":{"self":[{"href":"https:\/\/www.sportium.com.mx\/blog\/wp-json\/wp\/v2\/pages\/2628"}],"collection":[{"href":"https:\/\/www.sportium.com.mx\/blog\/wp-json\/wp\/v2\/pages"}],"about":[{"href":"https:\/\/www.sportium.com.mx\/blog\/wp-json\/wp\/v2\/types\/page"}],"author":[{"embeddable":true,"href":"https:\/\/www.sportium.com.mx\/blog\/wp-json\/wp\/v2\/users\/11"}],"replies":[{"embeddable":true,"href":"https:\/\/www.sportium.com.mx\/blog\/wp-json\/wp\/v2\/comments?post=2628"}],"version-history":[{"count":1,"href":"https:\/\/www.sportium.com.mx\/blog\/wp-json\/wp\/v2\/pages\/2628\/revisions"}],"predecessor-version":[{"id":2629,"href":"https:\/\/www.sportium.com.mx\/blog\/wp-json\/wp\/v2\/pages\/2628\/revisions\/2629"}],"up":[{"embeddable":true,"href":"https:\/\/www.sportium.com.mx\/blog\/wp-json\/wp\/v2\/pages\/1892"}],"wp:attachment":[{"href":"https:\/\/www.sportium.com.mx\/blog\/wp-json\/wp\/v2\/media?parent=2628"}],"curies":[{"name":"wp","href":"https:\/\/api.w.org\/{rel}","templated":true}]}}