{"id":2637,"date":"2017-05-29T16:57:01","date_gmt":"2017-05-29T16:57:01","guid":{"rendered":"https:\/\/www.sportium.com.mx\/blog\/?page_id=2637"},"modified":"2018-01-02T16:50:26","modified_gmt":"2018-01-02T22:50:26","slug":"cuentan-membresias-corporativas","status":"publish","type":"page","link":"https:\/\/www.sportium.com.mx\/blog\/preguntas-frecuentes\/cuentan-membresias-corporativas\/","title":{"rendered":"\u00bfCuentan con convenios para empresas?"},"content":{"rendered":"<p><a>Claro que s\u00ed, contamos con una corporativa para brindarle a tus empleados una vida mucho m\u00e1s saludable con actividades deportivas y recreativas,\u00a0<\/a><a><span style=\"color: #000000; font-family: arial, helvetica, sans-serif;\">Contamos con torneos, renta de canchas y promociones especiales en grupo.\u00a0<\/span><\/a><\/p>\n<p>Ll\u00e1manos a nuestra l\u00ednea telef\u00f3nica donde un ejecutivo te atender\u00e1: 10002500 o manda un mail a\u00a0<a href=\"mailto:ventascorporativas@sportium.com.mx\" target=\"_blank\" rel=\"noopener\">ventascorporativas@sportium.<wbr \/>com.mx<\/a><\/p>\n","protected":false},"excerpt":{"rendered":"<p>Claro que s\u00ed, contamos con una corporativa para brindarle a tus empleados una vida mucho m\u00e1s saludable con actividades deportivas y recreativas,\u00a0Contamos con torneos, renta de canchas y promociones especiales en grupo.\u00a0 Ll\u00e1manos a nuestra l\u00ednea telef\u00f3nica donde un ejecutivo te atender\u00e1: 10002500 o manda un mail a\u00a0ventascorporativas@sportium.com.mx<\/p>\n","protected":false},"author":11,"featured_media":0,"parent":1892,"menu_order":0,"comment_status":"closed","ping_status":"closed","template":"","meta":{"om_disable_all_campaigns":false,"_monsterinsights_skip_tracking":false,"_monsterinsights_sitenote_active":false,"_monsterinsights_sitenote_note":"","_monsterinsights_sitenote_category":0,"jetpack_post_was_ever_published":false,"footnotes":""},"aioseo_notices":[],"jetpack_sharing_enabled":true,"jetpack_shortlink":"https:\/\/wp.me\/P44S03-Gx","jetpack-related-posts":[],"_links":{"self":[{"href":"https:\/\/www.sportium.com.mx\/blog\/wp-json\/wp\/v2\/pages\/2637"}],"collection":[{"href":"https:\/\/www.sportium.com.mx\/blog\/wp-json\/wp\/v2\/pages"}],"about":[{"href":"https:\/\/www.sportium.com.mx\/blog\/wp-json\/wp\/v2\/types\/page"}],"author":[{"embeddable":true,"href":"https:\/\/www.sportium.com.mx\/blog\/wp-json\/wp\/v2\/users\/11"}],"replies":[{"embeddable":true,"href":"https:\/\/www.sportium.com.mx\/blog\/wp-json\/wp\/v2\/comments?post=2637"}],"version-history":[{"count":2,"href":"https:\/\/www.sportium.com.mx\/blog\/wp-json\/wp\/v2\/pages\/2637\/revisions"}],"predecessor-version":[{"id":3637,"href":"https:\/\/www.sportium.com.mx\/blog\/wp-json\/wp\/v2\/pages\/2637\/revisions\/3637"}],"up":[{"embeddable":true,"href":"https:\/\/www.sportium.com.mx\/blog\/wp-json\/wp\/v2\/pages\/1892"}],"wp:attachment":[{"href":"https:\/\/www.sportium.com.mx\/blog\/wp-json\/wp\/v2\/media?parent=2637"}],"curies":[{"name":"wp","href":"https:\/\/api.w.org\/{rel}","templated":true}]}}