{"id":26456,"date":"2025-01-07T13:45:32","date_gmt":"2025-01-07T19:45:32","guid":{"rendered":"https:\/\/www.sportium.com.mx\/blog\/?page_id=26456"},"modified":"2025-01-07T13:45:44","modified_gmt":"2025-01-07T19:45:44","slug":"camas-hidromasaje","status":"publish","type":"page","link":"https:\/\/www.sportium.com.mx\/blog\/camas-hidromasaje\/","title":{"rendered":"Camas de Hidromasaje"},"content":{"rendered":"<p>Rel\u00e1jate y renueva tu cuerpo y mente con las camas de hidromasaje en Sportium.<\/p>\n<p>En Sportium, contamos con el servicio de<strong>\u00a0camas de hidromasaje en nuestros clubes Del Valle, Arboledas, Desierto y Coapa<\/strong>\u00a0y al ser\u00a0<strong>Usuario Premium o Premium Plus*<\/strong>\u00a0puedes tener acceso a este servicio\u00a0<strong>SIN COSTO<\/strong>.<\/p>\n<p>Para usuarios UNICLUB, el uso de las camas tiene costo adicional.*<\/p>\n<p>Si a\u00fan no conoces este servicio, aqu\u00ed te contamos en qu\u00e9 consiste y qu\u00e9 beneficios a la salud puedes obtener.<\/p>\n<h3><strong>\u00bfQu\u00e9 son las camas de hidromasaje?<\/strong><\/h3>\n<p>Las camas de hidromasaje, consisten en un masaje c\u00f3modo, seco, de cuerpo completo con el uso de agua a presi\u00f3n. La presi\u00f3n del agua es la parte \u00abhidro\u00bb del hidromasaje, sin embargo, el agua est\u00e1 contenida dentro de la propia cama, por lo que sigue siendo un masaje en seco.<\/p>\n<p>Puedes utilizar la cama de hidromasaje completamente vestido y controlar las zonas del cuerpo que deseas tratar. Tambi\u00e9n puedes utilizar los ajustes preprogramados de la cama o ajustarlos seg\u00fan tus necesidades durante el masaje.<\/p>\n<h3><strong>\u00bfCu\u00e1les son sus beneficios?<\/strong><\/h3>\n<p>La\u00a0camas de hidromasaje son conocidas por sus m\u00faltiples beneficios para la salud, incluyendo alivio del dolor, mejora de la circulaci\u00f3n sangu\u00ednea y reducci\u00f3n del estr\u00e9s.<\/p>\n<ul>\n<li>Calienta los m\u00fasculos antes del entrenamiento<\/li>\n<li>Afloja los m\u00fasculos despu\u00e9s del entrenamiento para evitar molestias.<\/li>\n<li>Tiene propiedades recuperadoras y curativas para tratar lesiones y enfermedades.<\/li>\n<li>Proporcionan relajaci\u00f3n profunda, rejuvenecimiento y sensaci\u00f3n de bienestar.<\/li>\n<li>Ayuda a remediar la ansiedad, migra\u00f1as, circulaci\u00f3n, hipertensi\u00f3n, flexibilidad y m\u00e1s.<\/li>\n<\/ul>\n<p>Como podr\u00e1s darte cuenta, el hidromasaje es una forma c\u00f3moda de obtener los resultados terap\u00e9uticos de un masaje manual tradicional, sin las limitaciones de tiempo. La cama te permite tumbarte, completamente vestido, y disfrutar de la presi\u00f3n personalizada del agua en todas las zonas del cuerpo durante tan solo 10 minutos.<\/p>\n<p>Sin embargo, tambi\u00e9n hay algunas contraindicaciones importantes a tener en cuenta al usarlas, por lo que es importante hablar con un m\u00e9dico antes de usar una cama de hidromasaje si se tiene alguna afecci\u00f3n m\u00e9dica espec\u00edfica o preocupaciones.<\/p>\n<p>En Sportium, estamos comprometidos con proporcionarte una experiencia de bienestar y relajaci\u00f3n de alta calidad. \u00a1Ven y descubre por ti mismo los beneficios de nuestras camas de hidromasaje!<\/p>\n","protected":false},"excerpt":{"rendered":"<p>Rel\u00e1jate y renueva tu cuerpo y mente con las camas de hidromasaje en Sportium. En Sportium, contamos con el servicio de\u00a0camas de hidromasaje en nuestros clubes Del Valle, Arboledas, Desierto y Coapa\u00a0y al ser\u00a0Usuario Premium o Premium Plus*\u00a0puedes tener acceso a este servicio\u00a0SIN COSTO. Para usuarios UNICLUB, el uso de las camas tiene costo adicional.*<a class=\"moretag\" href=\"https:\/\/www.sportium.com.mx\/blog\/camas-hidromasaje\/\"><span class=\"screen-reader-text\">Leer m\u00e1s sobre Camas de Hidromasaje<\/span>[&#8230;]<\/a><\/p>\n","protected":false},"author":11,"featured_media":0,"parent":0,"menu_order":0,"comment_status":"closed","ping_status":"closed","template":"","meta":{"om_disable_all_campaigns":false,"_monsterinsights_skip_tracking":false,"_monsterinsights_sitenote_active":false,"_monsterinsights_sitenote_note":"","_monsterinsights_sitenote_category":0,"jetpack_post_was_ever_published":false,"footnotes":""},"aioseo_notices":[],"jetpack_sharing_enabled":true,"jetpack_shortlink":"https:\/\/wp.me\/P44S03-6SI","jetpack-related-posts":[],"_links":{"self":[{"href":"https:\/\/www.sportium.com.mx\/blog\/wp-json\/wp\/v2\/pages\/26456"}],"collection":[{"href":"https:\/\/www.sportium.com.mx\/blog\/wp-json\/wp\/v2\/pages"}],"about":[{"href":"https:\/\/www.sportium.com.mx\/blog\/wp-json\/wp\/v2\/types\/page"}],"author":[{"embeddable":true,"href":"https:\/\/www.sportium.com.mx\/blog\/wp-json\/wp\/v2\/users\/11"}],"replies":[{"embeddable":true,"href":"https:\/\/www.sportium.com.mx\/blog\/wp-json\/wp\/v2\/comments?post=26456"}],"version-history":[{"count":5,"href":"https:\/\/www.sportium.com.mx\/blog\/wp-json\/wp\/v2\/pages\/26456\/revisions"}],"predecessor-version":[{"id":28617,"href":"https:\/\/www.sportium.com.mx\/blog\/wp-json\/wp\/v2\/pages\/26456\/revisions\/28617"}],"wp:attachment":[{"href":"https:\/\/www.sportium.com.mx\/blog\/wp-json\/wp\/v2\/media?parent=26456"}],"curies":[{"name":"wp","href":"https:\/\/api.w.org\/{rel}","templated":true}]}}