{"id":2652,"date":"2017-05-29T17:26:09","date_gmt":"2017-05-29T17:26:09","guid":{"rendered":"https:\/\/www.sportium.com.mx\/blog\/?page_id=2652"},"modified":"2017-05-29T17:26:09","modified_gmt":"2017-05-29T17:26:09","slug":"hago-me-quiero-dar-baja","status":"publish","type":"page","link":"https:\/\/www.sportium.com.mx\/blog\/preguntas-frecuentes\/hago-me-quiero-dar-baja\/","title":{"rendered":"\u00bfQu\u00e9 hago si me quiero dar de baja?"},"content":{"rendered":"<p>Te recomendamos antes de darte de baja preguntar por las opciones de ausencia o reactivaci\u00f3n de acuerdo a tus necesidades. Asiste al club al que perteneces y solicita en recepci\u00f3n el tr\u00e1mite antes del d\u00eda 25 de cada mes y \u00a1listo! el siguiente mes se ver\u00e1 reflejado el cambio solicitado en la inscripci\u00f3n.<\/p>\n","protected":false},"excerpt":{"rendered":"<p>Te recomendamos antes de darte de baja preguntar por las opciones de ausencia o reactivaci\u00f3n de acuerdo a tus necesidades. Asiste al club al que perteneces y solicita en recepci\u00f3n el tr\u00e1mite antes del d\u00eda 25 de cada mes y \u00a1listo! el siguiente mes se ver\u00e1 reflejado el cambio solicitado en la inscripci\u00f3n.<\/p>\n","protected":false},"author":11,"featured_media":0,"parent":1892,"menu_order":0,"comment_status":"closed","ping_status":"closed","template":"","meta":{"om_disable_all_campaigns":false,"_monsterinsights_skip_tracking":false,"_monsterinsights_sitenote_active":false,"_monsterinsights_sitenote_note":"","_monsterinsights_sitenote_category":0,"jetpack_post_was_ever_published":false,"footnotes":""},"aioseo_notices":[],"jetpack_sharing_enabled":true,"jetpack_shortlink":"https:\/\/wp.me\/P44S03-GM","jetpack-related-posts":[],"_links":{"self":[{"href":"https:\/\/www.sportium.com.mx\/blog\/wp-json\/wp\/v2\/pages\/2652"}],"collection":[{"href":"https:\/\/www.sportium.com.mx\/blog\/wp-json\/wp\/v2\/pages"}],"about":[{"href":"https:\/\/www.sportium.com.mx\/blog\/wp-json\/wp\/v2\/types\/page"}],"author":[{"embeddable":true,"href":"https:\/\/www.sportium.com.mx\/blog\/wp-json\/wp\/v2\/users\/11"}],"replies":[{"embeddable":true,"href":"https:\/\/www.sportium.com.mx\/blog\/wp-json\/wp\/v2\/comments?post=2652"}],"version-history":[{"count":1,"href":"https:\/\/www.sportium.com.mx\/blog\/wp-json\/wp\/v2\/pages\/2652\/revisions"}],"predecessor-version":[{"id":2653,"href":"https:\/\/www.sportium.com.mx\/blog\/wp-json\/wp\/v2\/pages\/2652\/revisions\/2653"}],"up":[{"embeddable":true,"href":"https:\/\/www.sportium.com.mx\/blog\/wp-json\/wp\/v2\/pages\/1892"}],"wp:attachment":[{"href":"https:\/\/www.sportium.com.mx\/blog\/wp-json\/wp\/v2\/media?parent=2652"}],"curies":[{"name":"wp","href":"https:\/\/api.w.org\/{rel}","templated":true}]}}