{"id":28608,"date":"2025-01-07T11:43:41","date_gmt":"2025-01-07T17:43:41","guid":{"rendered":"https:\/\/www.sportium.com.mx\/blog\/?page_id=28608"},"modified":"2025-01-07T14:10:34","modified_gmt":"2025-01-07T20:10:34","slug":"invitados-gratis","status":"publish","type":"page","link":"https:\/\/www.sportium.com.mx\/blog\/invitados-gratis\/","title":{"rendered":"Invitados Gratis"},"content":{"rendered":"<p>Pases de Invitados Gratis<\/p>\n<p>\u00a1Disfruta de los beneficios exclusivos de ser miembro socio Premium o Premium Plus en Sportium!<\/p>\n<p>Como miembro socio Premium o Premium Plus, tienes derecho a pases de invitado gratis para que tus amigos y familiares puedan disfrutar de nuestras instalaciones y servicios.<\/p>\n<p>Con estos pases de invitado, podr\u00e1s compartir la experiencia Sportium con aquellos que te importan, y ellos podr\u00e1n disfrutar de:<\/p>\n<p>&#8211; Acceso a nuestras instalaciones de entrenamiento y bienestar<br \/>\n&#8211; Clases de grupo y actividades dirigidas<br \/>\n&#8211; Acceso a nuestras \u00e1reas de relajaci\u00f3n<\/p>\n<p>No pierdas la oportunidad de compartir la experiencia Sportium con tus seres queridos. \u00a1Regala un d\u00eda de bienestar y diversi\u00f3n con nuestros pases de invitado gratis!<\/p>\n<p>Consulta los t\u00e9rminos y condiciones de los pases de invitado en nuestra p\u00e1gina web o en recepci\u00f3n.<\/p>\n<p>\u00a1Gracias por ser parte de la comunidad Sportium!<\/p>\n<p><a href=\"https:\/\/i0.wp.com\/www.sportium.com.mx\/blog\/wp-content\/uploads\/453173762_906863644801395_7970589147211795950_n.jpg?ssl=1\"><img data-recalc-dims=\"1\" loading=\"lazy\" decoding=\"async\" class=\"alignnone size-large wp-image-28622\" src=\"https:\/\/i0.wp.com\/www.sportium.com.mx\/blog\/wp-content\/uploads\/453173762_906863644801395_7970589147211795950_n.jpg?resize=730%2C730&#038;ssl=1\" alt=\"\" width=\"730\" height=\"730\" srcset=\"https:\/\/i0.wp.com\/www.sportium.com.mx\/blog\/wp-content\/uploads\/453173762_906863644801395_7970589147211795950_n.jpg?resize=1024%2C1024&amp;ssl=1 1024w, https:\/\/i0.wp.com\/www.sportium.com.mx\/blog\/wp-content\/uploads\/453173762_906863644801395_7970589147211795950_n.jpg?resize=300%2C300&amp;ssl=1 300w, https:\/\/i0.wp.com\/www.sportium.com.mx\/blog\/wp-content\/uploads\/453173762_906863644801395_7970589147211795950_n.jpg?resize=150%2C150&amp;ssl=1 150w, https:\/\/i0.wp.com\/www.sportium.com.mx\/blog\/wp-content\/uploads\/453173762_906863644801395_7970589147211795950_n.jpg?resize=768%2C768&amp;ssl=1 768w, https:\/\/i0.wp.com\/www.sportium.com.mx\/blog\/wp-content\/uploads\/453173762_906863644801395_7970589147211795950_n.jpg?w=1200&amp;ssl=1 1200w\" sizes=\"(max-width: 730px) 100vw, 730px\" \/><\/a><\/p>\n","protected":false},"excerpt":{"rendered":"<p>Pases de Invitados Gratis \u00a1Disfruta de los beneficios exclusivos de ser miembro socio Premium o Premium Plus en Sportium! Como miembro socio Premium o Premium Plus, tienes derecho a pases de invitado gratis para que tus amigos y familiares puedan disfrutar de nuestras instalaciones y servicios. Con estos pases de invitado, podr\u00e1s compartir la experiencia<a class=\"moretag\" href=\"https:\/\/www.sportium.com.mx\/blog\/invitados-gratis\/\"><span class=\"screen-reader-text\">Leer m\u00e1s sobre Invitados Gratis<\/span>[&#8230;]<\/a><\/p>\n","protected":false},"author":11,"featured_media":0,"parent":0,"menu_order":0,"comment_status":"closed","ping_status":"closed","template":"","meta":{"om_disable_all_campaigns":false,"_monsterinsights_skip_tracking":false,"_monsterinsights_sitenote_active":false,"_monsterinsights_sitenote_note":"","_monsterinsights_sitenote_category":0,"jetpack_post_was_ever_published":false,"footnotes":""},"aioseo_notices":[],"jetpack_sharing_enabled":true,"jetpack_shortlink":"https:\/\/wp.me\/P44S03-7rq","jetpack-related-posts":[],"_links":{"self":[{"href":"https:\/\/www.sportium.com.mx\/blog\/wp-json\/wp\/v2\/pages\/28608"}],"collection":[{"href":"https:\/\/www.sportium.com.mx\/blog\/wp-json\/wp\/v2\/pages"}],"about":[{"href":"https:\/\/www.sportium.com.mx\/blog\/wp-json\/wp\/v2\/types\/page"}],"author":[{"embeddable":true,"href":"https:\/\/www.sportium.com.mx\/blog\/wp-json\/wp\/v2\/users\/11"}],"replies":[{"embeddable":true,"href":"https:\/\/www.sportium.com.mx\/blog\/wp-json\/wp\/v2\/comments?post=28608"}],"version-history":[{"count":2,"href":"https:\/\/www.sportium.com.mx\/blog\/wp-json\/wp\/v2\/pages\/28608\/revisions"}],"predecessor-version":[{"id":28623,"href":"https:\/\/www.sportium.com.mx\/blog\/wp-json\/wp\/v2\/pages\/28608\/revisions\/28623"}],"wp:attachment":[{"href":"https:\/\/www.sportium.com.mx\/blog\/wp-json\/wp\/v2\/media?parent=28608"}],"curies":[{"name":"wp","href":"https:\/\/api.w.org\/{rel}","templated":true}]}}