{"id":3189,"date":"2017-06-29T20:01:20","date_gmt":"2017-06-29T20:01:20","guid":{"rendered":"https:\/\/www.sportium.com.mx\/blog\/?page_id=3189"},"modified":"2024-05-09T10:06:36","modified_gmt":"2024-05-09T16:06:36","slug":"renta-de-locker","status":"publish","type":"page","link":"https:\/\/www.sportium.com.mx\/blog\/promociones-sportium\/renta-de-locker\/","title":{"rendered":"Renta de Locker"},"content":{"rendered":"<p><span style=\"font-weight: 400;\">\u00bfNo sabes d\u00f3nde guardar tus cosas a la hora de acudir a tu Sportium favorito? <\/span><span style=\"font-weight: 400;\">Nosotros tenemos la soluci\u00f3n, <span style=\"color: #ff6600;\"><strong>renta un locker<\/strong><\/span> con nosotros.<\/span><\/p>\n<p><span style=\"font-weight: 400;\">Seguramente cuando acudes a cualquier <strong>Club Sportium<\/strong> te saltan inquietudes como: \u00bfD\u00f3nde dejar\u00e9 mis cosas? \u00bfTendr\u00e1n lockers disponibles para dejar mis cosas? La respuesta es<span style=\"color: #ff6600;\"><strong> S\u00cd<\/strong><\/span>, en Sportium contamos con ese servicio ya sea de entrada por salida o bien, la renta mensual de estos accesorios.<\/span><\/p>\n<p><span style=\"font-weight: 400;\">Porque sabemos que, para mantener un orden dentro de nuestras instalaciones, es necesario contar con estas herramientas. Los lockers, brindan al usuario, un sitio para guardar sus objetos y mantenerlos seguros, cuidando as\u00ed las \u00e1reas de ejercicio y entrenamientos, libre, sin mochilas u otros objetos que impidan el entrenamiento de los dem\u00e1s usuarios. <\/span><\/p>\n<p><span style=\"color: #ff6600;\"><strong>Beneficios <\/strong><\/span><\/p>\n<p><span style=\"font-weight: 400;\">Brindan un espacio personal: ellos ser\u00e1n una extensi\u00f3n de ti dentro de Sportium. El lugar ideal para dejar todas tus cosas. <\/span><\/p>\n<p><span style=\"color: #ff6600;\"><strong>Son seguros <\/strong><\/span><\/p>\n<p><span style=\"font-weight: 400;\">Tus cosas personales estar\u00e1n en todo momento estar\u00e1n a salvo, puedes traer un candado y si no cuentas con uno, puedes adquirir uno en la tienda deportiva o en Front Desk.<\/span><\/p>\n<p><span style=\"color: #ff6600;\"><strong>Lockers de entrada por salida<\/strong><\/span><\/p>\n<p><span style=\"font-weight: 400;\">Este servicio est\u00e1 disponible si lo que requieres es hacer uso de un locker s\u00f3lo durante tu estancia en el club. Puedes hacer uso de un locker peque\u00f1o que se encuentre abierto y vac\u00edo, guarda tus cosas y ci\u00e9rralo muy bien con tu candado. Recuerda que debes retirar tus pertenencias al terminar tu d\u00eda en Sportium.<\/span><\/p>\n<p><span style=\"color: #ff6600;\"><strong>Lockers amplios <\/strong><\/span><\/p>\n<p><span style=\"font-weight: 400;\">\u00bfPor qu\u00e9 conformarte con un locker peque\u00f1o de entrada, por salida, si puedes tener acceso a un locker m\u00e1s amplio? Ac\u00e1 podr\u00e1s colgar tu ropa sin que se te arrugue y si te pasa eso, puedes utilizar las planchas de vapor para dejarla impecable. Ideal para los usuarios que ven a su Club Sportium, como su segunda casa.<\/span><\/p>\n<p><span style=\"font-weight: 400;\">Adquiere el servicio de locker directamente en la recepci\u00f3n de tu Club Sportium y empieza a gozar de estos accesorios.<\/span><\/p>\n<hr \/>\n<p style=\"text-align: center;\"><a href=\"https:\/\/i0.wp.com\/www.sportium.com.mx\/blog\/wp-content\/uploads\/IMAGENES-PARA-BLOG23.jpg?ssl=1\"><img data-recalc-dims=\"1\" loading=\"lazy\" decoding=\"async\" class=\"alignnone size-full wp-image-16817\" src=\"https:\/\/i0.wp.com\/www.sportium.com.mx\/blog\/wp-content\/uploads\/IMAGENES-PARA-BLOG23.jpg?resize=730%2C486&#038;ssl=1\" alt=\"\" width=\"730\" height=\"486\" srcset=\"https:\/\/i0.wp.com\/www.sportium.com.mx\/blog\/wp-content\/uploads\/IMAGENES-PARA-BLOG23.jpg?w=800&amp;ssl=1 800w, https:\/\/i0.wp.com\/www.sportium.com.mx\/blog\/wp-content\/uploads\/IMAGENES-PARA-BLOG23.jpg?resize=300%2C200&amp;ssl=1 300w, https:\/\/i0.wp.com\/www.sportium.com.mx\/blog\/wp-content\/uploads\/IMAGENES-PARA-BLOG23.jpg?resize=768%2C512&amp;ssl=1 768w\" sizes=\"(max-width: 730px) 100vw, 730px\" \/><\/a><\/p>\n<p style=\"text-align: center;\"><div class='_form_19'><\/div><script type='text\/javascript' src='https:\/\/sportium.activehosted.com\/f\/embed.php?static=0&id=19&6A08F00BD0BDD&nostyles=0&preview=0'><\/script><\/p>\n","protected":false},"excerpt":{"rendered":"<p>\u00bfNo sabes d\u00f3nde guardar tus cosas a la hora de acudir a tu Sportium favorito? Nosotros tenemos la soluci\u00f3n, renta un locker con nosotros. Seguramente cuando acudes a cualquier Club Sportium te saltan inquietudes como: \u00bfD\u00f3nde dejar\u00e9 mis cosas? \u00bfTendr\u00e1n lockers disponibles para dejar mis cosas? La respuesta es S\u00cd, en Sportium contamos con ese<a class=\"moretag\" href=\"https:\/\/www.sportium.com.mx\/blog\/promociones-sportium\/renta-de-locker\/\"><span class=\"screen-reader-text\">Leer m\u00e1s sobre Renta de Locker<\/span>[&#8230;]<\/a><\/p>\n","protected":false},"author":11,"featured_media":0,"parent":1436,"menu_order":0,"comment_status":"closed","ping_status":"closed","template":"","meta":{"om_disable_all_campaigns":false,"_monsterinsights_skip_tracking":false,"_monsterinsights_sitenote_active":false,"_monsterinsights_sitenote_note":"","_monsterinsights_sitenote_category":0,"jetpack_post_was_ever_published":false,"footnotes":""},"aioseo_notices":[],"jetpack_sharing_enabled":true,"jetpack_shortlink":"https:\/\/wp.me\/P44S03-Pr","jetpack-related-posts":[],"_links":{"self":[{"href":"https:\/\/www.sportium.com.mx\/blog\/wp-json\/wp\/v2\/pages\/3189"}],"collection":[{"href":"https:\/\/www.sportium.com.mx\/blog\/wp-json\/wp\/v2\/pages"}],"about":[{"href":"https:\/\/www.sportium.com.mx\/blog\/wp-json\/wp\/v2\/types\/page"}],"author":[{"embeddable":true,"href":"https:\/\/www.sportium.com.mx\/blog\/wp-json\/wp\/v2\/users\/11"}],"replies":[{"embeddable":true,"href":"https:\/\/www.sportium.com.mx\/blog\/wp-json\/wp\/v2\/comments?post=3189"}],"version-history":[{"count":13,"href":"https:\/\/www.sportium.com.mx\/blog\/wp-json\/wp\/v2\/pages\/3189\/revisions"}],"predecessor-version":[{"id":25422,"href":"https:\/\/www.sportium.com.mx\/blog\/wp-json\/wp\/v2\/pages\/3189\/revisions\/25422"}],"up":[{"embeddable":true,"href":"https:\/\/www.sportium.com.mx\/blog\/wp-json\/wp\/v2\/pages\/1436"}],"wp:attachment":[{"href":"https:\/\/www.sportium.com.mx\/blog\/wp-json\/wp\/v2\/media?parent=3189"}],"curies":[{"name":"wp","href":"https:\/\/api.w.org\/{rel}","templated":true}]}}