{"id":3204,"date":"2017-07-10T16:26:04","date_gmt":"2017-07-10T16:26:04","guid":{"rendered":"https:\/\/www.sportium.com.mx\/blog\/?page_id=3204"},"modified":"2017-07-11T18:20:25","modified_gmt":"2017-07-11T18:20:25","slug":"how-to-sportium","status":"publish","type":"page","link":"https:\/\/www.sportium.com.mx\/blog\/how-to-sportium\/","title":{"rendered":"How to Sportium"},"content":{"rendered":"<p>Si quieres hacer bien las cosas y llevar un perfecto control de tus avances con las rutinas impartidas por nuestros profesionales de fitness, sigue este paso a paso, donde te explicaremos de principio a fin lo que significa vivir la experiencia Sportium.<\/p>\n<p>Al ingresar a un club deportivo, siempre nos toparemos con dos clases de personas:<\/p>\n<ol>\n<li>Los que se suben a los aparatos y hacen \u201cejercicio\u201d sin llevar una rutina de tiempos previamente establecida y que por ende no llegan a sus metas previamente establecidas \u00a0y terminan por desertar en uno o dos meses.<\/li>\n<li>Y los que no tienen idea, pero quieren ejercitarse y fortalecerse, llevando una rutina controlada, para lograr el \u00e9xito en el menor tiempo posible.<\/li>\n<\/ol>\n<p>Si eres de los segundos, \u00a1felicidades est\u00e1s en el lugar correcto! sigue al pie de la letra el siguiente tutorial, para que cuando llegues a la coordinaci\u00f3n deportiva del Sportium de tu elecci\u00f3n, vivas la experiencia de \u00abHow to Sportium\u00bb.<\/p>\n<p><strong>Programas de entrenamiento<\/strong><\/p>\n<p>Wellness: ideado para personas que s\u00ed han hecho algo de ejercicio en su vida y tambi\u00e9n para los que no. (5 niveles)<\/p>\n<p>Fitness: pensado para personas que quieren verse y sentirse bien, personas que les gusta cuidar su figura. (5 niveles)<\/p>\n<p>Performance: ideal para personas que se ejercitan a diario, como atletas de alto rendimiento. (4 niveles)<\/p>\n<p>*Cada uno de los programas de entrenamiento, tienen una duraci\u00f3n de 90 d\u00edas.<\/p>\n<p><strong>\u00bfEst\u00e1s listo? \u00a1Adelante!<\/strong><\/p>\n<p>Paso 1: \u00a0Acude a la coordinaci\u00f3n deportiva del Club Sportium que elegiste, para agendar tu entrevista inicial.<\/p>\n<p>Seguro te preguntar\u00e1s \u00bfPor qu\u00e9 una entrevista inicial? si vengo a hacer ejercicio.<\/p>\n<p>\u00a1F\u00e1cil!, porque con ella el entrenador te har\u00e1 una valoraci\u00f3n f\u00edsica, donde adem\u00e1s de conocerte, podr\u00e1 determinar si tienes actividad f\u00edsica recurrente o nula, con la aplicaci\u00f3n de algunas sencillas pruebas de rendimiento.<\/p>\n<p>Te recomendamos asistir en ayuno de alimentos y agua de por lo menos 4 horas.<\/p>\n<p>Viste ropa deportiva.<\/p>\n<p>&nbsp;<\/p>\n<p><strong>Paso 2: \u00a1Eval\u00faate!<\/strong><\/p>\n<p>\u00a1Ahora s\u00ed, se viene lo bueno!<\/p>\n<p>De inicio estar\u00e1s en el primer nivel de entrenamiento: Wellnes, aqu\u00ed el entrenador te pondr\u00e1 una bater\u00eda de pruebas f\u00edsicas, las cuales deber\u00e1s hacer sin parar durante el tiempo que te diga el entrenador (1 minuto aproximadamente).<\/p>\n<p>Ojo: una vez iniciada la prueba o el ejercicio, no podr\u00e1s detenerte para acomodarte y seguir con el mismo, en ese momento la prueba termina, esto tiene que ser as\u00ed, ya que es la \u00fanica manera de saber la t\u00e9cnica con la que est\u00e1s trabajando y sobre todo el esfuerzo de tus m\u00fasculos.<\/p>\n<p><strong>La primera bater\u00eda de pruebas que deber\u00e1s efectuar es la siguiente:<\/strong><\/p>\n<ul>\n<li>Lagartijas a la falla (m\u00e1ximas repeticiones durante 1 minuto)<\/li>\n<li>Abdominales (m\u00e1ximas repeticiones durante 1 minuto)<\/li>\n<li>Prueba de flexibilidad: la cual consta en sentarse en un banco y extender los brazos hacia adelante.<\/li>\n<\/ul>\n<p>*Estas pruebas servir\u00e1n para medir la fuerza, flexibilidad y resistencia de tu cuerpo. Se aplicar\u00e1n como evaluaci\u00f3n al final de cada nivel, para valorar el estado f\u00edsico del usuario y as\u00ed acceder tanto a un nuevo nivel o bien el siguiente programa de entrenamiento.<\/p>\n<p><strong>\u00bfC\u00f3mo sabemos si pasaste estas pruebas?<\/strong><\/p>\n<p>F\u00e1cil, dependiendo del n\u00famero de repeticiones que hayas logrado durante el minuto establecido.<\/p>\n<p>Si estas pruebas resultan ser tu calentamiento, entonces pasar\u00e1s a realizar otras pruebas f\u00edsicas y por ende no ser\u00e1s Wellness.<\/p>\n<p><strong>Segunda bater\u00eda de pruebas, correspondientes al programa de entrenamiento; Fitness:<\/strong><\/p>\n<ul>\n<li>Sentadilla a la falla y press de pecho (m\u00e1ximas repeticiones durante 1 minuto, ambas se efect\u00faan para los niveles 1 y 2)<\/li>\n<li>Dominadas al fallo y sentadillas con peso m\u00e1ximo (m\u00e1ximas repeticiones durante 1 minuto para niveles 3 y 4)<\/li>\n<li>Burpees y press de pecho (m\u00e1ximas repeticiones durante 1 minuto para el nivel 5)<\/li>\n<\/ul>\n<p>* Estas pruebas se aplican como evaluaci\u00f3n al final de cada nivel para pasar a otro programa de entrenamiento.<\/p>\n<p>Si estas pruebas te hacen los mandados, felicidades eres un atleta de alto rendimiento y por ende deber\u00e1s recalar en el siguiente programa de entrenamiento: Performance.<\/p>\n<p><strong>Tercera bater\u00eda de pruebas, correspondientes al programa de entrenamiento; Performance:<\/strong><\/p>\n<ul>\n<li>Burpees (m\u00e1ximas repeticiones durante 1 minuto)<\/li>\n<li>Press de pecho (m\u00e1ximas repeticiones durante 1 minuto)<\/li>\n<\/ul>\n<p><strong>Paso 3: Valoraci\u00f3n del Fit-test<\/strong><\/p>\n<p>Al finalizar las bater\u00edas de pruebas, viene la valoraci\u00f3n Fit-test con la m\u00e1quina inbody, en ella mediremos tus caracter\u00edsticas f\u00edsicas y veremos a detalle qu\u00e9 parte de tu cuerpo necesita m\u00e1s trabajo.<\/p>\n<p>Aqu\u00ed se te explicar\u00e1 en qu\u00e9 programa de entrenamiento estar\u00e1s, fijaremos tus objetivos, te proporcionaremos el tipo de rutinas para completar satisfactoriamente con tus metas y adem\u00e1s recibir\u00e1s una gu\u00eda sobre qu\u00e9 clases grupales se adaptan mejor a ti.<\/p>\n<p><strong>Paso 4: Inicia tu entrenamiento<\/strong><\/p>\n<p>\u00a1Ahora s\u00ed! a darle duro al ejercicio, controlado obviamente por nuestros entrenadores profesionales, completa las rutinas que recibiste y divi\u00e9rtete ejercit\u00e1ndote en las clases grupales pensadas para tu desarrollo.<\/p>\n<p><strong>Paso 5: Mide tus avances<\/strong><\/p>\n<p>Al final de cada mes, busca a un entrenador para que pueda evaluarte, si la respuesta es satisfactoria, avanzar\u00e1s en nuestros programas de entrenamiento.<\/p>\n<p>Te recomendamos participar en nuestros eventos del mes, competir con otros usuarios para exigirte m\u00e1s y as\u00ed cumplir con tus avances.<\/p>\n<p>As\u00ed es como se vive y se disfruta a diario la experiencia Sportium, no te quedes leyendo esta nota (bueno, si la le\u00edste toda gracias) y mejor l\u00e1nzate al Sportium de tu elecci\u00f3n e inicia con nosotros el programa de entrenamiento que se adec\u00fae a tus necesidades.<\/p>\n<p>Somos Sportium.<\/p>\n<p>&nbsp;<\/p>\n<p>&nbsp;<\/p>\n","protected":false},"excerpt":{"rendered":"<p>Si quieres hacer bien las cosas y llevar un perfecto control de tus avances con las rutinas impartidas por nuestros profesionales de fitness, sigue este paso a paso, donde te explicaremos de principio a fin lo que significa vivir la experiencia Sportium. Al ingresar a un club deportivo, siempre nos toparemos con dos clases de<a class=\"moretag\" href=\"https:\/\/www.sportium.com.mx\/blog\/how-to-sportium\/\"><span class=\"screen-reader-text\">Leer m\u00e1s sobre How to Sportium<\/span>[&#8230;]<\/a><\/p>\n","protected":false},"author":11,"featured_media":0,"parent":0,"menu_order":0,"comment_status":"closed","ping_status":"closed","template":"","meta":{"om_disable_all_campaigns":false,"_monsterinsights_skip_tracking":false,"_monsterinsights_sitenote_active":false,"_monsterinsights_sitenote_note":"","_monsterinsights_sitenote_category":0,"jetpack_post_was_ever_published":false,"footnotes":""},"aioseo_notices":[],"jetpack_sharing_enabled":true,"jetpack_shortlink":"https:\/\/wp.me\/P44S03-PG","jetpack-related-posts":[],"_links":{"self":[{"href":"https:\/\/www.sportium.com.mx\/blog\/wp-json\/wp\/v2\/pages\/3204"}],"collection":[{"href":"https:\/\/www.sportium.com.mx\/blog\/wp-json\/wp\/v2\/pages"}],"about":[{"href":"https:\/\/www.sportium.com.mx\/blog\/wp-json\/wp\/v2\/types\/page"}],"author":[{"embeddable":true,"href":"https:\/\/www.sportium.com.mx\/blog\/wp-json\/wp\/v2\/users\/11"}],"replies":[{"embeddable":true,"href":"https:\/\/www.sportium.com.mx\/blog\/wp-json\/wp\/v2\/comments?post=3204"}],"version-history":[{"count":1,"href":"https:\/\/www.sportium.com.mx\/blog\/wp-json\/wp\/v2\/pages\/3204\/revisions"}],"predecessor-version":[{"id":3205,"href":"https:\/\/www.sportium.com.mx\/blog\/wp-json\/wp\/v2\/pages\/3204\/revisions\/3205"}],"wp:attachment":[{"href":"https:\/\/www.sportium.com.mx\/blog\/wp-json\/wp\/v2\/media?parent=3204"}],"curies":[{"name":"wp","href":"https:\/\/api.w.org\/{rel}","templated":true}]}}