{"id":3207,"date":"2017-07-11T17:31:12","date_gmt":"2017-07-11T17:31:12","guid":{"rendered":"https:\/\/www.sportium.com.mx\/blog\/?page_id=3207"},"modified":"2017-07-11T17:31:12","modified_gmt":"2017-07-11T17:31:12","slug":"conociendo-las-albercas-sportium","status":"publish","type":"page","link":"https:\/\/www.sportium.com.mx\/blog\/conociendo-las-albercas-sportium\/","title":{"rendered":"Conociendo las albercas de Sportium"},"content":{"rendered":"<p>En Sportium, nos preocupamos por la salud y el bienestar de nuestros usuarios a la hora de utilizar nuestras instalaciones deportivas.<\/p>\n<p>Es por eso que \u00a0a continuaci\u00f3n estaremos mostrando c\u00f3mo se compone el proceso de limpieza de nuestras albercas. Lo anterior para ofrecer un\u00a0mejor servicio a nuestros usuarios y as\u00ed sepan de primera mano los diferentes tratamientos que le damos a nuestras piscinas, todo lo anterior con el fin de ofrecerles un servicio de calidad.<\/p>\n<p><strong>Dimensiones de nuestras albercas<\/strong><\/p>\n<ul>\n<li>Dimensiones de la alberca: 25m de largo x 8m de ancho (*medidas de la alberca Sportium San \u00c1ngel)<\/li>\n<li>Profundidad: 1.2 metros<\/li>\n<li>Temperatura: 29-30 grados, ya que estamos catalogados como una alberca recreativa.<\/li>\n<\/ul>\n<p><strong>Diferencias entre las albercas deportivas y recreativas:<\/strong><\/p>\n<p>Recreativa: la temperatura oscila entre los 29-30 grados. Ideal para hacer ejercicio, refrescarse y llevar a cabo cualquier actividad acu\u00e1tica.<\/p>\n<p>Deportiva: la temperatura oscila entre los 24 y 25 grados. Ideal para deportistas de alto rendimiento que adem\u00e1s de ejercitarse, se preparan para participar en competencias.<\/p>\n<p>A mayor temperatura en la alberca, el cuerpo tiende a cansarse m\u00e1s r\u00e1pido, mientras que a una temperatura baja, el cuerpo se cansar\u00eda menos y rendir\u00eda m\u00e1s.<\/p>\n<p>En las albercas de nuestros nueve clubes Sportium llevamos un\u00a0riguroso proceso de limpieza que implementamos a diario, para cumplir con las normas de sanidad y calidad que nos piden diferentes normas regulatorias, entre las que destacan la NOM 245, la cual precisa los requisitos sanitarios y de calidad que deben cumplir el agua de las piscinas.<\/p>\n<p>El proceso de limpieza en las albercas de Sportium se divide en dos procesos: Filtraci\u00f3n y Desinfecci\u00f3n.<\/p>\n<p>Filtraci\u00f3n: como su nombre lo indica, filtra toda el agua de la piscina, en los clubes de San \u00c1ngel y Desierto de los Leones se utilizan dos tipos de filtros: arena y cartucho. Mientras que en los dem\u00e1s s\u00f3lo se utiliza el filtro de arena.<\/p>\n<p>Filtro de arena: estos filtros eliminan hasta diez micras de part\u00edculas.<\/p>\n<p>Micra: unidad de medida en el sistema m\u00e9trico, tambi\u00e9n conocida como micr\u00f3n. La micra es extremadamente peque\u00f1a, que no se puede apreciar a simple vista. Es equivalente a 1 millon\u00e9sima parte de un metro. 1um=0.000 001m=10<sup>-6<\/sup>m<\/p>\n<p>Cartucho: elimina las part\u00edculas de hasta 2 micras, todo esto para lograr una perfecta filtraci\u00f3n del agua y hacerla m\u00e1s cristalina.<\/p>\n<p>El agua de las piscinas de todos los clubes de Sportium, cuentan con agentes que fungen como desnatadores, los cuales no son un peligro para los usuarios, sino todo lo contrario atrapan y encapsulan la nata o suciedad que se forma en la superficie.<\/p>\n<p>Esta nata se forma por el sudor, uso de cremas entre otras cosas que los usuarios traen a la hora de ingresar a la piscina. La nata se coagula por estos agentes y los filtros se encargan de limpiar el agua, qued\u00e1ndose con la suciedad de la piscina.<\/p>\n<p>El 70% de la suciedad de la piscina se encuentra sobre la superficie.<\/p>\n<p>Desinfecci\u00f3n: en este proceso eliminamos bacterias y enfermedades utilizando tanto cloro como bromo.<\/p>\n<p>En Sportium garantizamos que cualquier bacteria es erradicada del agua, ya que elevamos el bromo con un Shock del mismo, con una medida de 8 a 10 partes por mill\u00f3n.<\/p>\n<p>Estos procesos no afectan para nada la salud de los usuarios.<\/p>\n<p>El agua de la piscina circula hasta 4 veces durante todo el d\u00eda, lo cual quiere decir que 4 veces pasar\u00e1 por el sistema de filtraci\u00f3n:<\/p>\n<ul>\n<li><strong>1ra vuelta: garantizamos el 70-80% de agua que ya entr\u00f3 a los filtros<\/strong><\/li>\n<li><strong>2da vuelta: se eleva a un 85-90% de agua que entr\u00f3 a los filtros<\/strong><\/li>\n<li><strong>3ra vuelta: 93-95%<\/strong><\/li>\n<li><strong>4ta vuelta: 99% ya pas\u00f3 toda el agua por los filtros<\/strong><\/li>\n<\/ul>\n<p><strong>Limpieza de filtros<\/strong><\/p>\n<p>Los filtros se limpian retrolav\u00e1ndose, cada vez que el filtro as\u00ed lo requiera.<\/p>\n<p>Las part\u00edculas de suciedad ingresan a los filtros de arena (10 metros de arena) por ah\u00ed pasa el agua, y las part\u00edculas restantes que pudieron atravesar ese filtro son eliminadas con los filtros de cartucho.<\/p>\n<p>En Sportium contamos con altos est\u00e1ndares de calidad para ofrecerle a nuestros usuarios un servicio profesional, que cumpla con sus expectativas, para que siempre que acudan a nuestras instalaciones, nos vean como su segunda casa.<\/p>\n<p>Dentro de esos modelos de calidad con los que contamos, tenemos una conjunto de normas, con la que trabajamos de la mano a diario en el cuidado y tratamiento del agua en nuestras piscinas, nos referimos a la <strong>NOM 245<\/strong> y\u00a0<strong>ECO 207<\/strong>.<\/p>\n<p>\u00bfQu\u00e9 es la <strong>NOM 245<\/strong>?<\/p>\n<p>Por sus siglas en espa\u00f1ol significa: Norma Oficial Mexicana, emitida por la Cofepris (Comisi\u00f3n Federal para la Protecci\u00f3n contra Riesgos Sanitarios) un organismo de la Secretaria de Salud emitida desde el 23\/08\/12. Esta norma precisa los requisitos sanitarios y de calidad que debe cumplir el agua en las piscinas. Tambi\u00e9n determina y verifica que en las albercas techadas no se utilice el \u00c1cido Isocian\u00farico (que funciona como estabilizador).<\/p>\n<p><strong>Principales requerimientos para cumplir con la NOM245<\/strong><\/p>\n<ul>\n<li>Manejo de procedimientos de operaci\u00f3n limpieza y mantenimiento<\/li>\n<li>Reglamento de medidas de seguridad y protecci\u00f3n de la salud de los usuarios<\/li>\n<li>Circulaci\u00f3n durante la operaci\u00f3n y filtraci\u00f3n<\/li>\n<li>Renovaci\u00f3n diaria del 5% del agua<\/li>\n<li>Prohibici\u00f3n de ingreso a mascotas<\/li>\n<li>Servicios sanitarios y regaderas<\/li>\n<li>Cuidado de instalaciones<\/li>\n<li>Insumos sanitarios<\/li>\n<\/ul>\n<p>&nbsp;<\/p>\n<p><strong>Par\u00e1metros y Periodicidad de medici\u00f3n<\/strong><\/p>\n<p><strong>Cada 4 horas<\/strong><\/p>\n<ul>\n<li><strong>pH debe estar entre los 6.5 a los 8.5<\/strong><\/li>\n<li><strong>Cloro libre de 1 a 5ppm<\/strong><\/li>\n<li><strong>Bromo libre de 2 a 6 ppm<\/strong><\/li>\n<\/ul>\n<p><strong>Una vez al d\u00eda (a mitad del periodo)<\/strong><\/p>\n<ul>\n<li>La turbidez m\u00e1xima debe ser de 5 UTN<\/li>\n<\/ul>\n<p><strong>Semanal<\/strong><\/p>\n<ul>\n<li><strong>Cloraminas m\u00e1ximas de 0.5ppm<\/strong><\/li>\n<li><strong>Bromaninas m\u00e1ximas de 0.5ppm<\/strong><\/li>\n<li><strong>Estabilizador:<\/strong><\/li>\n<\/ul>\n<p>Al aire libre de m\u00e1ximo 100 ppm y\u00a0Techadas: 0ppm<\/p>\n<p><strong>Bimensual<\/strong><\/p>\n<ul>\n<li>Coliformes fecales mejor a 40<\/li>\n<li>Amebas de la vida libre Ausentes (30\u00ba C)<\/li>\n<\/ul>\n<p><strong>ECO 207<\/strong><\/p>\n<p>Por sus siglas en espa\u00f1ol significa: Est\u00e1ndar de Competencia para Operadores de Piscinas y SPA\u2019S Emitido por Conocer (Conocimiento, competitividad, crecimiento) un organismo de la SEP (Secretar\u00eda de Educaci\u00f3n P\u00fablica) se encarga de la capacitaci\u00f3n y profesionalizaci\u00f3n de la comunidad de Operadores de Piscinas y SPA\u2019S en M\u00e9xico. Para su certificaci\u00f3n y cobertura internacional se requiere un tiempo de tres a\u00f1os.<\/p>\n<p><strong>Avalado por siete secretar\u00edas de estado:<\/strong><\/p>\n<ul>\n<li><strong>Educaci\u00f3n<\/strong><\/li>\n<li><strong>Econom\u00eda<\/strong><\/li>\n<li><strong>Trabajo<\/strong><\/li>\n<li><strong>Turismo<\/strong><\/li>\n<li><strong>Hacienda<\/strong><\/li>\n<li><strong>Energ\u00eda y agricultura<\/strong><\/li>\n<li><strong>Ganader\u00eda y pesca.<\/strong><\/li>\n<li><strong>As\u00ed como la APP (Asociaci\u00f3n de Profesionales de la Piscina).<\/strong><\/li>\n<\/ul>\n<p><strong>Conocimientos que eval\u00faa:<\/strong><\/p>\n<ul>\n<li><strong>Desinfecci\u00f3n del cuerpo de agua<\/strong><\/li>\n<li><strong>Mantenimiento del balance del cuerpo de agua<\/strong><\/li>\n<li><strong>Manipulaci\u00f3n de qu\u00edmicos<\/strong><\/li>\n<li><strong>Mantenimiento de la circulaci\u00f3n y filtraci\u00f3n del cuerpo de agua<\/strong><\/li>\n<li><strong>Mantenimiento de la seguridad en las instalaciones acu\u00e1ticas<\/strong><\/li>\n<li><strong>Mantenimiento de la temperatura del cuerpo de agua y circulaci\u00f3n del aire<\/strong><\/li>\n<li><strong>Elaboraci\u00f3n de bit\u00e1coras<\/strong><\/li>\n<\/ul>\n<p>&nbsp;<\/p>\n<p>&nbsp;<\/p>\n","protected":false},"excerpt":{"rendered":"<p>En Sportium, nos preocupamos por la salud y el bienestar de nuestros usuarios a la hora de utilizar nuestras instalaciones deportivas. Es por eso que \u00a0a continuaci\u00f3n estaremos mostrando c\u00f3mo se compone el proceso de limpieza de nuestras albercas. Lo anterior para ofrecer un\u00a0mejor servicio a nuestros usuarios y as\u00ed sepan de primera mano los<a class=\"moretag\" href=\"https:\/\/www.sportium.com.mx\/blog\/conociendo-las-albercas-sportium\/\"><span class=\"screen-reader-text\">Leer m\u00e1s sobre Conociendo las albercas de Sportium<\/span>[&#8230;]<\/a><\/p>\n","protected":false},"author":11,"featured_media":0,"parent":0,"menu_order":0,"comment_status":"closed","ping_status":"closed","template":"","meta":{"om_disable_all_campaigns":false,"_monsterinsights_skip_tracking":false,"_monsterinsights_sitenote_active":false,"_monsterinsights_sitenote_note":"","_monsterinsights_sitenote_category":0,"jetpack_post_was_ever_published":false,"footnotes":""},"aioseo_notices":[],"jetpack_sharing_enabled":true,"jetpack_shortlink":"https:\/\/wp.me\/P44S03-PJ","jetpack-related-posts":[],"_links":{"self":[{"href":"https:\/\/www.sportium.com.mx\/blog\/wp-json\/wp\/v2\/pages\/3207"}],"collection":[{"href":"https:\/\/www.sportium.com.mx\/blog\/wp-json\/wp\/v2\/pages"}],"about":[{"href":"https:\/\/www.sportium.com.mx\/blog\/wp-json\/wp\/v2\/types\/page"}],"author":[{"embeddable":true,"href":"https:\/\/www.sportium.com.mx\/blog\/wp-json\/wp\/v2\/users\/11"}],"replies":[{"embeddable":true,"href":"https:\/\/www.sportium.com.mx\/blog\/wp-json\/wp\/v2\/comments?post=3207"}],"version-history":[{"count":1,"href":"https:\/\/www.sportium.com.mx\/blog\/wp-json\/wp\/v2\/pages\/3207\/revisions"}],"predecessor-version":[{"id":3208,"href":"https:\/\/www.sportium.com.mx\/blog\/wp-json\/wp\/v2\/pages\/3207\/revisions\/3208"}],"wp:attachment":[{"href":"https:\/\/www.sportium.com.mx\/blog\/wp-json\/wp\/v2\/media?parent=3207"}],"curies":[{"name":"wp","href":"https:\/\/api.w.org\/{rel}","templated":true}]}}