{"id":3229,"date":"2017-07-20T17:11:46","date_gmt":"2017-07-20T17:11:46","guid":{"rendered":"https:\/\/www.sportium.com.mx\/blog\/?page_id=3229"},"modified":"2017-07-20T17:11:46","modified_gmt":"2017-07-20T17:11:46","slug":"abierto-tenis-coyoacan","status":"publish","type":"page","link":"https:\/\/www.sportium.com.mx\/blog\/abierto-tenis-coyoacan\/","title":{"rendered":"Abierto de Tenis Coyoac\u00e1n"},"content":{"rendered":"<p>En Sportium sabemos que muchos de nuestros usuarios, son seguidores del deporte blanco y por eso los invitamos a que participen en el primer Abierto de Tenis Coyoac\u00e1n 2017.<\/p>\n<p>Demuestra tu volea, golpeo, rev\u00e9s, saque, drive, smash, slice y dale a tu rival una verdadera c\u00e1tedra de tenis empleando a la perfecci\u00f3n, las diferentes t\u00e9cnicas de juego para darle una c\u00e1tedra a tu rival y conquistar as\u00ed el campeonato en nuestra sede Coyoac\u00e1n.<\/p>\n<p>La cita ser\u00e1 este s\u00e1bado 2 de septiembre en el Club Sportium Coyoac\u00e1n.<\/p>\n<p>El torneo ser\u00e1 abierto tanto para usuarios como no usuarios y tendr\u00e1 un costo de $450.00 x tenista.<\/p>\n<p>El torneo estar\u00e1 dividido en las siguientes categor\u00edas: varonil \u00abb\u00bb y \u00abc\u00bb \/ singles y dobles \/ femenil \u00abC\u00bb singles.<\/p>\n<p>\u00a1No faltes!<\/p>\n","protected":false},"excerpt":{"rendered":"<p>En Sportium sabemos que muchos de nuestros usuarios, son seguidores del deporte blanco y por eso los invitamos a que participen en el primer Abierto de Tenis Coyoac\u00e1n 2017. Demuestra tu volea, golpeo, rev\u00e9s, saque, drive, smash, slice y dale a tu rival una verdadera c\u00e1tedra de tenis empleando a la perfecci\u00f3n, las diferentes t\u00e9cnicas<a class=\"moretag\" href=\"https:\/\/www.sportium.com.mx\/blog\/abierto-tenis-coyoacan\/\"><span class=\"screen-reader-text\">Leer m\u00e1s sobre Abierto de Tenis Coyoac\u00e1n<\/span>[&#8230;]<\/a><\/p>\n","protected":false},"author":11,"featured_media":0,"parent":0,"menu_order":0,"comment_status":"closed","ping_status":"closed","template":"","meta":{"om_disable_all_campaigns":false,"_monsterinsights_skip_tracking":false,"_monsterinsights_sitenote_active":false,"_monsterinsights_sitenote_note":"","_monsterinsights_sitenote_category":0,"jetpack_post_was_ever_published":false,"footnotes":""},"aioseo_notices":[],"jetpack_sharing_enabled":true,"jetpack_shortlink":"https:\/\/wp.me\/P44S03-Q5","jetpack-related-posts":[],"_links":{"self":[{"href":"https:\/\/www.sportium.com.mx\/blog\/wp-json\/wp\/v2\/pages\/3229"}],"collection":[{"href":"https:\/\/www.sportium.com.mx\/blog\/wp-json\/wp\/v2\/pages"}],"about":[{"href":"https:\/\/www.sportium.com.mx\/blog\/wp-json\/wp\/v2\/types\/page"}],"author":[{"embeddable":true,"href":"https:\/\/www.sportium.com.mx\/blog\/wp-json\/wp\/v2\/users\/11"}],"replies":[{"embeddable":true,"href":"https:\/\/www.sportium.com.mx\/blog\/wp-json\/wp\/v2\/comments?post=3229"}],"version-history":[{"count":1,"href":"https:\/\/www.sportium.com.mx\/blog\/wp-json\/wp\/v2\/pages\/3229\/revisions"}],"predecessor-version":[{"id":3230,"href":"https:\/\/www.sportium.com.mx\/blog\/wp-json\/wp\/v2\/pages\/3229\/revisions\/3230"}],"wp:attachment":[{"href":"https:\/\/www.sportium.com.mx\/blog\/wp-json\/wp\/v2\/media?parent=3229"}],"curies":[{"name":"wp","href":"https:\/\/api.w.org\/{rel}","templated":true}]}}