{"id":3382,"date":"2017-10-10T15:01:28","date_gmt":"2017-10-10T15:01:28","guid":{"rendered":"https:\/\/www.sportium.com.mx\/blog\/?page_id=3382"},"modified":"2024-07-02T13:11:48","modified_gmt":"2024-07-02T19:11:48","slug":"fitness-test-sportium","status":"publish","type":"page","link":"https:\/\/www.sportium.com.mx\/blog\/servicios\/fitness-test-sportium\/","title":{"rendered":"Fit Test"},"content":{"rendered":"<p>Al \u00a0contar con tu membres\u00eda puedes solicitar la valoraci\u00f3n f\u00edsica (<span style=\"color: #ff6600;\"><strong>Fit Test<\/strong><\/span>), en el cual se te realizar\u00e1 una prueba f\u00edsica y un examen InBody en donde conoceremos tu estado f\u00edsico.<\/p>\n<p>Con esta prueba podemos saber tu peso, cantidad de grasa y m\u00fasculo para darte la mejor rutina que necesitas y as\u00ed llevar el seguimiento de tus avances. Te recomendamos dar seguimiento a esta prueba cada tres meses para que conozcas cuales han sido las mejoras que has logrado.<\/p>\n<p>Los beneficios de hacer tu prueba InBody son los siguientes:<\/p>\n<ol>\n<li>Medici\u00f3n de Impedancia de cada segmento incluyendo el tronco.<\/li>\n<li>Medici\u00f3n segmental directa por el uso de electrodos de 8 puntos t\u00e1ctiles.<\/li>\n<li>Multi-frecuencia que mide por separado el Agua Intracelular y el Agua Extracelular.<\/li>\n<li>Sin uso de estimaciones emp\u00edricas basadas en la resultados estad\u00edsticos: evaluaci\u00f3n de composici\u00f3n corporal actual.<\/li>\n<\/ol>\n<h6>*Las personas con desfibriladores implantados o marcapasos no deben ser medidos. Aunque la se\u00f1al el\u00e9ctrica utilizada es muy baja, esto puede afectar a su funciones.<br \/>\nLas mujeres durante el per\u00edodo de la menstruaci\u00f3n no obtendr\u00e1n resultados precisos, debido a cambios sutiles de agua en su cuerpo.<br \/>\nLas mujeres embarazadas pueden medirse para su estado nutricional, el balance h\u00eddrico, y las complicaciones. Sin embargo, debido a los cambios en el cuerpo de la madre, como cambios en el contenido de agua, algunos de los resultados no ser\u00e1n precisos. Adem\u00e1s, por las precauciones que deben tomar durante los tres primeros meses de embarazo, deber\u00edan consultar a sus m\u00e9dicos antes de la medici\u00f3n.<\/h6>\n<hr \/>\n","protected":false},"excerpt":{"rendered":"<p>Al \u00a0contar con tu membres\u00eda puedes solicitar la valoraci\u00f3n f\u00edsica (Fit Test), en el cual se te realizar\u00e1 una prueba f\u00edsica y un examen InBody en donde conoceremos tu estado f\u00edsico. Con esta prueba podemos saber tu peso, cantidad de grasa y m\u00fasculo para darte la mejor rutina que necesitas y as\u00ed llevar el seguimiento<a class=\"moretag\" href=\"https:\/\/www.sportium.com.mx\/blog\/servicios\/fitness-test-sportium\/\"><span class=\"screen-reader-text\">Leer m\u00e1s sobre Fit Test<\/span>[&#8230;]<\/a><\/p>\n","protected":false},"author":11,"featured_media":0,"parent":1945,"menu_order":0,"comment_status":"closed","ping_status":"closed","template":"","meta":{"om_disable_all_campaigns":false,"_monsterinsights_skip_tracking":false,"_monsterinsights_sitenote_active":false,"_monsterinsights_sitenote_note":"","_monsterinsights_sitenote_category":0,"jetpack_post_was_ever_published":false,"footnotes":""},"aioseo_notices":[],"jetpack_sharing_enabled":true,"jetpack_shortlink":"https:\/\/wp.me\/P44S03-Sy","jetpack-related-posts":[],"_links":{"self":[{"href":"https:\/\/www.sportium.com.mx\/blog\/wp-json\/wp\/v2\/pages\/3382"}],"collection":[{"href":"https:\/\/www.sportium.com.mx\/blog\/wp-json\/wp\/v2\/pages"}],"about":[{"href":"https:\/\/www.sportium.com.mx\/blog\/wp-json\/wp\/v2\/types\/page"}],"author":[{"embeddable":true,"href":"https:\/\/www.sportium.com.mx\/blog\/wp-json\/wp\/v2\/users\/11"}],"replies":[{"embeddable":true,"href":"https:\/\/www.sportium.com.mx\/blog\/wp-json\/wp\/v2\/comments?post=3382"}],"version-history":[{"count":7,"href":"https:\/\/www.sportium.com.mx\/blog\/wp-json\/wp\/v2\/pages\/3382\/revisions"}],"predecessor-version":[{"id":26451,"href":"https:\/\/www.sportium.com.mx\/blog\/wp-json\/wp\/v2\/pages\/3382\/revisions\/26451"}],"up":[{"embeddable":true,"href":"https:\/\/www.sportium.com.mx\/blog\/wp-json\/wp\/v2\/pages\/1945"}],"wp:attachment":[{"href":"https:\/\/www.sportium.com.mx\/blog\/wp-json\/wp\/v2\/media?parent=3382"}],"curies":[{"name":"wp","href":"https:\/\/api.w.org\/{rel}","templated":true}]}}