{"id":3384,"date":"2017-10-10T15:05:50","date_gmt":"2017-10-10T15:05:50","guid":{"rendered":"https:\/\/www.sportium.com.mx\/blog\/?page_id=3384"},"modified":"2024-07-02T16:48:01","modified_gmt":"2024-07-02T22:48:01","slug":"alberca","status":"publish","type":"page","link":"https:\/\/www.sportium.com.mx\/blog\/servicios\/alberca\/","title":{"rendered":"Alberca"},"content":{"rendered":"<h3><strong>\u00a1Conoce nuestras albercas!<\/strong><\/h3>\n<p>En nuestros <span style=\"color: #ff6600;\"><strong>once clubes<\/strong><\/span> contamos con <a href=\"https:\/\/www.sportium.com.mx\/clase\/natacion\">alberca<\/a>, no necesariamente tienes que asistir a clases para poder hacer uso de ellas.<\/p>\n<p>Te invitamos a que vengas a nadar, entrenar o simplemente a relajarte. Contamos con\u00a0los cuatro estilos b\u00e1sicos: crol, dorso, pecho y mariposa.<\/p>\n<p>Adem\u00e1s tambi\u00e9n contamos con nuestro programa acu\u00e1tico Swimming Academy, en donde pueden participar peques a partir de 3 a 14 a\u00f1os.<\/p>\n<p>Te recomendamos que sigas el reglamento que es: <span style=\"color: #ff6600;\"><strong>uso de traje de ba\u00f1o para nataci\u00f3n, gorra, goggles, toalla y sandalias<\/strong>,<\/span> para evitar accidentes.<\/p>\n<hr \/>\n<p class=\"jetpack-slideshow-noscript robots-nocontent\">El pase de diapositivas requiere JavaScript.<\/p><div id=\"gallery-3384-1-slideshow\" class=\"jetpack-slideshow-window jetpack-slideshow jetpack-slideshow-black\" data-trans=\"fade\" data-autostart=\"1\" data-gallery=\"[{&quot;src&quot;:&quot;https:\\\/\\\/i0.wp.com\\\/www.sportium.com.mx\\\/blog\\\/wp-content\\\/uploads\\\/IMAGENES-PARA-BLOG2.jpg?fit=800%2C533\\u0026ssl=1&quot;,&quot;id&quot;:&quot;16820&quot;,&quot;title&quot;:&quot;IMAGENES PARA BLOG2&quot;,&quot;alt&quot;:&quot;&quot;,&quot;caption&quot;:&quot;&quot;,&quot;itemprop&quot;:&quot;image&quot;},{&quot;src&quot;:&quot;https:\\\/\\\/i0.wp.com\\\/www.sportium.com.mx\\\/blog\\\/wp-content\\\/uploads\\\/ARBOLEDAS-19-1.jpg?fit=800%2C533\\u0026ssl=1&quot;,&quot;id&quot;:&quot;16572&quot;,&quot;title&quot;:&quot;ARBOLEDAS-19&quot;,&quot;alt&quot;:&quot;&quot;,&quot;caption&quot;:&quot;&quot;,&quot;itemprop&quot;:&quot;image&quot;},{&quot;src&quot;:&quot;https:\\\/\\\/i0.wp.com\\\/www.sportium.com.mx\\\/blog\\\/wp-content\\\/uploads\\\/COYOACAN-21-1.jpg?fit=800%2C533\\u0026ssl=1&quot;,&quot;id&quot;:&quot;16574&quot;,&quot;title&quot;:&quot;COYOACAN-21&quot;,&quot;alt&quot;:&quot;&quot;,&quot;caption&quot;:&quot;&quot;,&quot;itemprop&quot;:&quot;image&quot;},{&quot;src&quot;:&quot;https:\\\/\\\/i0.wp.com\\\/www.sportium.com.mx\\\/blog\\\/wp-content\\\/uploads\\\/DEL-VALLE-23-1.jpg?fit=800%2C533\\u0026ssl=1&quot;,&quot;id&quot;:&quot;16575&quot;,&quot;title&quot;:&quot;DEL-VALLE-23&quot;,&quot;alt&quot;:&quot;&quot;,&quot;caption&quot;:&quot;&quot;,&quot;itemprop&quot;:&quot;image&quot;},{&quot;src&quot;:&quot;https:\\\/\\\/i0.wp.com\\\/www.sportium.com.mx\\\/blog\\\/wp-content\\\/uploads\\\/DESIERTO-10-1-1.jpg?fit=800%2C533\\u0026ssl=1&quot;,&quot;id&quot;:&quot;16576&quot;,&quot;title&quot;:&quot;DESIERTO-10-1&quot;,&quot;alt&quot;:&quot;&quot;,&quot;caption&quot;:&quot;&quot;,&quot;itemprop&quot;:&quot;image&quot;},{&quot;src&quot;:&quot;https:\\\/\\\/i0.wp.com\\\/www.sportium.com.mx\\\/blog\\\/wp-content\\\/uploads\\\/IZCALLI-11-1.jpg?fit=800%2C517\\u0026ssl=1&quot;,&quot;id&quot;:&quot;16822&quot;,&quot;title&quot;:&quot;IZCALLI-11&quot;,&quot;alt&quot;:&quot;&quot;,&quot;caption&quot;:&quot;&quot;,&quot;itemprop&quot;:&quot;image&quot;}]\" itemscope itemtype=\"https:\/\/schema.org\/ImageGallery\"><\/div>\n<hr \/>\n<div class='_form_19'><\/div><script type='text\/javascript' src='https:\/\/sportium.activehosted.com\/f\/embed.php?static=0&id=19&69F60195F345B&nostyles=0&preview=0'><\/script>\n<hr \/>\n<p>Aqu\u00ed les dejamos las preguntas frecuentes sobre el uso de la alberca:<\/p>\n<div class=\"llorix-one-lite-video-container\">\n<blockquote class=\"wp-embedded-content\" data-secret=\"WHrUzQYSmy\"><p><a href=\"https:\/\/www.sportium.com.mx\/blog\/preguntas-frecuentes\/proceso-limpieza-la-alberca\/\">\u00bfCu\u00e1l es el proceso de limpieza de la alberca?<\/a><\/p><\/blockquote>\n<p><iframe class=\"wp-embedded-content\" sandbox=\"allow-scripts\" security=\"restricted\" style=\"position: absolute; clip: rect(1px, 1px, 1px, 1px);\" title=\"\u00ab\u00bfCu\u00e1l es el proceso de limpieza de la alberca?\u00bb \u2014 Sportium\" src=\"https:\/\/www.sportium.com.mx\/blog\/preguntas-frecuentes\/proceso-limpieza-la-alberca\/embed\/#?secret=fCC4URzBQY#?secret=WHrUzQYSmy\" data-secret=\"WHrUzQYSmy\" width=\"600\" height=\"338\" frameborder=\"0\" marginwidth=\"0\" marginheight=\"0\" scrolling=\"no\"><\/iframe><\/div>\n<div class=\"llorix-one-lite-video-container\">\n<blockquote class=\"wp-embedded-content\" data-secret=\"3prBFedlAq\"><p><a href=\"https:\/\/www.sportium.com.mx\/blog\/preguntas-frecuentes\/certificados-cuentan-club\/\">\u00bfCon qu\u00e9 certificados cuentan c\u00f3mo club?<\/a><\/p><\/blockquote>\n<p><iframe class=\"wp-embedded-content\" sandbox=\"allow-scripts\" security=\"restricted\" style=\"position: absolute; clip: rect(1px, 1px, 1px, 1px);\" title=\"\u00ab\u00bfCon qu\u00e9 certificados cuentan c\u00f3mo club?\u00bb \u2014 Sportium\" src=\"https:\/\/www.sportium.com.mx\/blog\/preguntas-frecuentes\/certificados-cuentan-club\/embed\/#?secret=9m515yWNSQ#?secret=3prBFedlAq\" data-secret=\"3prBFedlAq\" width=\"600\" height=\"338\" frameborder=\"0\" marginwidth=\"0\" marginheight=\"0\" scrolling=\"no\"><\/iframe><\/div>\n<div class=\"llorix-one-lite-video-container\">\n<blockquote class=\"wp-embedded-content\" data-secret=\"10W55QTBiD\"><p><a href=\"https:\/\/www.sportium.com.mx\/blog\/preguntas-frecuentes\/cuales-las-medidas-la-alberca\/\">\u00bfCuales son las medidas de la alberca?<\/a><\/p><\/blockquote>\n<p><iframe class=\"wp-embedded-content\" sandbox=\"allow-scripts\" security=\"restricted\" style=\"position: absolute; clip: rect(1px, 1px, 1px, 1px);\" title=\"\u00ab\u00bfCuales son las medidas de la alberca?\u00bb \u2014 Sportium\" src=\"https:\/\/www.sportium.com.mx\/blog\/preguntas-frecuentes\/cuales-las-medidas-la-alberca\/embed\/#?secret=MOgGWvxMOR#?secret=10W55QTBiD\" data-secret=\"10W55QTBiD\" width=\"600\" height=\"338\" frameborder=\"0\" marginwidth=\"0\" marginheight=\"0\" scrolling=\"no\"><\/iframe><\/div>\n<div class=\"llorix-one-lite-video-container\">\n<blockquote class=\"wp-embedded-content\" data-secret=\"Q6TLlbAXV7\"><p><a href=\"https:\/\/www.sportium.com.mx\/blog\/preguntas-frecuentes\/cierran-la-alberca-regadera-la-hora-del-cierre\/\">\u00bfPor qu\u00e9 cierran la alberca y regadera antes de la hora del cierre?<\/a><\/p><\/blockquote>\n<p><iframe class=\"wp-embedded-content\" sandbox=\"allow-scripts\" security=\"restricted\" style=\"position: absolute; clip: rect(1px, 1px, 1px, 1px);\" title=\"\u00ab\u00bfPor qu\u00e9 cierran la alberca y regadera antes de la hora del cierre?\u00bb \u2014 Sportium\" src=\"https:\/\/www.sportium.com.mx\/blog\/preguntas-frecuentes\/cierran-la-alberca-regadera-la-hora-del-cierre\/embed\/#?secret=XMjtBtXhE9#?secret=Q6TLlbAXV7\" data-secret=\"Q6TLlbAXV7\" width=\"600\" height=\"338\" frameborder=\"0\" marginwidth=\"0\" marginheight=\"0\" scrolling=\"no\"><\/iframe><\/div>\n","protected":false},"excerpt":{"rendered":"<p>\u00a1Conoce nuestras albercas! En nuestros once clubes contamos con alberca, no necesariamente tienes que asistir a clases para poder hacer uso de ellas. Te invitamos a que vengas a nadar, entrenar o simplemente a relajarte. Contamos con\u00a0los cuatro estilos b\u00e1sicos: crol, dorso, pecho y mariposa. Adem\u00e1s tambi\u00e9n contamos con nuestro programa acu\u00e1tico Swimming Academy, en<a class=\"moretag\" href=\"https:\/\/www.sportium.com.mx\/blog\/servicios\/alberca\/\"><span class=\"screen-reader-text\">Leer m\u00e1s sobre Alberca<\/span>[&#8230;]<\/a><\/p>\n","protected":false},"author":11,"featured_media":0,"parent":1945,"menu_order":0,"comment_status":"closed","ping_status":"closed","template":"","meta":{"om_disable_all_campaigns":false,"_monsterinsights_skip_tracking":false,"_monsterinsights_sitenote_active":false,"_monsterinsights_sitenote_note":"","_monsterinsights_sitenote_category":0,"jetpack_post_was_ever_published":false,"footnotes":""},"aioseo_notices":[],"jetpack_sharing_enabled":true,"jetpack_shortlink":"https:\/\/wp.me\/P44S03-SA","jetpack-related-posts":[],"_links":{"self":[{"href":"https:\/\/www.sportium.com.mx\/blog\/wp-json\/wp\/v2\/pages\/3384"}],"collection":[{"href":"https:\/\/www.sportium.com.mx\/blog\/wp-json\/wp\/v2\/pages"}],"about":[{"href":"https:\/\/www.sportium.com.mx\/blog\/wp-json\/wp\/v2\/types\/page"}],"author":[{"embeddable":true,"href":"https:\/\/www.sportium.com.mx\/blog\/wp-json\/wp\/v2\/users\/11"}],"replies":[{"embeddable":true,"href":"https:\/\/www.sportium.com.mx\/blog\/wp-json\/wp\/v2\/comments?post=3384"}],"version-history":[{"count":11,"href":"https:\/\/www.sportium.com.mx\/blog\/wp-json\/wp\/v2\/pages\/3384\/revisions"}],"predecessor-version":[{"id":26471,"href":"https:\/\/www.sportium.com.mx\/blog\/wp-json\/wp\/v2\/pages\/3384\/revisions\/26471"}],"up":[{"embeddable":true,"href":"https:\/\/www.sportium.com.mx\/blog\/wp-json\/wp\/v2\/pages\/1945"}],"wp:attachment":[{"href":"https:\/\/www.sportium.com.mx\/blog\/wp-json\/wp\/v2\/media?parent=3384"}],"curies":[{"name":"wp","href":"https:\/\/api.w.org\/{rel}","templated":true}]}}