{"id":3390,"date":"2017-10-10T16:12:59","date_gmt":"2017-10-10T16:12:59","guid":{"rendered":"https:\/\/www.sportium.com.mx\/blog\/?page_id=3390"},"modified":"2024-07-03T10:04:05","modified_gmt":"2024-07-03T16:04:05","slug":"canchas","status":"publish","type":"page","link":"https:\/\/www.sportium.com.mx\/blog\/servicios\/canchas\/","title":{"rendered":"Canchas"},"content":{"rendered":"<p>En <a href=\"https:\/\/sportium.com.mx\/inicio\"><span style=\"color: #ff6600;\"><strong>Sportium<\/strong><\/span><\/a> contamos con varias canchas en nuestros clubes, como:<\/p>\n<ul>\n<li><span style=\"color: #ff6600;\"><strong>F\u00fatbol 7<\/strong><\/span>, disponibles en TODOS nuestros clubes.<\/li>\n<li><span style=\"color: #ff6600;\"><strong>Basquetbol<\/strong><\/span>, disponibles en Coapa, Cuautitl\u00e1n, Del Valle, Lindavista, San \u00c1ngel y Sat\u00e9lite.<\/li>\n<li><span style=\"color: #ff6600;\"><strong>P\u00e1del<\/strong><\/span>, disponibles en Arboledas, Lomas Verdes y San \u00c1ngel.<\/li>\n<li><span style=\"color: #ff6600;\"><strong>Tenis<\/strong><\/span>, disponibles \u00fanicamente en Coyoac\u00e1n.<\/li>\n<li><span style=\"color: #ff6600;\"><strong>Squash<\/strong><\/span>, disponibles en Arboledas, Cuautitl\u00e1n, Del Valle, Desierto y San \u00c1ngel.<\/li>\n<\/ul>\n<p>Para darle mayor uso a las canchas contamos con clases en cada una de estas disciplinas, adem\u00e1s se llevan a cabo ligas y torneos seg\u00fan el deporte espec\u00edfico.<\/p>\n<p>Puedes venir, armar tus equipos y participar en los diferentes torneos que a lo largo del a\u00f1o se realizan.<\/p>\n<hr \/>\n<div class=\"tiled-gallery type-rectangular tiled-gallery-unresized\" data-original-width=\"730\" data-carousel-extra='null' itemscope itemtype=\"http:\/\/schema.org\/ImageGallery\" > <div class=\"gallery-row\" style=\"width: 730px; height: 487px;\" data-original-width=\"730\" data-original-height=\"487\" > <div class=\"gallery-group images-1\" style=\"width: 487px; height: 487px;\" data-original-width=\"487\" data-original-height=\"487\" > <div class=\"tiled-gallery-item tiled-gallery-item-large\" itemprop=\"associatedMedia\" itemscope itemtype=\"http:\/\/schema.org\/ImageObject\"> <a href=\"https:\/\/www.sportium.com.mx\/blog\/servicios\/canchas\/275661206_5585972444752631_4741459708068764578_n\/\" border=\"0\" itemprop=\"url\"> <meta itemprop=\"width\" content=\"483\"> <meta itemprop=\"height\" content=\"483\"> <img decoding=\"async\" class=\"\" data-attachment-id=\"16636\" data-orig-file=\"https:\/\/www.sportium.com.mx\/blog\/wp-content\/uploads\/275661206_5585972444752631_4741459708068764578_n.jpg\" data-orig-size=\"1080,1080\" data-comments-opened=\"1\" data-image-meta=\"{&quot;aperture&quot;:&quot;0&quot;,&quot;credit&quot;:&quot;&quot;,&quot;camera&quot;:&quot;&quot;,&quot;caption&quot;:&quot;&quot;,&quot;created_timestamp&quot;:&quot;0&quot;,&quot;copyright&quot;:&quot;&quot;,&quot;focal_length&quot;:&quot;0&quot;,&quot;iso&quot;:&quot;0&quot;,&quot;shutter_speed&quot;:&quot;0&quot;,&quot;title&quot;:&quot;&quot;,&quot;orientation&quot;:&quot;0&quot;}\" data-image-title=\"275661206_5585972444752631_4741459708068764578_n\" data-image-description=\"\" data-medium-file=\"https:\/\/i0.wp.com\/www.sportium.com.mx\/blog\/wp-content\/uploads\/275661206_5585972444752631_4741459708068764578_n.jpg?fit=300%2C300&#038;ssl=1\" data-large-file=\"https:\/\/i0.wp.com\/www.sportium.com.mx\/blog\/wp-content\/uploads\/275661206_5585972444752631_4741459708068764578_n.jpg?fit=730%2C730&#038;ssl=1\" src=\"https:\/\/i0.wp.com\/www.sportium.com.mx\/blog\/wp-content\/uploads\/275661206_5585972444752631_4741459708068764578_n.jpg?w=483&#038;h=483&#038;crop=1&#038;ssl=1\" srcset=\"https:\/\/i0.wp.com\/www.sportium.com.mx\/blog\/wp-content\/uploads\/275661206_5585972444752631_4741459708068764578_n.jpg?w=1080&amp;ssl=1 1080w, https:\/\/i0.wp.com\/www.sportium.com.mx\/blog\/wp-content\/uploads\/275661206_5585972444752631_4741459708068764578_n.jpg?resize=300%2C300&amp;ssl=1 300w, https:\/\/i0.wp.com\/www.sportium.com.mx\/blog\/wp-content\/uploads\/275661206_5585972444752631_4741459708068764578_n.jpg?resize=1024%2C1024&amp;ssl=1 1024w, https:\/\/i0.wp.com\/www.sportium.com.mx\/blog\/wp-content\/uploads\/275661206_5585972444752631_4741459708068764578_n.jpg?resize=150%2C150&amp;ssl=1 150w, https:\/\/i0.wp.com\/www.sportium.com.mx\/blog\/wp-content\/uploads\/275661206_5585972444752631_4741459708068764578_n.jpg?resize=768%2C768&amp;ssl=1 768w\" width=\"483\" height=\"483\" loading=\"lazy\" data-original-width=\"483\" data-original-height=\"483\" itemprop=\"http:\/\/schema.org\/image\" title=\"275661206_5585972444752631_4741459708068764578_n\" alt=\"275661206_5585972444752631_4741459708068764578_n\" style=\"width: 483px; height: 483px;\" \/> <\/a> <\/div> <\/div> <!-- close group --> <div class=\"gallery-group images-2\" style=\"width: 243px; height: 487px;\" data-original-width=\"243\" data-original-height=\"487\" > <div class=\"tiled-gallery-item tiled-gallery-item-small\" itemprop=\"associatedMedia\" itemscope itemtype=\"http:\/\/schema.org\/ImageObject\"> <a href=\"https:\/\/www.sportium.com.mx\/blog\/servicios\/canchas\/275581087_5585972511419291_947174217790854475_n\/\" border=\"0\" itemprop=\"url\"> <meta itemprop=\"width\" content=\"239\"> <meta itemprop=\"height\" content=\"240\"> <img decoding=\"async\" class=\"\" data-attachment-id=\"16634\" data-orig-file=\"https:\/\/www.sportium.com.mx\/blog\/wp-content\/uploads\/275581087_5585972511419291_947174217790854475_n.jpg\" data-orig-size=\"1080,1081\" data-comments-opened=\"1\" data-image-meta=\"{&quot;aperture&quot;:&quot;0&quot;,&quot;credit&quot;:&quot;&quot;,&quot;camera&quot;:&quot;&quot;,&quot;caption&quot;:&quot;&quot;,&quot;created_timestamp&quot;:&quot;0&quot;,&quot;copyright&quot;:&quot;&quot;,&quot;focal_length&quot;:&quot;0&quot;,&quot;iso&quot;:&quot;0&quot;,&quot;shutter_speed&quot;:&quot;0&quot;,&quot;title&quot;:&quot;&quot;,&quot;orientation&quot;:&quot;0&quot;}\" data-image-title=\"275581087_5585972511419291_947174217790854475_n\" data-image-description=\"\" data-medium-file=\"https:\/\/i0.wp.com\/www.sportium.com.mx\/blog\/wp-content\/uploads\/275581087_5585972511419291_947174217790854475_n.jpg?fit=300%2C300&#038;ssl=1\" data-large-file=\"https:\/\/i0.wp.com\/www.sportium.com.mx\/blog\/wp-content\/uploads\/275581087_5585972511419291_947174217790854475_n.jpg?fit=730%2C730&#038;ssl=1\" src=\"https:\/\/i0.wp.com\/www.sportium.com.mx\/blog\/wp-content\/uploads\/275581087_5585972511419291_947174217790854475_n.jpg?w=239&#038;h=240&#038;ssl=1\" srcset=\"https:\/\/i0.wp.com\/www.sportium.com.mx\/blog\/wp-content\/uploads\/275581087_5585972511419291_947174217790854475_n.jpg?w=1080&amp;ssl=1 1080w, https:\/\/i0.wp.com\/www.sportium.com.mx\/blog\/wp-content\/uploads\/275581087_5585972511419291_947174217790854475_n.jpg?resize=300%2C300&amp;ssl=1 300w, https:\/\/i0.wp.com\/www.sportium.com.mx\/blog\/wp-content\/uploads\/275581087_5585972511419291_947174217790854475_n.jpg?resize=1024%2C1024&amp;ssl=1 1024w, https:\/\/i0.wp.com\/www.sportium.com.mx\/blog\/wp-content\/uploads\/275581087_5585972511419291_947174217790854475_n.jpg?resize=150%2C150&amp;ssl=1 150w, https:\/\/i0.wp.com\/www.sportium.com.mx\/blog\/wp-content\/uploads\/275581087_5585972511419291_947174217790854475_n.jpg?resize=768%2C769&amp;ssl=1 768w\" width=\"239\" height=\"240\" loading=\"lazy\" data-original-width=\"239\" data-original-height=\"240\" itemprop=\"http:\/\/schema.org\/image\" title=\"275581087_5585972511419291_947174217790854475_n\" alt=\"275581087_5585972511419291_947174217790854475_n\" style=\"width: 239px; height: 240px;\" \/> <\/a> <\/div> <div class=\"tiled-gallery-item tiled-gallery-item-small\" itemprop=\"associatedMedia\" itemscope itemtype=\"http:\/\/schema.org\/ImageObject\"> <a href=\"https:\/\/www.sportium.com.mx\/blog\/servicios\/canchas\/275460692_5585972471419295_6380938188190218413_n\/\" border=\"0\" itemprop=\"url\"> <meta itemprop=\"width\" content=\"239\"> <meta itemprop=\"height\" content=\"239\"> <img decoding=\"async\" class=\"\" data-attachment-id=\"16635\" data-orig-file=\"https:\/\/www.sportium.com.mx\/blog\/wp-content\/uploads\/275460692_5585972471419295_6380938188190218413_n.jpg\" data-orig-size=\"1080,1080\" data-comments-opened=\"1\" data-image-meta=\"{&quot;aperture&quot;:&quot;0&quot;,&quot;credit&quot;:&quot;&quot;,&quot;camera&quot;:&quot;&quot;,&quot;caption&quot;:&quot;&quot;,&quot;created_timestamp&quot;:&quot;0&quot;,&quot;copyright&quot;:&quot;&quot;,&quot;focal_length&quot;:&quot;0&quot;,&quot;iso&quot;:&quot;0&quot;,&quot;shutter_speed&quot;:&quot;0&quot;,&quot;title&quot;:&quot;&quot;,&quot;orientation&quot;:&quot;0&quot;}\" data-image-title=\"275460692_5585972471419295_6380938188190218413_n\" data-image-description=\"\" data-medium-file=\"https:\/\/i0.wp.com\/www.sportium.com.mx\/blog\/wp-content\/uploads\/275460692_5585972471419295_6380938188190218413_n.jpg?fit=300%2C300&#038;ssl=1\" data-large-file=\"https:\/\/i0.wp.com\/www.sportium.com.mx\/blog\/wp-content\/uploads\/275460692_5585972471419295_6380938188190218413_n.jpg?fit=730%2C730&#038;ssl=1\" src=\"https:\/\/i0.wp.com\/www.sportium.com.mx\/blog\/wp-content\/uploads\/275460692_5585972471419295_6380938188190218413_n.jpg?w=239&#038;h=239&#038;crop=1&#038;ssl=1\" srcset=\"https:\/\/i0.wp.com\/www.sportium.com.mx\/blog\/wp-content\/uploads\/275460692_5585972471419295_6380938188190218413_n.jpg?w=1080&amp;ssl=1 1080w, https:\/\/i0.wp.com\/www.sportium.com.mx\/blog\/wp-content\/uploads\/275460692_5585972471419295_6380938188190218413_n.jpg?resize=300%2C300&amp;ssl=1 300w, https:\/\/i0.wp.com\/www.sportium.com.mx\/blog\/wp-content\/uploads\/275460692_5585972471419295_6380938188190218413_n.jpg?resize=1024%2C1024&amp;ssl=1 1024w, https:\/\/i0.wp.com\/www.sportium.com.mx\/blog\/wp-content\/uploads\/275460692_5585972471419295_6380938188190218413_n.jpg?resize=150%2C150&amp;ssl=1 150w, https:\/\/i0.wp.com\/www.sportium.com.mx\/blog\/wp-content\/uploads\/275460692_5585972471419295_6380938188190218413_n.jpg?resize=768%2C768&amp;ssl=1 768w\" width=\"239\" height=\"239\" loading=\"lazy\" data-original-width=\"239\" data-original-height=\"239\" itemprop=\"http:\/\/schema.org\/image\" title=\"275460692_5585972471419295_6380938188190218413_n\" alt=\"275460692_5585972471419295_6380938188190218413_n\" style=\"width: 239px; height: 239px;\" \/> <\/a> <\/div> <\/div> <!-- close group --> <\/div> <!-- close row --> <div class=\"gallery-row\" style=\"width: 730px; height: 365px;\" data-original-width=\"730\" data-original-height=\"365\" > <div class=\"gallery-group images-1\" style=\"width: 365px; height: 365px;\" data-original-width=\"365\" data-original-height=\"365\" > <div class=\"tiled-gallery-item tiled-gallery-item-large\" itemprop=\"associatedMedia\" itemscope itemtype=\"http:\/\/schema.org\/ImageObject\"> <a href=\"https:\/\/www.sportium.com.mx\/blog\/servicios\/canchas\/275438357_5585972374752638_1457914645000304914_n\/\" border=\"0\" itemprop=\"url\"> <meta itemprop=\"width\" content=\"361\"> <meta itemprop=\"height\" content=\"361\"> <img decoding=\"async\" class=\"\" data-attachment-id=\"16631\" data-orig-file=\"https:\/\/www.sportium.com.mx\/blog\/wp-content\/uploads\/275438357_5585972374752638_1457914645000304914_n.jpg\" data-orig-size=\"1080,1081\" data-comments-opened=\"1\" data-image-meta=\"{&quot;aperture&quot;:&quot;0&quot;,&quot;credit&quot;:&quot;&quot;,&quot;camera&quot;:&quot;&quot;,&quot;caption&quot;:&quot;&quot;,&quot;created_timestamp&quot;:&quot;0&quot;,&quot;copyright&quot;:&quot;&quot;,&quot;focal_length&quot;:&quot;0&quot;,&quot;iso&quot;:&quot;0&quot;,&quot;shutter_speed&quot;:&quot;0&quot;,&quot;title&quot;:&quot;&quot;,&quot;orientation&quot;:&quot;0&quot;}\" data-image-title=\"275438357_5585972374752638_1457914645000304914_n\" data-image-description=\"\" data-medium-file=\"https:\/\/i0.wp.com\/www.sportium.com.mx\/blog\/wp-content\/uploads\/275438357_5585972374752638_1457914645000304914_n.jpg?fit=300%2C300&#038;ssl=1\" data-large-file=\"https:\/\/i0.wp.com\/www.sportium.com.mx\/blog\/wp-content\/uploads\/275438357_5585972374752638_1457914645000304914_n.jpg?fit=730%2C730&#038;ssl=1\" src=\"https:\/\/i0.wp.com\/www.sportium.com.mx\/blog\/wp-content\/uploads\/275438357_5585972374752638_1457914645000304914_n.jpg?w=361&#038;h=361&#038;crop=1&#038;ssl=1\" srcset=\"https:\/\/i0.wp.com\/www.sportium.com.mx\/blog\/wp-content\/uploads\/275438357_5585972374752638_1457914645000304914_n.jpg?w=1080&amp;ssl=1 1080w, https:\/\/i0.wp.com\/www.sportium.com.mx\/blog\/wp-content\/uploads\/275438357_5585972374752638_1457914645000304914_n.jpg?resize=300%2C300&amp;ssl=1 300w, https:\/\/i0.wp.com\/www.sportium.com.mx\/blog\/wp-content\/uploads\/275438357_5585972374752638_1457914645000304914_n.jpg?resize=1024%2C1024&amp;ssl=1 1024w, https:\/\/i0.wp.com\/www.sportium.com.mx\/blog\/wp-content\/uploads\/275438357_5585972374752638_1457914645000304914_n.jpg?resize=150%2C150&amp;ssl=1 150w, https:\/\/i0.wp.com\/www.sportium.com.mx\/blog\/wp-content\/uploads\/275438357_5585972374752638_1457914645000304914_n.jpg?resize=768%2C769&amp;ssl=1 768w\" width=\"361\" height=\"361\" loading=\"lazy\" data-original-width=\"361\" data-original-height=\"361\" itemprop=\"http:\/\/schema.org\/image\" title=\"275438357_5585972374752638_1457914645000304914_n\" alt=\"275438357_5585972374752638_1457914645000304914_n\" style=\"width: 361px; height: 361px;\" \/> <\/a> <\/div> <\/div> <!-- close group --> <div class=\"gallery-group images-1\" style=\"width: 365px; height: 365px;\" data-original-width=\"365\" data-original-height=\"365\" > <div class=\"tiled-gallery-item tiled-gallery-item-large\" itemprop=\"associatedMedia\" itemscope itemtype=\"http:\/\/schema.org\/ImageObject\"> <a href=\"https:\/\/www.sportium.com.mx\/blog\/servicios\/canchas\/275509502_5585972321419310_6426048992065466745_n\/\" border=\"0\" itemprop=\"url\"> <meta itemprop=\"width\" content=\"361\"> <meta itemprop=\"height\" content=\"361\"> <img decoding=\"async\" class=\"\" data-attachment-id=\"16632\" data-orig-file=\"https:\/\/www.sportium.com.mx\/blog\/wp-content\/uploads\/275509502_5585972321419310_6426048992065466745_n.jpg\" data-orig-size=\"1080,1081\" data-comments-opened=\"1\" data-image-meta=\"{&quot;aperture&quot;:&quot;0&quot;,&quot;credit&quot;:&quot;&quot;,&quot;camera&quot;:&quot;&quot;,&quot;caption&quot;:&quot;&quot;,&quot;created_timestamp&quot;:&quot;0&quot;,&quot;copyright&quot;:&quot;&quot;,&quot;focal_length&quot;:&quot;0&quot;,&quot;iso&quot;:&quot;0&quot;,&quot;shutter_speed&quot;:&quot;0&quot;,&quot;title&quot;:&quot;&quot;,&quot;orientation&quot;:&quot;0&quot;}\" data-image-title=\"275509502_5585972321419310_6426048992065466745_n\" data-image-description=\"\" data-medium-file=\"https:\/\/i0.wp.com\/www.sportium.com.mx\/blog\/wp-content\/uploads\/275509502_5585972321419310_6426048992065466745_n.jpg?fit=300%2C300&#038;ssl=1\" data-large-file=\"https:\/\/i0.wp.com\/www.sportium.com.mx\/blog\/wp-content\/uploads\/275509502_5585972321419310_6426048992065466745_n.jpg?fit=730%2C730&#038;ssl=1\" src=\"https:\/\/i0.wp.com\/www.sportium.com.mx\/blog\/wp-content\/uploads\/275509502_5585972321419310_6426048992065466745_n.jpg?w=361&#038;h=361&#038;crop=1&#038;ssl=1\" srcset=\"https:\/\/i0.wp.com\/www.sportium.com.mx\/blog\/wp-content\/uploads\/275509502_5585972321419310_6426048992065466745_n.jpg?w=1080&amp;ssl=1 1080w, https:\/\/i0.wp.com\/www.sportium.com.mx\/blog\/wp-content\/uploads\/275509502_5585972321419310_6426048992065466745_n.jpg?resize=300%2C300&amp;ssl=1 300w, https:\/\/i0.wp.com\/www.sportium.com.mx\/blog\/wp-content\/uploads\/275509502_5585972321419310_6426048992065466745_n.jpg?resize=1024%2C1024&amp;ssl=1 1024w, https:\/\/i0.wp.com\/www.sportium.com.mx\/blog\/wp-content\/uploads\/275509502_5585972321419310_6426048992065466745_n.jpg?resize=150%2C150&amp;ssl=1 150w, https:\/\/i0.wp.com\/www.sportium.com.mx\/blog\/wp-content\/uploads\/275509502_5585972321419310_6426048992065466745_n.jpg?resize=768%2C769&amp;ssl=1 768w\" width=\"361\" height=\"361\" loading=\"lazy\" data-original-width=\"361\" data-original-height=\"361\" itemprop=\"http:\/\/schema.org\/image\" title=\"275509502_5585972321419310_6426048992065466745_n\" alt=\"275509502_5585972321419310_6426048992065466745_n\" style=\"width: 361px; height: 361px;\" \/> <\/a> <\/div> <\/div> <!-- close group --> <\/div> <!-- close row --> <\/div>\n<p style=\"text-align: center;\">\n","protected":false},"excerpt":{"rendered":"<p>En Sportium contamos con varias canchas en nuestros clubes, como: F\u00fatbol 7, disponibles en TODOS nuestros clubes. Basquetbol, disponibles en Coapa, Cuautitl\u00e1n, Del Valle, Lindavista, San \u00c1ngel y Sat\u00e9lite. P\u00e1del, disponibles en Arboledas, Lomas Verdes y San \u00c1ngel. Tenis, disponibles \u00fanicamente en Coyoac\u00e1n. Squash, disponibles en Arboledas, Cuautitl\u00e1n, Del Valle, Desierto y San \u00c1ngel. Para<a class=\"moretag\" href=\"https:\/\/www.sportium.com.mx\/blog\/servicios\/canchas\/\"><span class=\"screen-reader-text\">Leer m\u00e1s sobre Canchas<\/span>[&#8230;]<\/a><\/p>\n","protected":false},"author":11,"featured_media":0,"parent":1945,"menu_order":0,"comment_status":"closed","ping_status":"closed","template":"","meta":{"om_disable_all_campaigns":false,"_monsterinsights_skip_tracking":false,"_monsterinsights_sitenote_active":false,"_monsterinsights_sitenote_note":"","_monsterinsights_sitenote_category":0,"jetpack_post_was_ever_published":false,"footnotes":""},"aioseo_notices":[],"jetpack_sharing_enabled":true,"jetpack_shortlink":"https:\/\/wp.me\/P44S03-SG","jetpack-related-posts":[],"_links":{"self":[{"href":"https:\/\/www.sportium.com.mx\/blog\/wp-json\/wp\/v2\/pages\/3390"}],"collection":[{"href":"https:\/\/www.sportium.com.mx\/blog\/wp-json\/wp\/v2\/pages"}],"about":[{"href":"https:\/\/www.sportium.com.mx\/blog\/wp-json\/wp\/v2\/types\/page"}],"author":[{"embeddable":true,"href":"https:\/\/www.sportium.com.mx\/blog\/wp-json\/wp\/v2\/users\/11"}],"replies":[{"embeddable":true,"href":"https:\/\/www.sportium.com.mx\/blog\/wp-json\/wp\/v2\/comments?post=3390"}],"version-history":[{"count":6,"href":"https:\/\/www.sportium.com.mx\/blog\/wp-json\/wp\/v2\/pages\/3390\/revisions"}],"predecessor-version":[{"id":26495,"href":"https:\/\/www.sportium.com.mx\/blog\/wp-json\/wp\/v2\/pages\/3390\/revisions\/26495"}],"up":[{"embeddable":true,"href":"https:\/\/www.sportium.com.mx\/blog\/wp-json\/wp\/v2\/pages\/1945"}],"wp:attachment":[{"href":"https:\/\/www.sportium.com.mx\/blog\/wp-json\/wp\/v2\/media?parent=3390"}],"curies":[{"name":"wp","href":"https:\/\/api.w.org\/{rel}","templated":true}]}}