{"id":4494,"date":"2018-04-27T20:42:12","date_gmt":"2018-04-28T01:42:12","guid":{"rendered":"https:\/\/www.sportium.com.mx\/blog\/?page_id=4494"},"modified":"2018-04-27T20:42:12","modified_gmt":"2018-04-28T01:42:12","slug":"mauricio-mendez","status":"publish","type":"page","link":"https:\/\/www.sportium.com.mx\/blog\/beneficios\/mauricio-mendez\/","title":{"rendered":"Mauricio M\u00e9ndez"},"content":{"rendered":"<p><span style=\"font-weight: 400;\">El campe\u00f3n del triatl\u00f3n Xterra en su edici\u00f3n 2016 y subcampe\u00f3n en el a\u00f1o 2017, Mauricio Mend\u00e9z, adem\u00e1s de estar en los primeros sitios de esta competencia, el triatleta ha sido ganador de Ironman 70.3 en cuatro ocasiones y es el representante panamericano de triatl\u00f3n de monta\u00f1a. <\/span><\/p>\n<p><span style=\"font-weight: 400;\">Mauricio descubri\u00f3 su pasi\u00f3n por los deportes a los diez a\u00f1os y estos lo han acompa\u00f1ado durante los \u00faltimos a\u00f1os, su familia ha sido un pilar fundamental para alcanzar las metas que se ha fijado, sin embargo, su padre fue quien lo acerc\u00f3 al triatl\u00f3n y poco a poco ha generado un estilo de vida fuera de lo com\u00fan. <\/span><\/p>\n<p><span style=\"font-weight: 400;\">Tras cuatro a\u00f1os como profesional Mau busca transmitir un mensaje positivo que llegue a la sociedad, tratando de generar un cambio en la cultura deportiva de los mexicanos. El so\u00f1ar en grande le ha permitido fijarse como meta ser un referente del triatl\u00f3n, pero a su vez es importante manejar tus emociones en el deporte, ya que el no despegar los pies de la tierra le ha permitido continuar en esta constante lucha por sus sue\u00f1os. El promover el deporte e impulsar a las pr\u00f3ximas generaciones a que practiquen m\u00e1s actividades deportivas se ha convertido en una de las l\u00edneas de trabajo que el triatleta se ha trazado. <\/span><\/p>\n<p><span style=\"font-weight: 400;\">Encuentra a Mauricio M\u00e9ndez en redes sociales como MauMendezmx<\/span><\/p>\n","protected":false},"excerpt":{"rendered":"<p>El campe\u00f3n del triatl\u00f3n Xterra en su edici\u00f3n 2016 y subcampe\u00f3n en el a\u00f1o 2017, Mauricio Mend\u00e9z, adem\u00e1s de estar en los primeros sitios de esta competencia, el triatleta ha sido ganador de Ironman 70.3 en cuatro ocasiones y es el representante panamericano de triatl\u00f3n de monta\u00f1a. Mauricio descubri\u00f3 su pasi\u00f3n por los deportes a<a class=\"moretag\" href=\"https:\/\/www.sportium.com.mx\/blog\/beneficios\/mauricio-mendez\/\"><span class=\"screen-reader-text\">Leer m\u00e1s sobre Mauricio M\u00e9ndez<\/span>[&#8230;]<\/a><\/p>\n","protected":false},"author":11,"featured_media":0,"parent":2326,"menu_order":0,"comment_status":"closed","ping_status":"closed","template":"","meta":{"om_disable_all_campaigns":false,"_monsterinsights_skip_tracking":false,"_monsterinsights_sitenote_active":false,"_monsterinsights_sitenote_note":"","_monsterinsights_sitenote_category":0,"jetpack_post_was_ever_published":false,"footnotes":""},"aioseo_notices":[],"jetpack_sharing_enabled":true,"jetpack_shortlink":"https:\/\/wp.me\/P44S03-1au","jetpack-related-posts":[],"_links":{"self":[{"href":"https:\/\/www.sportium.com.mx\/blog\/wp-json\/wp\/v2\/pages\/4494"}],"collection":[{"href":"https:\/\/www.sportium.com.mx\/blog\/wp-json\/wp\/v2\/pages"}],"about":[{"href":"https:\/\/www.sportium.com.mx\/blog\/wp-json\/wp\/v2\/types\/page"}],"author":[{"embeddable":true,"href":"https:\/\/www.sportium.com.mx\/blog\/wp-json\/wp\/v2\/users\/11"}],"replies":[{"embeddable":true,"href":"https:\/\/www.sportium.com.mx\/blog\/wp-json\/wp\/v2\/comments?post=4494"}],"version-history":[{"count":1,"href":"https:\/\/www.sportium.com.mx\/blog\/wp-json\/wp\/v2\/pages\/4494\/revisions"}],"predecessor-version":[{"id":4495,"href":"https:\/\/www.sportium.com.mx\/blog\/wp-json\/wp\/v2\/pages\/4494\/revisions\/4495"}],"up":[{"embeddable":true,"href":"https:\/\/www.sportium.com.mx\/blog\/wp-json\/wp\/v2\/pages\/2326"}],"wp:attachment":[{"href":"https:\/\/www.sportium.com.mx\/blog\/wp-json\/wp\/v2\/media?parent=4494"}],"curies":[{"name":"wp","href":"https:\/\/api.w.org\/{rel}","templated":true}]}}