{"id":4496,"date":"2018-04-27T20:42:37","date_gmt":"2018-04-28T01:42:37","guid":{"rendered":"https:\/\/www.sportium.com.mx\/blog\/?page_id=4496"},"modified":"2018-04-27T20:42:37","modified_gmt":"2018-04-28T01:42:37","slug":"frank-head-coach-endurance","status":"publish","type":"page","link":"https:\/\/www.sportium.com.mx\/blog\/beneficios\/frank-head-coach-endurance\/","title":{"rendered":"Frank Head Coach Endurance"},"content":{"rendered":"<p><span style=\"font-weight: 400;\">El amor y la pasi\u00f3n por los deportes son elementos que Frank transmite d\u00eda con d\u00eda a sus atletas, su filosof\u00eda del deporte se ha convertido en una particularidad dentro de sus entrenamientos y hoy busca llevar a sus deportistas al m\u00e1ximo nivel. El trabajo en equipo es una pieza fundamental de su metodolog\u00eda, ya que naturalmente promueve la motivaci\u00f3n, competencia y compa\u00f1erismo entre participantes.<\/span><\/p>\n<p><span style=\"font-weight: 400;\">Para Frank observar el progreso de sus atletas representa una gran motivaci\u00f3n; a su vez los tropiezos que ha tenido en la vida no significan un fracaso, al contrario estos han aportado un aprendizaje que le han permitido colocarse donde est\u00e1 hoy en d\u00eda. <\/span><\/p>\n<p><span style=\"font-weight: 400;\">A los 5 a\u00f1os tuvo su primer acercamiento con el deporte, pasaron los a\u00f1os y Frank dej\u00f3 el f\u00fatbol, para interesarse en los deportes de resistencia como son la carrera, el trail running, el ciclismo y el triatl\u00f3n. Su pasi\u00f3n por los deportes lo llev\u00f3 a fundar dos organizaciones, The Athlete Academy y Endurance Training M\u00e9xico, donde promueve el deporte desde diversos enfoques; busca que estas alcancen escalas internacionales que le permitan continuar transmitiendo su filosof\u00eda sobre el deporte. <\/span><\/p>\n<p><span style=\"font-weight: 400;\">El Head Coach de Endurance Training M\u00e9xico es un amante de la alimentaci\u00f3n a base de plantas, en la cual su comida favorita es una hamburguesa de lentejas, que sustituye el pan por unos deliciosos champi\u00f1ones portobello; el consumo de productos de origen animal lo dej\u00f3 hace unos a\u00f1os y est\u00e1 nutrici\u00f3n a base de hierbas le proporciona una gran energ\u00eda y contribuye al desarrollo muscular. <\/span><\/p>\n<p><span style=\"font-weight: 400;\">Encuentra a Frank en Facebook como Frank Endurance; a sus organizaciones como Endurance Training M\u00e9xico y The Athlete Academy d\u00f3nde encontrar\u00e1s informaci\u00f3n acerca de competencias, cl\u00ednicas y entrenamientos que impulsar\u00e1n tu desarrollo deportivo. \u00a0<\/span><\/p>\n","protected":false},"excerpt":{"rendered":"<p>El amor y la pasi\u00f3n por los deportes son elementos que Frank transmite d\u00eda con d\u00eda a sus atletas, su filosof\u00eda del deporte se ha convertido en una particularidad dentro de sus entrenamientos y hoy busca llevar a sus deportistas al m\u00e1ximo nivel. El trabajo en equipo es una pieza fundamental de su metodolog\u00eda, ya<a class=\"moretag\" href=\"https:\/\/www.sportium.com.mx\/blog\/beneficios\/frank-head-coach-endurance\/\"><span class=\"screen-reader-text\">Leer m\u00e1s sobre Frank Head Coach Endurance<\/span>[&#8230;]<\/a><\/p>\n","protected":false},"author":11,"featured_media":0,"parent":2326,"menu_order":0,"comment_status":"closed","ping_status":"closed","template":"","meta":{"om_disable_all_campaigns":false,"_monsterinsights_skip_tracking":false,"_monsterinsights_sitenote_active":false,"_monsterinsights_sitenote_note":"","_monsterinsights_sitenote_category":0,"jetpack_post_was_ever_published":false,"footnotes":""},"aioseo_notices":[],"jetpack_sharing_enabled":true,"jetpack_shortlink":"https:\/\/wp.me\/P44S03-1aw","jetpack-related-posts":[],"_links":{"self":[{"href":"https:\/\/www.sportium.com.mx\/blog\/wp-json\/wp\/v2\/pages\/4496"}],"collection":[{"href":"https:\/\/www.sportium.com.mx\/blog\/wp-json\/wp\/v2\/pages"}],"about":[{"href":"https:\/\/www.sportium.com.mx\/blog\/wp-json\/wp\/v2\/types\/page"}],"author":[{"embeddable":true,"href":"https:\/\/www.sportium.com.mx\/blog\/wp-json\/wp\/v2\/users\/11"}],"replies":[{"embeddable":true,"href":"https:\/\/www.sportium.com.mx\/blog\/wp-json\/wp\/v2\/comments?post=4496"}],"version-history":[{"count":1,"href":"https:\/\/www.sportium.com.mx\/blog\/wp-json\/wp\/v2\/pages\/4496\/revisions"}],"predecessor-version":[{"id":4497,"href":"https:\/\/www.sportium.com.mx\/blog\/wp-json\/wp\/v2\/pages\/4496\/revisions\/4497"}],"up":[{"embeddable":true,"href":"https:\/\/www.sportium.com.mx\/blog\/wp-json\/wp\/v2\/pages\/2326"}],"wp:attachment":[{"href":"https:\/\/www.sportium.com.mx\/blog\/wp-json\/wp\/v2\/media?parent=4496"}],"curies":[{"name":"wp","href":"https:\/\/api.w.org\/{rel}","templated":true}]}}