{"id":4502,"date":"2018-04-27T20:43:50","date_gmt":"2018-04-28T01:43:50","guid":{"rendered":"https:\/\/www.sportium.com.mx\/blog\/?page_id=4502"},"modified":"2018-04-27T20:43:59","modified_gmt":"2018-04-28T01:43:59","slug":"eduardo-alcantara","status":"publish","type":"page","link":"https:\/\/www.sportium.com.mx\/blog\/beneficios\/eduardo-alcantara\/","title":{"rendered":"Eduardo Alc\u00e1ntara"},"content":{"rendered":"<p><span style=\"font-weight: 400;\">Retomando la nataci\u00f3n en 2016 Eduardo Alc\u00e1ntara buscar\u00e1 ganarse un lugar para asistir a los Juegos Paral\u00edmpicos de 2020, su paso por los deportes ha sido muy amplio yendo desde el f\u00fatbol hasta la gimnasia ol\u00edmpica. En los \u00faltimos dos a\u00f1os ha dedicado sus entrenamientos a potencializar sus habilidades como nadador y participar\u00e1 en competencias regionales, nacionales y mundiales buscando un espacio para Tokio. <\/span><\/p>\n<p><span style=\"font-weight: 400;\">La disciplina y constancia son la llave de su d\u00eda a d\u00eda, sin embargo, no se olvida de los beneficios que el deporte trae para las personas f\u00edsica y psicol\u00f3gicamente. La nutrici\u00f3n es una parte muy importante de la preparaci\u00f3n de Eduardo, ya que depende mucho de la disciplina deportiva y del tipo de carga que vaya teniendo durante los periodos de entrenamiento. <\/span><\/p>\n<p><span style=\"font-weight: 400;\">Actualmente Eduardo dedica dos horas a la nataci\u00f3n, una al gimnasio y tambi\u00e9n acude a clases de Danza A\u00e9rea lo que complementa su preparaci\u00f3n de cara a los pr\u00f3ximos eventos de su disciplina. El atleta paral\u00edmpico busca promover y difundir el deporte como una herramienta social y como un elemento que contribuye a la higiene y salud de los individuos, el trabajo de la sociedad en esta materia debe tener mayor \u00e9nfasis.<\/span><\/p>\n<p><span style=\"font-weight: 400;\">Siguelo en Facebook, Twitter e Instagram como Lalo Alc\u00e1ntara <\/span><\/p>\n","protected":false},"excerpt":{"rendered":"<p>Retomando la nataci\u00f3n en 2016 Eduardo Alc\u00e1ntara buscar\u00e1 ganarse un lugar para asistir a los Juegos Paral\u00edmpicos de 2020, su paso por los deportes ha sido muy amplio yendo desde el f\u00fatbol hasta la gimnasia ol\u00edmpica. En los \u00faltimos dos a\u00f1os ha dedicado sus entrenamientos a potencializar sus habilidades como nadador y participar\u00e1 en competencias<a class=\"moretag\" href=\"https:\/\/www.sportium.com.mx\/blog\/beneficios\/eduardo-alcantara\/\"><span class=\"screen-reader-text\">Leer m\u00e1s sobre Eduardo Alc\u00e1ntara<\/span>[&#8230;]<\/a><\/p>\n","protected":false},"author":11,"featured_media":0,"parent":2326,"menu_order":0,"comment_status":"closed","ping_status":"closed","template":"","meta":{"om_disable_all_campaigns":false,"_monsterinsights_skip_tracking":false,"_monsterinsights_sitenote_active":false,"_monsterinsights_sitenote_note":"","_monsterinsights_sitenote_category":0,"jetpack_post_was_ever_published":false,"footnotes":""},"aioseo_notices":[],"jetpack_sharing_enabled":true,"jetpack_shortlink":"https:\/\/wp.me\/P44S03-1aC","jetpack-related-posts":[],"_links":{"self":[{"href":"https:\/\/www.sportium.com.mx\/blog\/wp-json\/wp\/v2\/pages\/4502"}],"collection":[{"href":"https:\/\/www.sportium.com.mx\/blog\/wp-json\/wp\/v2\/pages"}],"about":[{"href":"https:\/\/www.sportium.com.mx\/blog\/wp-json\/wp\/v2\/types\/page"}],"author":[{"embeddable":true,"href":"https:\/\/www.sportium.com.mx\/blog\/wp-json\/wp\/v2\/users\/11"}],"replies":[{"embeddable":true,"href":"https:\/\/www.sportium.com.mx\/blog\/wp-json\/wp\/v2\/comments?post=4502"}],"version-history":[{"count":1,"href":"https:\/\/www.sportium.com.mx\/blog\/wp-json\/wp\/v2\/pages\/4502\/revisions"}],"predecessor-version":[{"id":4503,"href":"https:\/\/www.sportium.com.mx\/blog\/wp-json\/wp\/v2\/pages\/4502\/revisions\/4503"}],"up":[{"embeddable":true,"href":"https:\/\/www.sportium.com.mx\/blog\/wp-json\/wp\/v2\/pages\/2326"}],"wp:attachment":[{"href":"https:\/\/www.sportium.com.mx\/blog\/wp-json\/wp\/v2\/media?parent=4502"}],"curies":[{"name":"wp","href":"https:\/\/api.w.org\/{rel}","templated":true}]}}